{"id":6858,"date":"2024-03-20T22:26:59","date_gmt":"2024-03-21T02:26:59","guid":{"rendered":"https:\/\/aaqc.eclipse-internet.ca\/?page_id=6858"},"modified":"2025-11-06T16:10:22","modified_gmt":"2025-11-06T21:10:22","slug":"donde-encontrar-las-publicaciones","status":"publish","type":"page","link":"https:\/\/aa-quebec.org\/es\/ou-trouver-les-publications\/","title":{"rendered":"D\u00f3nde encontrar las publicaciones"},"content":{"rendered":"<div class=\"section-wrapper\" data-id=\"QFriDp\"><section class=\"wp-block-gutenverse-section guten-element guten-section guten-QFriDp layout-boxed align-stretch\"><div class=\"guten-container guten-column-gap-default\">\n<div class=\"wp-block-gutenverse-column guten-element guten-column guten-jNxugN\"><div class=\"guten-column-wrapper\" data-id=\"jNxugN\"><div class=\"guten-background-overlay\"><\/div>\n<h5 class=\"wp-block-gutenverse-heading guten-element guten-rLR0s8\">Puedes obtener las publicaciones directamente de la mayor\u00eda de los grupos a los que asistas. Si lo necesitas, solicita ayuda al responsable de publicaciones del grupo o al moderador de la reuni\u00f3n. Tambi\u00e9n puedes obtenerlas o encontrar m\u00e1s informaci\u00f3n en los siguientes lugares:<\/h5>\n<\/div><\/div>\n<\/div><\/section><\/div>\n\n\n\n<div class=\"section-wrapper\" data-id=\"gqjynF\"><section class=\"wp-block-gutenverse-section guten-element guten-section guten-gqjynF layout-boxed align-stretch\"><div class=\"guten-container guten-column-gap-default\">\n<div class=\"wp-block-gutenverse-column guten-element guten-column guten-rPiGpz\"><div class=\"guten-column-wrapper\" data-id=\"rPiGpz\">\n<div class=\"wp-block-gutenverse-image guten-element guten-image guten-cBSiMR\"><div class=\"guten-image-wrapper\"><img decoding=\"async\" class=\"gutenverse-image-box-filled\" src=\"https:\/\/aa-quebec.org\/wp-content\/uploads\/2024\/06\/Logo-87_transparent.webp\" height=\"239\" width=\"277\"\/><\/div><\/div>\n<\/div><\/div>\n\n\n\n<div class=\"wp-block-gutenverse-column guten-element guten-column guten-SBnZd6\"><div class=\"guten-column-wrapper\" data-id=\"SBnZd6\">\n<h5 class=\"wp-block-gutenverse-heading guten-element guten-U6vypT\"><a href=\"https:\/\/www.publications-aa87.org\/\" target=\"_blank\" rel=\"noreferrer noopener\">Tienda online para la regi\u00f3n 87<\/a><\/h5>\n\n\n\n<h5 class=\"wp-block-gutenverse-heading guten-element guten-WuGIkh\">Oficina de Servicios Regionales<br>3920 Rachel Street Este<br>Montreal (Quebec) H1X 1Z3<br>Tel.: 514-374-3688\u00a0<em>Opci\u00f3n 1<\/em><br>F.: 514-374-2250<\/h5>\n<\/div><\/div>\n<\/div><\/section><\/div>\n\n\n\n<div class=\"section-wrapper\" data-id=\"zXmQlr\"><section class=\"wp-block-gutenverse-section guten-element guten-section guten-zXmQlr layout-boxed align-stretch\"><div class=\"guten-container guten-column-gap-default\">\n<div class=\"wp-block-gutenverse-column guten-element guten-column guten-MmOvAI\"><div class=\"guten-column-wrapper\" data-id=\"MmOvAI\">\n<div class=\"wp-block-gutenverse-image guten-element guten-image guten-E7O4R7\"><div class=\"guten-image-wrapper\"><img decoding=\"async\" class=\"gutenverse-image-box-filled\" src=\"https:\/\/aa-quebec.org\/wp-content\/uploads\/2025\/04\/logo88.webp\" height=\"274\" width=\"300\"\/><\/div><\/div>\n<\/div><\/div>\n\n\n\n<div class=\"wp-block-gutenverse-column guten-element guten-column guten-kTLLMK\"><div class=\"guten-column-wrapper\" data-id=\"kTLLMK\">\n<h5 class=\"wp-block-gutenverse-heading guten-element guten-gIzlJL\">Puedes obtener las publicaciones directamente de la mayor\u00eda de los grupos a los que asistas. Si lo necesitas, pide ayuda al responsable de publicaciones del grupo o al moderador de la reuni\u00f3n.<\/h5>\n<\/div><\/div>\n<\/div><\/section><\/div>\n\n\n\n<div class=\"section-wrapper\" data-id=\"OeEtsf\"><section class=\"wp-block-gutenverse-section guten-element guten-section guten-OeEtsf layout-boxed align-stretch\"><div class=\"guten-container guten-column-gap-default\">\n<div class=\"wp-block-gutenverse-column guten-element guten-column guten-Z18Ho8\"><div class=\"guten-column-wrapper\" data-id=\"Z18Ho8\">\n<div class=\"wp-block-gutenverse-image guten-element guten-image guten-x0TkkV\"><div class=\"guten-image-wrapper\"><img decoding=\"async\" class=\"gutenverse-image-box-filled\" src=\"https:\/\/aa-quebec.org\/wp-content\/uploads\/2024\/06\/region89-e1617886655655.webp\" height=\"136\" width=\"150\"\/><\/div><\/div>\n<\/div><\/div>\n\n\n\n<div class=\"wp-block-gutenverse-column guten-element guten-column guten-3QdIAi\"><div class=\"guten-column-wrapper\" data-id=\"3QdIAi\">\n<h5 class=\"wp-block-gutenverse-heading guten-element guten-PoPnq3\">Departamento de Publicaciones<br>905 rue Nemours, local 160 C<br>Ciudad de Quebec (Quebec) G1H 6Z5<br>Tel.: 418-529-2351<\/h5>\n\n\n\n<h5 class=\"wp-block-gutenverse-heading guten-element guten-N1WczQ\"><a href=\"mailto:publicationsbcsq@outlook.com\" target=\"_blank\" rel=\"noreferrer noopener\">Realice su pedido por correo electr\u00f3nico a BCSQ.<\/a><\/h5>\n<\/div><\/div>\n<\/div><\/section><\/div>\n\n\n\n<div class=\"section-wrapper\" data-id=\"JZlgjG\"><section class=\"wp-block-gutenverse-section guten-element guten-section guten-JZlgjG layout-boxed align-stretch\"><div class=\"guten-container guten-column-gap-default\">\n<div class=\"wp-block-gutenverse-column guten-element guten-column guten-YBjoCA\"><div class=\"guten-column-wrapper\" data-id=\"YBjoCA\">\n<div class=\"wp-block-gutenverse-image guten-element guten-image guten-huE8Dj\"><div class=\"guten-image-wrapper\"><img decoding=\"async\" class=\"gutenverse-image-box-filled\" src=\"https:\/\/aa-quebec.org\/wp-content\/uploads\/2025\/05\/logo-region90-scaled.png\" height=\"2528\" width=\"2560\"\/><\/div><\/div>\n<\/div><\/div>\n\n\n\n<div class=\"wp-block-gutenverse-column guten-element guten-column guten-YBFSPa\"><div class=\"guten-column-wrapper\" data-id=\"YBFSPa\">\n<div class=\"guten-element guten-accordions guten-YlQm54\">\n<div class=\"accordion-item guten-hbHyPN\"><div class=\"accordion-heading\"><div class=\"accordion-icon\"><span class=\"accordion-icon-open\"><i class=\"fas fa-minus\"><\/i><\/span><span class=\"accordion-icon-closed\"><i class=\"fas fa-plus\"><\/i><\/span><\/div><span class=\"accordion-text\"><strong>Distritos 90-02, 12, 13, 14, 15, 16, 17<\/strong><\/span><\/div><div class=\"accordion-body\"><div class=\"accordion-content\">\n<h6 class=\"wp-block-gutenverse-heading guten-element guten-9Aa6yz\">Oficina de BCLB \u2013 Central Laval y Suburbios<br><a href=\"http:\/\/maps.google.ca\/maps?f=q&amp;source=s_q&amp;hl=fr&amp;geocode=&amp;q=1876,+boul.+des+Laurentides,+Laval,+Qu%C3%A9bec+H7M+2P9&amp;sll=46.022161,-73.433954&amp;sspn=0.006884,0.006888&amp;ie=UTF8&amp;hq=&amp;hnear=1876+Boulevard+des+Laurentides,+Laval,+Qu%C3%A9bec+H7M+2S4&amp;z=17\" target=\"_blank\" rel=\"noreferrer noopener\">1876, bol. Des Laurentides, Laval (Qu\u00e9bec) H7M 2P9<\/a><br>La oficina de publicaciones de BCLB est\u00e1 abierta los mi\u00e9rcoles por la noche de 19:00 a 21:00 y el \u00faltimo s\u00e1bado de cada mes de 10:00 a 12:00.<\/h6>\n<\/div><\/div><\/div>\n\n\n\n<div class=\"accordion-item guten-tqHsch\"><div class=\"accordion-heading\"><div class=\"accordion-icon\"><span class=\"accordion-icon-open\"><i class=\"fas fa-minus\"><\/i><\/span><span class=\"accordion-icon-closed\"><i class=\"fas fa-plus\"><\/i><\/span><\/div><span class=\"accordion-text\">Distrito 90-03<\/span><\/div><div class=\"accordion-body\"><div class=\"accordion-content\">\n<h6 class=\"wp-block-gutenverse-heading guten-element guten-s8ZH9v\">Escuela Lajoie<br><a href=\"http:\/\/maps.google.ca\/maps?f=q&amp;source=s_q&amp;hl=fr&amp;geocode=&amp;q=375,+rue+St-+Thomas,+Joliette,+Qu%C3%A9bec&amp;aq=&amp;sll=46.022161,-73.433954&amp;sspn=0.005178,0.012327&amp;ie=UTF8&amp;hq=&amp;hnear=375+Rue+St+Thomas,+Joliette,+Qu%C3%A9bec+J6E+3P9&amp;z=16\" target=\"_blank\" rel=\"noreferrer noopener\">375 St-Thomas Street, Joliette (Qu\u00e9bec)<\/a><br>La oficina est\u00e1 abierta todos los mi\u00e9rcoles, de 18:00 a 19:00 horas.<\/h6>\n<\/div><\/div><\/div>\n\n\n\n<div class=\"accordion-item guten-tmNvqf\"><div class=\"accordion-heading\"><div class=\"accordion-icon\"><span class=\"accordion-icon-open\"><i class=\"fas fa-minus\"><\/i><\/span><span class=\"accordion-icon-closed\"><i class=\"fas fa-plus\"><\/i><\/span><\/div><span class=\"accordion-text\">Distrito 90-04<\/span><\/div><div class=\"accordion-body\"><div class=\"accordion-content\">\n<h6 class=\"wp-block-gutenverse-heading guten-element guten-9gezcV\"><a href=\"https:\/\/goo.gl\/maps\/1DsdLsH4hjQ2\" target=\"_blank\" rel=\"noreferrer noopener\">950 Rue de Saint-Jovite, Mont-Tremblant, QC J8E 3J8<\/a><br>La oficina est\u00e1 abierta cada 2<sup>mi<\/sup>&nbsp;Martes del mes<br>La distribuci\u00f3n se realiza de 18:00 a 19:30.<\/h6>\n<\/div><\/div><\/div>\n\n\n\n<div class=\"accordion-item guten-NHPmFQ\"><div class=\"accordion-heading\"><div class=\"accordion-icon\"><span class=\"accordion-icon-open\"><i class=\"fas fa-minus\"><\/i><\/span><span class=\"accordion-icon-closed\"><i class=\"fas fa-plus\"><\/i><\/span><\/div><span class=\"accordion-text\">Distrito 90-05<\/span><\/div><div class=\"accordion-body\"><div class=\"accordion-content\">\n<h6 class=\"wp-block-gutenverse-heading guten-element guten-qnJQVt\"><a href=\"http:\/\/maps.google.ca\/maps?f=q&amp;source=s_q&amp;hl=fr&amp;geocode=&amp;q=105,+rue+Sacr%C3%A9-C%C5%93ur,+Hull,+Qu%C3%A9bec+J8X+1C5&amp;sll=45.600616,-74.586277&amp;sspn=0.006936,0.006888&amp;ie=UTF8&amp;hq=&amp;hnear=105+Boulevard+Sacr%C3%A9+Coeur,+Hull,+Communaut%C3%A9-Urbaine-de-l%27Outaouais,+Qu%C3%A9bec+J8X+1C7&amp;z=17\" target=\"_blank\" rel=\"noreferrer noopener\">Calle Sacr\u00e9-C\u0153ur 115, Suite 105, Hull, Quebec J8X 1C5<\/a><br>Jueves, de 18:00 a 19:00 horas.<\/h6>\n<\/div><\/div><\/div>\n\n\n\n<div class=\"accordion-item guten-TA9nUx\"><div class=\"accordion-heading\"><div class=\"accordion-icon\"><span class=\"accordion-icon-open\"><i class=\"fas fa-minus\"><\/i><\/span><span class=\"accordion-icon-closed\"><i class=\"fas fa-plus\"><\/i><\/span><\/div><span class=\"accordion-text\">Distrito 90-07<\/span><\/div><div class=\"accordion-body\"><div class=\"accordion-content\">\n<h6 class=\"wp-block-gutenverse-heading guten-element guten-JaXjQd\"><a href=\"https:\/\/goo.gl\/maps\/jn2NGZ5xkRdRrP5BA\" target=\"_blank\" rel=\"noreferrer noopener\">463 rue Principal CP 877 Lachute QC J8H 1Y4<\/a><br>Todos los mi\u00e9rcoles por la tarde, de 18:30 a 20:00 horas, y antes de la reuni\u00f3n del distrito.<\/h6>\n<\/div><\/div><\/div>\n\n\n\n<div class=\"accordion-item guten-6UfRzM\"><div class=\"accordion-heading\"><div class=\"accordion-icon\"><span class=\"accordion-icon-open\"><i class=\"fas fa-minus\"><\/i><\/span><span class=\"accordion-icon-closed\"><i class=\"fas fa-plus\"><\/i><\/span><\/div><span class=\"accordion-text\">Distrito 90-09<\/span><\/div><div class=\"accordion-body\"><div class=\"accordion-content\">\n<h6 class=\"wp-block-gutenverse-heading guten-element guten-gi1SNo\"><a href=\"http:\/\/maps.google.ca\/maps?f=q&amp;source=s_q&amp;hl=fr&amp;geocode=&amp;q=294,+rue+Labelle,+St-J%E9r%F4me&amp;sll=45.780636,-74.001387&amp;sspn=0.007018,0.009978&amp;g=49+Rue+de+Martigny+Est,+Saint-J%E9r%F4me,+La+Rivi%E8re-du-Nord,+Qu%E9bec+J7Z+1V4&amp;ie=UTF8&amp;hq=&amp;hnear=294+Rue+Labelle,+Saint-J%E9r%F4me,+La+Rivi%E8re-du-Nord,+Qu%E9bec&amp;ll=45.775268,-74.004861&amp;spn=0.007019,0.009978&amp;z=17&amp;iwloc=A\" target=\"_blank\" rel=\"noreferrer noopener\">Calle Labelle 294, St-J\u00e9r\u00f4me (Quebec) (entrada trasera)<\/a><br>La oficina est\u00e1 abierta el primer y tercer lunes de cada mes de 17:30 a 19:15 horas.<\/h6>\n<\/div><\/div><\/div>\n\n\n\n<div class=\"accordion-item guten-OUsLmG\"><div class=\"accordion-heading\"><div class=\"accordion-icon\"><span class=\"accordion-icon-open\"><i class=\"fas fa-minus\"><\/i><\/span><span class=\"accordion-icon-closed\"><i class=\"fas fa-plus\"><\/i><\/span><\/div><span class=\"accordion-text\">Distrito 90-21<\/span><\/div><div class=\"accordion-body\"><div class=\"accordion-content\">\n<h6 class=\"wp-block-gutenverse-heading guten-element guten-z7zRhH\"><a href=\"https:\/\/goo.gl\/maps\/Kic6ayNotg5KPwD69\" target=\"_blank\" rel=\"noreferrer noopener\">460, rue du Parc, St-Lin, Quebec<\/a><br>Abierto todos los jueves, de 18:30 a 19:30.<br>M\u00e9todos de pago: efectivo o transferencia electr\u00f3nica Interac. Tambi\u00e9n es posible realizar pedidos anticipados mediante <a href=\"mailto:publication9021@gmail.com\">correo electr\u00f3nico<\/a><\/h6>\n<\/div><\/div><\/div>\n\n\n\n<div class=\"accordion-item guten-l63RRC\"><div class=\"accordion-heading\"><div class=\"accordion-icon\"><span class=\"accordion-icon-open\"><i class=\"fas fa-minus\"><\/i><\/span><span class=\"accordion-icon-closed\"><i class=\"fas fa-plus\"><\/i><\/span><\/div><span class=\"accordion-text\">Distrito 90-22<\/span><\/div><div class=\"accordion-body\"><div class=\"accordion-content\">\n<h6 class=\"wp-block-gutenverse-heading guten-element guten-Nglor5\"><a href=\"https:\/\/maps.google.ca\/maps?q=1194,+rue+St-Ren%C3%A9+Ouest,+Gatineau&amp;hl=fr&amp;ie=UTF8&amp;sll=45.780633,-74.001364&amp;sspn=0.005702,0.014613&amp;hnear=1194+Boulevard+Saint-Ren%C3%A9+Ouest,+Gatineau,+Communaut%C3%A9-Urbaine-de-l%27Outaouais,+Qu%C3%A9bec+J8T+6J1&amp;t=m&amp;z=16\" target=\"_blank\" rel=\"noreferrer noopener\">1194 Blvd. St-Ren\u00e9 Oeste, Gatineau<\/a><br>Abierto todos los jueves de 18:00 a 19:00.<br>*Los precios pueden variar durante el mes de julio debido a los d\u00edas festivos.<\/h6>\n<\/div><\/div><\/div>\n<\/div>\n<\/div><\/div>\n<\/div><\/section><\/div>\n\n\n\n<div class=\"section-wrapper\" data-id=\"WeQnqn\"><section class=\"wp-block-gutenverse-section guten-element guten-section guten-WeQnqn layout-boxed align-stretch\"><div class=\"guten-container guten-column-gap-default\">\n<div class=\"wp-block-gutenverse-column guten-element guten-column guten-pw7CSf\"><div class=\"guten-column-wrapper\" data-id=\"pw7CSf\">\n<div class=\"wp-block-gutenverse-image guten-element guten-image guten-4rEG7s\"><div class=\"guten-image-wrapper\"><img decoding=\"async\" class=\"gutenverse-image-box-filled\" src=\"https:\/\/aa-quebec.org\/wp-content\/uploads\/2024\/06\/g6.webp\" height=\"119\" width=\"332\"\/><\/div><\/div>\n<\/div><\/div>\n\n\n\n<div class=\"wp-block-gutenverse-column guten-element guten-column guten-3amRuN\"><div class=\"guten-column-wrapper\" data-id=\"3amRuN\">\n<h5 class=\"wp-block-gutenverse-heading guten-element guten-l2S6y9\">Puedes solicitar tus publicaciones directamente desde el sitio web oficial de Alcoh\u00f3licos An\u00f3nimos utilizando el siguiente enlace:<\/h5>\n\n\n\n<h5 class=\"wp-block-gutenverse-heading guten-element guten-uVBtsA\"><a href=\"https:\/\/www.aa.org\/fr\/resources\/literature\" target=\"_blank\" rel=\"noreferrer noopener\">Haz tu pedido en aa.org<\/a><\/h5>\n<\/div><\/div>\n<\/div><\/section><\/div>\n\n\n\n<div class=\"section-wrapper\" data-id=\"5GwevB\"><section class=\"wp-block-gutenverse-section guten-element guten-section guten-5GwevB layout-boxed align-stretch\"><div class=\"guten-container guten-column-gap-default\">\n<div class=\"wp-block-gutenverse-column guten-element guten-column guten-s4FV65\"><div class=\"guten-column-wrapper\" data-id=\"s4FV65\">\n<div class=\"wp-block-gutenverse-image guten-element guten-image guten-4vIpmz\"><div class=\"guten-image-wrapper\"><img decoding=\"async\" class=\"gutenverse-image-box-filled\" src=\"https:\/\/aa-quebec.org\/wp-content\/uploads\/2025\/11\/aagrapevine.png\" height=\"132\" width=\"624\"\/><\/div><\/div>\n<\/div><\/div>\n\n\n\n<div class=\"wp-block-gutenverse-column guten-element guten-column guten-Pa83cy\"><div class=\"guten-column-wrapper\" data-id=\"Pa83cy\">\n<h5 class=\"wp-block-gutenverse-heading guten-element guten-7pdRcA\">En el sitio web de Grapevine tambi\u00e9n se pueden encontrar varios libros:<\/h5>\n\n\n\n<h5 class=\"wp-block-gutenverse-heading guten-element guten-6OW3up\"><a href=\"https:\/\/www.aagrapevine.org\/store\/francais\" target=\"_blank\" rel=\"noreferrer noopener\">Haz tu pedido en aagrapevine.org<\/a><\/h5>\n<\/div><\/div>\n<\/div><\/section><\/div>\n\n\n\n<div class=\"section-wrapper\" data-id=\"OcxjTl\"><section class=\"wp-block-gutenverse-section guten-element guten-section guten-OcxjTl layout-boxed align-stretch\"><div class=\"guten-container guten-column-gap-default\">\n<div class=\"wp-block-gutenverse-column guten-element guten-column guten-2pCJY7\"><div class=\"guten-column-wrapper\" data-id=\"2pCJY7\">\n<div class=\"wp-block-gutenverse-image guten-element guten-image guten-1ieDC4\"><div class=\"guten-image-wrapper\"><img decoding=\"async\" class=\"gutenverse-image-box-filled\" src=\"https:\/\/aa-quebec.org\/wp-content\/uploads\/2024\/06\/LaVigne.webp\" height=\"151\" width=\"268\"\/><\/div><\/div>\n<\/div><\/div>\n\n\n\n<div class=\"wp-block-gutenverse-column guten-element guten-column guten-UsXnCr\"><div class=\"guten-column-wrapper\" data-id=\"UsXnCr\">\n<h5 class=\"wp-block-gutenverse-heading guten-element guten-gFwgYl\">Tienes la oportunidad de solicitar f\u00e1cilmente una o m\u00e1s suscripciones a La Vigne desde la comodidad de tu hogar.<\/h5>\n\n\n\n<h5 class=\"wp-block-gutenverse-heading guten-element guten-KZpc8q\"><a href=\"https:\/\/lavigneaa.org\/boutique\/\" data-type=\"link\" data-id=\"https:\/\/lavigneaa.org\/boutique\/\" target=\"_blank\" rel=\"noreferrer noopener\">Tienda online Vineyard 2.0<\/a><\/h5>\n<\/div><\/div>\n<\/div><\/section><\/div>\n\n\n\n<p><\/p>","protected":false},"excerpt":{"rendered":"","protected":false},"author":4,"featured_media":0,"parent":0,"menu_order":0,"comment_status":"closed","ping_status":"closed","template":"","meta":{"footnotes":""},"class_list":["post-6858","page","type-page","status-publish","hentry"],"_links":{"self":[{"href":"https:\/\/aa-quebec.org\/es\/wp-json\/wp\/v2\/pages\/6858","targetHints":{"allow":["GET"]}}],"collection":[{"href":"https:\/\/aa-quebec.org\/es\/wp-json\/wp\/v2\/pages"}],"about":[{"href":"https:\/\/aa-quebec.org\/es\/wp-json\/wp\/v2\/types\/page"}],"author":[{"embeddable":true,"href":"https:\/\/aa-quebec.org\/es\/wp-json\/wp\/v2\/users\/4"}],"replies":[{"embeddable":true,"href":"https:\/\/aa-quebec.org\/es\/wp-json\/wp\/v2\/comments?post=6858"}],"version-history":[{"count":27,"href":"https:\/\/aa-quebec.org\/es\/wp-json\/wp\/v2\/pages\/6858\/revisions"}],"predecessor-version":[{"id":29382,"href":"https:\/\/aa-quebec.org\/es\/wp-json\/wp\/v2\/pages\/6858\/revisions\/29382"}],"wp:attachment":[{"href":"https:\/\/aa-quebec.org\/es\/wp-json\/wp\/v2\/media?parent=6858"}],"curies":[{"name":"wp","href":"https:\/\/api.w.org\/{rel}","templated":true}]}}