{"id":6629,"date":"2024-03-16T10:58:18","date_gmt":"2024-03-16T14:58:18","guid":{"rendered":"https:\/\/aaqc.eclipse-internet.ca\/?page_id=6629"},"modified":"2025-05-27T11:40:38","modified_gmt":"2025-05-27T15:40:38","slug":"nuestro-metodo","status":"publish","type":"page","link":"https:\/\/aa-quebec.org\/es\/notre-methode\/","title":{"rendered":"Nuestro m\u00e9todo"},"content":{"rendered":"<h1 class=\"wp-block-heading has-text-align-center has-black-color has-text-color has-link-color has-fira-sans-font-family wp-elements-cee14ab707915211b26edc5016584a5c\" style=\"font-size:45px\"><em>C\u00d3MO FUNCIONA<\/em><\/h1>\n\n\n\n<div class=\"guten-element guten-spacer guten-Qw6yK0\"><\/div>\n\n\n\n<div class=\"section-wrapper\" data-id=\"JQ3HEU\"><section class=\"wp-block-gutenverse-section guten-element guten-section guten-JQ3HEU layout-boxed align-stretch\"><div class=\"guten-background-overlay\"><\/div><div class=\"guten-container guten-column-gap-default\">\n<div class=\"wp-block-gutenverse-column guten-element guten-column guten-4wfT1A\"><div class=\"guten-column-wrapper\" data-id=\"4wfT1A\">\n<div class=\"section-wrapper\" data-id=\"WAD0L3\"><section class=\"wp-block-gutenverse-section guten-element guten-section guten-WAD0L3 layout-boxed align-stretch\"><div class=\"guten-background-overlay\"><\/div><div class=\"guten-container guten-column-gap-default\">\n<div class=\"wp-block-gutenverse-column guten-element guten-column guten-Gn6BBq\"><div class=\"guten-column-wrapper\" data-id=\"Gn6BBq\">\n<div class=\"guten-element gutenverse-text-editor guten-r2SIz1\"><div class=\"text-content-inner\">\n<p class=\"has-black-color has-text-color has-link-color has-fira-sans-font-family wp-elements-5982c2c2294c74915222efc617da89bb\" style=\"margin-top:var(--wp--preset--spacing--50);margin-bottom:var(--wp--preset--spacing--50);font-size:32px\"><strong>Rara vez hemos visto fracasar a una persona que haya seguido concienzudamente nuestro\ncamino.<\/strong><\/p>\n\n\n\n<p class=\"has-fira-sans-font-family has-large-font-size\" style=\"margin-top:var(--wp--preset--spacing--50);margin-bottom:var(--wp--preset--spacing--50)\">Los \u00fanicos que no se recuperan son los individuos que no pueden, o no quieren\nentregarse de lleno a este sencillo programa; generalmente son hombres y mujeres incapa-\nces, por su propia naturaleza, de ser sinceros con ellos mismos. Hay seres desventurados\ncomo estos. No son culpables; por lo que parece, han nacido as\u00ed. Por su naturaleza, son\nincapaces de entender y de realizar un modo de vida que exige la m\u00e1s rigurosa sinceridad.\nPara estos, las probabilidades de \u00e9xito son pocas. Existen tambi\u00e9n los que sufren graves\ntrastornos emocionales y mentales, aunque muchos de ellos logran recuperarse si tienen la\ncapacidad de ser sinceros.<\/p>\n\n\n\n<p class=\"has-fira-sans-font-family has-large-font-size\" style=\"margin-top:var(--wp--preset--spacing--50);margin-bottom:var(--wp--preset--spacing--50)\">Nuestras historias expresan de un modo general c\u00f3mo \u00e9ramos, lo que nos aconteci\u00f3 y\nc\u00f3mo somos ahora. Si t\u00fa has decidido que quieres lo que nosotros tenemos y est\u00e1s dispuesto\na hacer todo lo que sea necesario para conseguirlo, entonces est\u00e1s en condiciones de dar\nciertos pasos.<\/p>\n\n\n\n<p class=\"has-fira-sans-font-family has-large-font-size\" style=\"margin-top:var(--wp--preset--spacing--50);margin-bottom:var(--wp--preset--spacing--50)\">Nosotros nos resistimos a algunos de ellos. Cre\u00edmos que podr\u00edamos encontrar un\ncamino m\u00e1s f\u00e1cil y c\u00f3modo. Pero no pudimos. Es por ello que, con toda seriedad, te supli-\ncamos que seas valiente y concienzudo desde el mism\u00edsimo comienzo. Algunos de nosotros\ntratamos de aferrarnos a nuestras viejas ideas y el resultado fue nulo hasta que nos deshici-\nmos de ellas sin reserva.<\/p>\n\n\n\n<p class=\"has-fira-sans-font-family has-large-font-size\" style=\"margin-top:var(--wp--preset--spacing--50);margin-bottom:var(--wp--preset--spacing--50)\">Recuerda que tratamos con el alcohol: astuto, desconcertante y poderoso. Sin ayuda\nresulta demasiado para nosotros. Pero hay Uno que tiene todo el poder \u2014 Dios. \u00a1Ojal\u00e1 Lo\nencuentres!<\/p>\n\n\n\n<p class=\"has-fira-sans-font-family has-large-font-size\" style=\"margin-top:var(--wp--preset--spacing--50);margin-bottom:var(--wp--preset--spacing--50)\">Las medidas parciales no nos sirvieron para nada. Est\u00e1bamos en el punto de cambio.\nEntreg\u00e1ndonos totalmente, le pedimos a Dios su protecci\u00f3n y cuidado.<\/p>\n\n\n\n<p class=\"has-fira-sans-font-family has-large-font-size\" style=\"margin-top:var(--wp--preset--spacing--50);margin-bottom:var(--wp--preset--spacing--50)\">Muchos de nosotros exclamamos:&nbsp;<strong>\u201c\u00a1Vaya tarea! Yo no puedo llevarla a cabo\u201d<\/strong>&nbsp;No te\ndesanimes. Ninguno de nosotros ha podido mantenerse apegado a estos principios en forma\nni siquiera aproximada a la perfecci\u00f3n. No somos santos. Lo importante es que estamos dis-\npuestos a desarrollarnos de una manera espiritual. Los principios que hemos establecido son\ngu\u00edas para nuestro curso. Lo que pretendemos es el progreso espiritual y no la perfecci\u00f3n\nespiritual.<\/p>\n\n\n\n<p class=\"has-fira-sans-font-family has-large-font-size\" style=\"margin-top:var(--wp--preset--spacing--50);margin-bottom:var(--wp--preset--spacing--50)\">Nuestra descripci\u00f3n del alcoh\u00f3lico, el cap\u00edtulo sobre los agn\u00f3sticos y nuestras aventu-\nras personales, antes y despu\u00e9s, ponen en claro tres ideas pertinentes:<\/p>\n\n\n\n<ul class=\"wp-block-list\">\n<li class=\"has-fira-sans-font-family has-large-font-size\" style=\"margin-top:var(--wp--preset--spacing--50);margin-bottom:var(--wp--preset--spacing--50);line-height:1.1\">Que \u00e9ramos alcoh\u00f3licos y que no pod\u00edamos gobernar nuestras propias vidas.<\/li>\n\n\n\n<li class=\"has-fira-sans-font-family has-large-font-size\" style=\"margin-top:var(--wp--preset--spacing--50);margin-bottom:var(--wp--preset--spacing--50);line-height:1.1\">Que probablemente ning\u00fan poder humano hubiera podido remediar nuestro\nalcoholismo.<\/li>\n\n\n\n<li class=\"has-fira-sans-font-family has-large-font-size\" style=\"margin-top:var(--wp--preset--spacing--50);margin-bottom:var(--wp--preset--spacing--50);line-height:1.1\">Que Dios pod\u00eda remediarlo y lo remediar\u00eda, si Lo busc\u00e1bamos.<\/li>\n<\/ul>\n<\/div><\/div>\n<\/div><\/div>\n<\/div><\/section><\/div>\n<\/div><\/div>\n<\/div><\/section><\/div>","protected":false},"excerpt":{"rendered":"<p>C\u00d3MO FUNCIONA<\/p>","protected":false},"author":4,"featured_media":0,"parent":0,"menu_order":0,"comment_status":"closed","ping_status":"closed","template":"","meta":{"footnotes":""},"class_list":["post-6629","page","type-page","status-publish","hentry"],"_links":{"self":[{"href":"https:\/\/aa-quebec.org\/es\/wp-json\/wp\/v2\/pages\/6629","targetHints":{"allow":["GET"]}}],"collection":[{"href":"https:\/\/aa-quebec.org\/es\/wp-json\/wp\/v2\/pages"}],"about":[{"href":"https:\/\/aa-quebec.org\/es\/wp-json\/wp\/v2\/types\/page"}],"author":[{"embeddable":true,"href":"https:\/\/aa-quebec.org\/es\/wp-json\/wp\/v2\/users\/4"}],"replies":[{"embeddable":true,"href":"https:\/\/aa-quebec.org\/es\/wp-json\/wp\/v2\/comments?post=6629"}],"version-history":[{"count":58,"href":"https:\/\/aa-quebec.org\/es\/wp-json\/wp\/v2\/pages\/6629\/revisions"}],"predecessor-version":[{"id":28958,"href":"https:\/\/aa-quebec.org\/es\/wp-json\/wp\/v2\/pages\/6629\/revisions\/28958"}],"wp:attachment":[{"href":"https:\/\/aa-quebec.org\/es\/wp-json\/wp\/v2\/media?parent=6629"}],"curies":[{"name":"wp","href":"https:\/\/api.w.org\/{rel}","templated":true}]}}