{"id":6598,"date":"2024-03-15T23:47:37","date_gmt":"2024-03-16T03:47:37","guid":{"rendered":"https:\/\/aaqc.eclipse-internet.ca\/?page_id=6598"},"modified":"2025-05-27T12:09:34","modified_gmt":"2025-05-27T16:09:34","slug":"los-12-conceptos","status":"publish","type":"page","link":"https:\/\/aa-quebec.org\/es\/les-12-concepts\/","title":{"rendered":"Los 12 conceptos"},"content":{"rendered":"<h1 class=\"wp-block-heading has-text-align-center has-black-color has-text-color has-link-color has-fira-sans-font-family wp-elements-42464854640d34668a7f1d9be1796b29\" style=\"font-size:45px;text-transform:uppercase\"><em>Los 12 conceptos<\/em><\/h1>\n\n\n\n<div class=\"section-wrapper\" data-id=\"N7kmYT\"><section class=\"wp-block-gutenverse-section guten-element guten-section guten-N7kmYT layout-boxed align-stretch\"><div class=\"guten-container guten-column-gap-default\">\n<div class=\"wp-block-gutenverse-column guten-element guten-column guten-vMswJG\"><div class=\"guten-column-wrapper\" data-id=\"vMswJG\">\n<div class=\"section-wrapper\" data-id=\"aPtcCB\"><section class=\"wp-block-gutenverse-section guten-element guten-section guten-aPtcCB layout-boxed align-stretch\"><div class=\"guten-container guten-column-gap-default\">\n<div class=\"wp-block-gutenverse-column guten-element guten-column guten-T1FD6x\"><div class=\"guten-column-wrapper\" data-id=\"T1FD6x\">\n<p class=\"has-startupzy-secondary-color has-text-color has-link-color has-fira-sans-font-family has-large-font-size wp-elements-2c14d3a54583510edcbd79329706bb47\" style=\"padding-top:var(--wp--preset--spacing--40);padding-right:var(--wp--preset--spacing--40);padding-bottom:0;padding-left:var(--wp--preset--spacing--40);line-height:1.2\">Escrito por Bill W., cofundador de A.A., los Doce Conceptos para el Servicio Mundial contribuyen a asegurar que las diversas entidades de servicio de A.A. sigan siendo receptivas y responsables ante la Comunidad a la que sirven. En esta versi\u00f3n, por medio del texto corto y f\u00e1cil de leer e ingeniosas ilustraciones, estos importantes principios aparecen claros y entendibles.<\/p>\n\n\n\n<p class=\"has-text-align-center has-startupzy-secondary-color has-text-color has-link-color has-fira-sans-font-family has-large-font-size wp-elements-ffa4d8147264a5b1daa6c948044cab73\" style=\"padding-top:var(--wp--preset--spacing--40);padding-right:var(--wp--preset--spacing--40);padding-bottom:0;padding-left:var(--wp--preset--spacing--40);line-height:1.2\">En 1971, la Conferencia de Servicios Generales adopt\u00f3 una versi\u00f3n abreviada de los Conceptos, y en 1974 se aprob\u00f3 su inclusi\u00f3n en el Manual de Servicio de AA.<\/p>\n\n\n\n<p class=\"has-text-align-right has-startupzy-secondary-color has-text-color has-link-color has-fira-sans-font-family has-small-font-size wp-elements-29d713a904fe09e2115f56e642a06702\" style=\"padding-top:var(--wp--preset--spacing--40);padding-right:var(--wp--preset--spacing--40);padding-bottom:0;padding-left:var(--wp--preset--spacing--40);line-height:1.2\">Extraits de: Les Douze Concepts des Services Mondiaux. \u00c9dition 2021-2023, page III<\/p>\n<\/div><\/div>\n<\/div><\/section><\/div>\n\n\n\n<div class=\"section-wrapper\" data-id=\"aKc7Mn\"><section class=\"wp-block-gutenverse-section guten-element guten-section guten-aKc7Mn layout-boxed align-stretch\"><div class=\"guten-container guten-column-gap-default\">\n<div class=\"wp-block-gutenverse-column guten-element guten-column guten-oien6b\"><div class=\"guten-column-wrapper\" data-id=\"oien6b\">\n<div class=\"wp-block-gutenverse-image guten-element guten-image guten-JS4dFS\"><div class=\"guten-image-wrapper\"><img decoding=\"async\" class=\"gutenverse-image-box-filled\" src=\"https:\/\/aaqc.eclipse-internet.ca\/wp-content\/uploads\/2024\/03\/path01.3.webp\" height=\"94\" width=\"43\"\/><\/div><\/div>\n\n\n\n<p class=\"has-text-align-center has-startupzy-secondary-color has-text-color has-link-color has-fira-sans-font-family has-normal-font-size wp-elements-2a22c4006e864536b395a9d318ae03f8\" style=\"margin-top:0;margin-right:var(--wp--preset--spacing--30);margin-bottom:0;margin-left:var(--wp--preset--spacing--30);padding-top:var(--wp--preset--spacing--40);padding-right:var(--wp--preset--spacing--20);padding-bottom:var(--wp--preset--spacing--40);padding-left:var(--wp--preset--spacing--20)\">La responsabilidad final y la autoridad fundamental de los servicios mundiales de A.A. residir deben siempre en la conciencia colectiva de toda nuestra Comunidad.<\/p>\n<\/div><\/div>\n\n\n\n<div class=\"wp-block-gutenverse-column guten-element guten-column guten-vEyOj4\"><div class=\"guten-column-wrapper\" data-id=\"vEyOj4\">\n<div class=\"wp-block-gutenverse-image guten-element guten-image guten-y83SC3\"><div class=\"guten-image-wrapper\"><img decoding=\"async\" class=\"gutenverse-image-box-filled\" src=\"https:\/\/aaqc.eclipse-internet.ca\/wp-content\/uploads\/2024\/03\/path02.3.webp\" height=\"94\" width=\"62\"\/><\/div><\/div>\n\n\n\n<p class=\"has-text-align-center has-startupzy-secondary-color has-text-color has-link-color has-fira-sans-font-family has-normal-font-size wp-elements-c46bebf0bd0b2b29ab6039a54bab92e2\" style=\"margin-top:0;margin-right:var(--wp--preset--spacing--30);margin-bottom:0;margin-left:var(--wp--preset--spacing--30);padding-top:var(--wp--preset--spacing--40);padding-right:var(--wp--preset--spacing--20);padding-bottom:var(--wp--preset--spacing--40);padding-left:var(--wp--preset--spacing--20)\">La Conferencia de Servicios Generales de A.A. se ha convertido, en casi todos los aspectos, en la voz activa y la conciencia efectiva de toda nuestra Comunidad en sus asuntos mundiales.<\/p>\n<\/div><\/div>\n<\/div><\/section><\/div>\n\n\n\n<div class=\"section-wrapper\" data-id=\"sdVboU\"><section class=\"wp-block-gutenverse-section guten-element guten-section guten-sdVboU layout-boxed align-stretch\"><div class=\"guten-container guten-column-gap-default\">\n<div class=\"wp-block-gutenverse-column guten-element guten-column guten-XqwB3A\"><div class=\"guten-column-wrapper\" data-id=\"XqwB3A\">\n<div class=\"wp-block-gutenverse-image guten-element guten-image guten-UFh8Jj\"><div class=\"guten-image-wrapper\"><img decoding=\"async\" class=\"gutenverse-image-box-filled\" src=\"https:\/\/aaqc.eclipse-internet.ca\/wp-content\/uploads\/2024\/03\/path03.3.webp\" height=\"96\" width=\"53\"\/><\/div><\/div>\n\n\n\n<p class=\"has-text-align-center has-startupzy-secondary-color has-text-color has-link-color has-fira-sans-font-family has-normal-font-size wp-elements-04e0597f8cf73a9fa690ec914398b1e6\" style=\"margin-top:0;margin-right:var(--wp--preset--spacing--30);margin-bottom:0;margin-left:var(--wp--preset--spacing--30);padding-top:var(--wp--preset--spacing--40);padding-right:var(--wp--preset--spacing--20);padding-bottom:var(--wp--preset--spacing--40);padding-left:var(--wp--preset--spacing--20)\">Para asegurar su direcci\u00f3n eficaz, debemos dotar a cada elemento de A.A. \u2013 la Conferencia, la Junta de Servicios Generales, y sus distintas corporaciones de servicio, personal directivo, comit\u00e9s y ejecutivos \u2013 de un \u201cDerecho de Decisi\u00f3n\u201d tradicional.<\/p>\n<\/div><\/div>\n\n\n\n<div class=\"wp-block-gutenverse-column guten-element guten-column guten-5UzEDO\"><div class=\"guten-column-wrapper\" data-id=\"5UzEDO\">\n<div class=\"wp-block-gutenverse-image guten-element guten-image guten-jN9g3A\"><div class=\"guten-image-wrapper\"><img decoding=\"async\" class=\"gutenverse-image-box-filled\" src=\"https:\/\/aaqc.eclipse-internet.ca\/wp-content\/uploads\/2024\/03\/path04.3.webp\" height=\"94\" width=\"75\"\/><\/div><\/div>\n\n\n\n<p class=\"has-text-align-center has-startupzy-secondary-color has-text-color has-link-color has-fira-sans-font-family has-normal-font-size wp-elements-1b191ba52f614c45875ee252467f5ab2\" style=\"margin-top:0;margin-right:var(--wp--preset--spacing--30);margin-bottom:0;margin-left:var(--wp--preset--spacing--30);padding-top:var(--wp--preset--spacing--40);padding-right:var(--wp--preset--spacing--20);padding-bottom:var(--wp--preset--spacing--40);padding-left:var(--wp--preset--spacing--20)\">Nosotros debemos mantener, a todos los niveles de responsabilidad, un \u201cDerecho de Participaci\u00f3n\u201d tradicional, ocup\u00e1ndonos de que a cada clasificaci\u00f3n o grupo de nuestros servidores mundiales les sea permitida una representaci\u00f3n con voto, en proporci\u00f3n razonable a la responsabilidad que cada uno tenga que desempe\u00f1ar.<\/p>\n<\/div><\/div>\n<\/div><\/section><\/div>\n\n\n\n<div class=\"section-wrapper\" data-id=\"e3hqii\"><section class=\"wp-block-gutenverse-section guten-element guten-section guten-e3hqii layout-boxed align-stretch\"><div class=\"guten-container guten-column-gap-default\">\n<div class=\"wp-block-gutenverse-column guten-element guten-column guten-bpxR3S\"><div class=\"guten-column-wrapper\" data-id=\"bpxR3S\">\n<div class=\"wp-block-gutenverse-image guten-element guten-image guten-7ak596\"><div class=\"guten-image-wrapper\"><img decoding=\"async\" class=\"gutenverse-image-box-filled\" src=\"https:\/\/aaqc.eclipse-internet.ca\/wp-content\/uploads\/2024\/03\/path05.3.webp\" height=\"94\" width=\"67\"\/><\/div><\/div>\n\n\n\n<p class=\"has-text-align-center has-startupzy-secondary-color has-text-color has-link-color has-fira-sans-font-family has-normal-font-size wp-elements-7adddb3d070525a33ec93aaf11977dac\" style=\"margin-top:0;margin-right:var(--wp--preset--spacing--30);margin-bottom:0;margin-left:var(--wp--preset--spacing--30);padding-top:var(--wp--preset--spacing--40);padding-right:var(--wp--preset--spacing--20);padding-bottom:var(--wp--preset--spacing--40);padding-left:var(--wp--preset--spacing--20)\">En toda nuestra estructura de servicio mundial, un \u201cDerecho de Apelaci\u00f3n\u201d tradicional debe prevalecer, asegur\u00e1ndonos as\u00ed que se escuche la opini\u00f3n de la minor\u00eda, y que las peticiones de rectificaci\u00f3n de los agravios personales ser\u00e1n consideradas cuidadosamente.<\/p>\n<\/div><\/div>\n\n\n\n<div class=\"wp-block-gutenverse-column guten-element guten-column guten-6tlfXO\"><div class=\"guten-column-wrapper\" data-id=\"6tlfXO\">\n<div class=\"wp-block-gutenverse-image guten-element guten-image guten-i5okOC\"><div class=\"guten-image-wrapper\"><img decoding=\"async\" class=\"gutenverse-image-box-filled\" src=\"https:\/\/aaqc.eclipse-internet.ca\/wp-content\/uploads\/2024\/03\/path06.3.webp\" height=\"94\" width=\"61\"\/><\/div><\/div>\n\n\n\n<p class=\"has-text-align-center has-startupzy-secondary-color has-text-color has-link-color has-fira-sans-font-family has-normal-font-size wp-elements-66d1dac8bde457f86279a96fc0030981\" style=\"margin-top:0;margin-right:var(--wp--preset--spacing--30);margin-bottom:0;margin-left:var(--wp--preset--spacing--30);padding-top:var(--wp--preset--spacing--40);padding-right:var(--wp--preset--spacing--20);padding-bottom:var(--wp--preset--spacing--40);padding-left:var(--wp--preset--spacing--20)\">La Conferencia reconoce tambi\u00e9n que la principal iniciativa y la responsabilidad activa en la mayor\u00eda de estos asuntos, debe ser ejercida en primer lugar por los miembros custodios de la Conferencia, cuando ellos act\u00faan como la Junta de Servicios Generales de Alcoh\u00f3licos An\u00f3nimos.<\/p>\n<\/div><\/div>\n<\/div><\/section><\/div>\n\n\n\n<div class=\"section-wrapper\" data-id=\"3HhDUd\"><section class=\"wp-block-gutenverse-section guten-element guten-section guten-3HhDUd layout-boxed align-stretch\"><div class=\"guten-container guten-column-gap-default\">\n<div class=\"wp-block-gutenverse-column guten-element guten-column guten-JHXJI5\"><div class=\"guten-column-wrapper\" data-id=\"JHXJI5\">\n<div class=\"wp-block-gutenverse-image guten-element guten-image guten-tIOD8k\"><div class=\"guten-image-wrapper\"><img decoding=\"async\" class=\"gutenverse-image-box-filled\" src=\"https:\/\/aaqc.eclipse-internet.ca\/wp-content\/uploads\/2024\/03\/path07.3.webp\" height=\"98\" width=\"59\"\/><\/div><\/div>\n\n\n\n<p class=\"has-text-align-center has-startupzy-secondary-color has-text-color has-link-color has-fira-sans-font-family has-normal-font-size wp-elements-3f9423a383351c41272c9ae07e25cfc0\" style=\"margin-top:0;margin-right:var(--wp--preset--spacing--30);margin-bottom:0;margin-left:var(--wp--preset--spacing--30);padding-top:var(--wp--preset--spacing--40);padding-right:var(--wp--preset--spacing--20);padding-bottom:var(--wp--preset--spacing--40);padding-left:var(--wp--preset--spacing--20)\">La Carta Constitutiva y los Estatutos son instrumentos legales, y los custodios est\u00e1n, por consiguiente, totalmente autorizados para administrar y dirigir todos los asuntos de servicios. La Carta de la Conferencia en s\u00ed misma no es un instrumento legal, se apoya en la fuerza de la tradici\u00f3n y en las finanzas de A.A. para su eficacia.<\/p>\n<\/div><\/div>\n\n\n\n<div class=\"wp-block-gutenverse-column guten-element guten-column guten-mgMxIr\"><div class=\"guten-column-wrapper\" data-id=\"mgMxIr\">\n<div class=\"wp-block-gutenverse-image guten-element guten-image guten-TwjTvp\"><div class=\"guten-image-wrapper\"><img decoding=\"async\" class=\"gutenverse-image-box-filled\" src=\"https:\/\/aaqc.eclipse-internet.ca\/wp-content\/uploads\/2024\/03\/path08.3.webp\" height=\"92\" width=\"60\"\/><\/div><\/div>\n\n\n\n<p class=\"has-text-align-center has-startupzy-secondary-color has-text-color has-link-color has-fira-sans-font-family has-normal-font-size wp-elements-ab4bf01b861fa4b9d425a1ef50ede94d\" style=\"margin-top:0;margin-right:var(--wp--preset--spacing--30);margin-bottom:0;margin-left:var(--wp--preset--spacing--30);padding-top:var(--wp--preset--spacing--40);padding-right:var(--wp--preset--spacing--20);padding-bottom:var(--wp--preset--spacing--40);padding-left:var(--wp--preset--spacing--20)\">Los Custodios son los principales planificadores y administradores de los grandes asuntos de pol\u00edtica y finanzas globales. Con respecto a nuestros servicios constantemente activos e incorporados separadamente, los Custodios, como s\u00edndicos fiscales, ejercen una funci\u00f3n de supervisi\u00f3n administrativa, por medio de su facultad de elegir a todos los directores de estas entidades.<\/p>\n<\/div><\/div>\n<\/div><\/section><\/div>\n\n\n\n<div class=\"section-wrapper\" data-id=\"bHeRRj\"><section class=\"wp-block-gutenverse-section guten-element guten-section guten-bHeRRj layout-boxed align-stretch\"><div class=\"guten-container guten-column-gap-default\">\n<div class=\"wp-block-gutenverse-column guten-element guten-column guten-nywt4p\"><div class=\"guten-column-wrapper\" data-id=\"nywt4p\">\n<div class=\"wp-block-gutenverse-image guten-element guten-image guten-Ct55z5\"><div class=\"guten-image-wrapper\"><img decoding=\"async\" class=\"gutenverse-image-box-filled\" src=\"https:\/\/aaqc.eclipse-internet.ca\/wp-content\/uploads\/2024\/03\/path09.3.webp\" height=\"94\" width=\"61\"\/><\/div><\/div>\n\n\n\n<p class=\"has-text-align-center has-startupzy-secondary-color has-text-color has-link-color has-fira-sans-font-family has-normal-font-size wp-elements-16ccfeeb0a692bb248654dc3d4d46d43\" style=\"margin-top:0;margin-right:var(--wp--preset--spacing--30);margin-bottom:0;margin-left:var(--wp--preset--spacing--30);padding-top:var(--wp--preset--spacing--40);padding-right:var(--wp--preset--spacing--20);padding-bottom:var(--wp--preset--spacing--40);padding-left:var(--wp--preset--spacing--20)\">Buenos directores de servicio en todos los niveles son indispensables para nuestro funcionamiento y seguridad en el futuro. La direcci\u00f3n b\u00e1sica del servicio mundial que una vez ejercieron los fundadores de Alcoh\u00f3licos An\u00f3nimos, tiene necesariamente que ser asumida por los Custodios<\/p>\n<\/div><\/div>\n\n\n\n<div class=\"wp-block-gutenverse-column guten-element guten-column guten-GKewZI\"><div class=\"guten-column-wrapper\" data-id=\"GKewZI\">\n<div class=\"wp-block-gutenverse-image guten-element guten-image guten-TayPdm\"><div class=\"guten-image-wrapper\"><img decoding=\"async\" class=\"gutenverse-image-box-filled\" src=\"https:\/\/aaqc.eclipse-internet.ca\/wp-content\/uploads\/2024\/03\/path10.3.webp\" height=\"99\" width=\"122\"\/><\/div><\/div>\n\n\n\n<p class=\"has-text-align-center has-startupzy-secondary-color has-text-color has-link-color has-fira-sans-font-family has-normal-font-size wp-elements-3478228ee1bf6425bbd4271e6edf4387\" style=\"margin-top:0;margin-right:var(--wp--preset--spacing--30);margin-bottom:0;margin-left:var(--wp--preset--spacing--30);padding-top:var(--wp--preset--spacing--40);padding-right:var(--wp--preset--spacing--20);padding-bottom:var(--wp--preset--spacing--40);padding-left:var(--wp--preset--spacing--20)\">A cada responsabilidad de servicio, le debe corresponder una autoridad de servicio equivalente, y el alcance de tal autoridad debe estar siempre bien definido.<\/p>\n<\/div><\/div>\n<\/div><\/section><\/div>\n\n\n\n<div class=\"section-wrapper\" data-id=\"lEK8QD\"><section class=\"wp-block-gutenverse-section guten-element guten-section guten-lEK8QD layout-boxed align-stretch\"><div class=\"guten-container guten-column-gap-default\">\n<div class=\"wp-block-gutenverse-column guten-element guten-column guten-CQl4M4\"><div class=\"guten-column-wrapper\" data-id=\"CQl4M4\">\n<div class=\"wp-block-gutenverse-image guten-element guten-image guten-64cU1n\"><div class=\"guten-image-wrapper\"><img decoding=\"async\" class=\"gutenverse-image-box-filled\" src=\"https:\/\/aaqc.eclipse-internet.ca\/wp-content\/uploads\/2024\/03\/path11.3.webp\" height=\"94\" width=\"92\"\/><\/div><\/div>\n\n\n\n<p class=\"has-text-align-center has-startupzy-secondary-color has-text-color has-link-color has-fira-sans-font-family has-normal-font-size wp-elements-4dfaffba4d631d6c5e17260a41b4d0d2\" style=\"margin-top:0;margin-right:var(--wp--preset--spacing--30);margin-bottom:0;margin-left:var(--wp--preset--spacing--30);padding-top:var(--wp--preset--spacing--40);padding-right:var(--wp--preset--spacing--20);padding-bottom:var(--wp--preset--spacing--40);padding-left:var(--wp--preset--spacing--20)\">Los Custodios deben siempre contar con los mejores comit\u00e9s permanentes y con directores de las corporaciones de servicio, ejecutivos, personal de oficina y consejeros bien capacitados. La composici\u00f3n, cualidades, procedimientos de iniciaci\u00f3n y derechos y obligaciones ser\u00e1n siempre asuntos de verdadero inter\u00e9s.<\/p>\n<\/div><\/div>\n\n\n\n<div class=\"wp-block-gutenverse-column guten-element guten-column guten-G7cDXh\"><div class=\"guten-column-wrapper\" data-id=\"G7cDXh\">\n<div class=\"wp-block-gutenverse-image guten-element guten-image guten-2bWuLm\"><div class=\"guten-image-wrapper\"><img decoding=\"async\" class=\"gutenverse-image-box-filled\" src=\"https:\/\/aaqc.eclipse-internet.ca\/wp-content\/uploads\/2024\/03\/path12.3.webp\" height=\"95\" width=\"115\"\/><\/div><\/div>\n\n\n\n<p class=\"has-text-align-center has-startupzy-secondary-color has-text-color has-link-color has-fira-sans-font-family has-normal-font-size wp-elements-808955e43c14375bb7f3a981fd783833\" style=\"margin-top:0;margin-right:var(--wp--preset--spacing--30);margin-bottom:0;margin-left:var(--wp--preset--spacing--30);padding-top:var(--wp--preset--spacing--40);padding-right:var(--wp--preset--spacing--20);padding-bottom:var(--wp--preset--spacing--40);padding-left:var(--wp--preset--spacing--20)\">La Conferencia cumplir\u00e1 con el esp\u00edritu de las Tradiciones de A.A., teniendo especial cuidado de que la Conferencia nunca se convierta en sede de peligrosa riqueza o poder; que fondos suficientes para su funcionamiento, m\u00e1s una reserva adecuada, sean su prudente principio financiero, que ninguno de los miembros de la Conferencia sea nunca colocado en una posici\u00f3n de autoridad desmedida sobre ninguno de los otros, que se llegue a todas las decisiones importantes por discusi\u00f3n, votaci\u00f3n y, siempre que sea posible, por unanimidad substancial; que ninguna actuaci\u00f3n de la Conferencia sea punitiva a personas, o una incitaci\u00f3n a controversia p\u00fablica; que la Conferencia nunca deba realizar ninguna acci\u00f3n de gobierno autoritaria, y que como la Sociedad de Alcoh\u00f3licos An\u00f3nimos, a la cual sirve, la Conferencia en s\u00ed misma siempre permanezca democr\u00e1tica en pensamiento y en acci\u00f3n.<\/p>\n<\/div><\/div>\n<\/div><\/section><\/div>\n\n\n\n<div class=\"section-wrapper\" data-id=\"YbyBSp\"><section class=\"wp-block-gutenverse-section guten-element guten-section guten-YbyBSp layout-boxed align-stretch\"><div class=\"guten-container guten-column-gap-default\">\n<div class=\"wp-block-gutenverse-column guten-element guten-column guten-g0u9Ef\"><div class=\"guten-column-wrapper\" data-id=\"g0u9Ef\">\n<p class=\"has-text-align-right has-startupzy-bodytext-color has-text-color has-link-color wp-elements-b992beeaa947765a14d731c91fc97f17\" style=\"padding-right:var(--wp--preset--spacing--40);padding-left:var(--wp--preset--spacing--40);font-size:14px;font-style:italic;font-weight:300\">Extractos de: Los doce conceptos de los servicios globales. Edici\u00f3n 2021-2023, p\u00e1gina IV<\/p>\n<\/div><\/div>\n<\/div><\/section><\/div>\n<\/div><\/div>\n<\/div><\/section><\/div>","protected":false},"excerpt":{"rendered":"<p>Los 12 conceptos<\/p>","protected":false},"author":4,"featured_media":0,"parent":0,"menu_order":0,"comment_status":"closed","ping_status":"closed","template":"","meta":{"footnotes":""},"class_list":["post-6598","page","type-page","status-publish","hentry"],"_links":{"self":[{"href":"https:\/\/aa-quebec.org\/es\/wp-json\/wp\/v2\/pages\/6598","targetHints":{"allow":["GET"]}}],"collection":[{"href":"https:\/\/aa-quebec.org\/es\/wp-json\/wp\/v2\/pages"}],"about":[{"href":"https:\/\/aa-quebec.org\/es\/wp-json\/wp\/v2\/types\/page"}],"author":[{"embeddable":true,"href":"https:\/\/aa-quebec.org\/es\/wp-json\/wp\/v2\/users\/4"}],"replies":[{"embeddable":true,"href":"https:\/\/aa-quebec.org\/es\/wp-json\/wp\/v2\/comments?post=6598"}],"version-history":[{"count":9,"href":"https:\/\/aa-quebec.org\/es\/wp-json\/wp\/v2\/pages\/6598\/revisions"}],"predecessor-version":[{"id":28976,"href":"https:\/\/aa-quebec.org\/es\/wp-json\/wp\/v2\/pages\/6598\/revisions\/28976"}],"wp:attachment":[{"href":"https:\/\/aa-quebec.org\/es\/wp-json\/wp\/v2\/media?parent=6598"}],"curies":[{"name":"wp","href":"https:\/\/api.w.org\/{rel}","templated":true}]}}