{"id":6569,"date":"2024-03-15T23:50:24","date_gmt":"2024-03-16T03:50:24","guid":{"rendered":"https:\/\/aaqc.eclipse-internet.ca\/?page_id=6569"},"modified":"2025-05-27T12:10:19","modified_gmt":"2025-05-27T16:10:19","slug":"las-12-tradiciones","status":"publish","type":"page","link":"https:\/\/aa-quebec.org\/es\/les-12-traditions\/","title":{"rendered":"Las 12 tradiciones"},"content":{"rendered":"<h1 class=\"wp-block-heading has-text-align-center has-black-color has-text-color has-link-color has-fira-sans-font-family wp-elements-a05f432b91aca2f20c5cab0087064092\" style=\"font-size:45px;text-transform:uppercase\"><em>Las 12 tradiciones<\/em><\/h1>\n\n\n\n<div class=\"section-wrapper\" data-id=\"2cWW56\"><section class=\"wp-block-gutenverse-section guten-element guten-section guten-2cWW56 layout-boxed align-stretch\"><div class=\"guten-container guten-column-gap-default\">\n<div class=\"wp-block-gutenverse-column guten-element guten-column guten-jGJWkG\"><div class=\"guten-column-wrapper\" data-id=\"jGJWkG\">\n<div class=\"section-wrapper\" data-id=\"Y8cVwW\"><section class=\"wp-block-gutenverse-section guten-element guten-section guten-Y8cVwW layout-boxed align-stretch\"><div class=\"guten-container guten-column-gap-default\">\n<div class=\"wp-block-gutenverse-column guten-element guten-column guten-WPoojx\"><div class=\"guten-column-wrapper\" data-id=\"WPoojx\">\n<div class=\"guten-element gutenverse-text-editor guten-rcgqln\"><div class=\"text-content-inner\">\n<p class=\"has-startupzy-secondary-color has-text-color has-link-color has-fira-sans-font-family has-large-font-size wp-elements-3af5a0dccdc0c7f466b3bb441b637432\" style=\"padding-top:var(--wp--preset--spacing--40);padding-right:var(--wp--preset--spacing--40);padding-bottom:0;padding-left:var(--wp--preset--spacing--40);line-height:1.2\">Las Doce Tradiciones ofrecen gu\u00edas para las relaciones entre los grupos, los miembros, la Comunidad global y la sociedad en general. En las Tradiciones se tratan asuntos financieros, de relaciones p\u00fablicas, donaciones y prop\u00f3sito. Hay una forma corta y una forma larga de las Tradiciones. Las Tradiciones fueron publicadas por primera vez en el AA Grapevine de abril de 1946, con el t\u00edtulo de \u201cDoce puntos para asegurar nuestro futuro\u201d.<\/p>\n\n\n\n<p class=\"has-startupzy-secondary-color has-text-color has-link-color has-fira-sans-font-family has-large-font-size wp-elements-8bb9d2bb4302167b4b87bfe177add829\" style=\"padding-top:var(--wp--preset--spacing--40);padding-right:var(--wp--preset--spacing--40);padding-bottom:0;padding-left:var(--wp--preset--spacing--40);line-height:1.2\">On note \u00e9galement un int\u00e9r\u00eat croissant \u00e0 l\u2019\u00e9gard des Douze Traditions des Alcooliques anonymes. Des gens qui \u00e9tudient les relations humaines commencent \u00e0 se demander comment les AA fonctionnent en tant qu\u2019association et pourquoi.<\/p>\n\n\n\n<p class=\"has-startupzy-secondary-color has-text-color has-link-color has-fira-sans-font-family has-large-font-size wp-elements-ec462cb2620ff685de19506cedcfae86\" style=\"padding-top:var(--wp--preset--spacing--40);padding-right:var(--wp--preset--spacing--40);padding-bottom:0;padding-left:var(--wp--preset--spacing--40);line-height:1.2\">Ils se demandent pourquoi aucun membre chez les AA ne peut exercer d\u2019autorit\u00e9 sur un autre, pourquoi on n\u2019y trouve aucune ressemblance avec un gouvernement central? Comment est-il possible qu\u2019un ensemble de principes traditionnels n\u2019ayant aucune force l\u00e9gale assurent l\u2019unit\u00e9 et l\u2019efficacit\u00e9 au sein de l\u2019association des Alcooliques anonymes?<\/p>\n\n\n\n<p class=\"has-text-align-right has-startupzy-secondary-color has-text-color has-link-color has-fira-sans-font-family has-small-font-size wp-elements-99a40f195e19e99f4fa101c264409c25\" style=\"padding-top:var(--wp--preset--spacing--40);padding-right:var(--wp--preset--spacing--40);padding-bottom:0;padding-left:var(--wp--preset--spacing--40);line-height:1.2\">Extraits de: Les Douze \u00c9tapes et les Douze Traditions, pp. 15-16<\/p>\n<\/div><\/div>\n<\/div><\/div>\n<\/div><\/section><\/div>\n\n\n\n<div class=\"section-wrapper\" data-id=\"aKc7Mn\"><section class=\"wp-block-gutenverse-section guten-element guten-section guten-aKc7Mn layout-boxed align-stretch\"><div class=\"guten-container guten-column-gap-default\">\n<div class=\"wp-block-gutenverse-column guten-element guten-column guten-oien6b\"><div class=\"guten-column-wrapper\" data-id=\"oien6b\">\n<div class=\"wp-block-gutenverse-image guten-element guten-image guten-JS4dFS\"><div class=\"guten-image-wrapper\"><img decoding=\"async\" class=\"gutenverse-image-box-filled\" src=\"https:\/\/aaqc.eclipse-internet.ca\/wp-content\/uploads\/2024\/03\/path01.1.webp\" height=\"94\" width=\"43\"\/><\/div><\/div>\n\n\n\n<p class=\"has-text-align-center has-startupzy-secondary-color has-text-color has-link-color has-fira-sans-font-family has-normal-font-size wp-elements-ac153368ac583658086a356f3c5a5718\" style=\"margin-top:0;margin-right:var(--wp--preset--spacing--30);margin-bottom:0;margin-left:var(--wp--preset--spacing--30);padding-top:var(--wp--preset--spacing--40);padding-right:var(--wp--preset--spacing--20);padding-bottom:var(--wp--preset--spacing--40);padding-left:var(--wp--preset--spacing--20)\">Nuestro bienestar com\u00fan debe tener la preferencia; la recuperaci\u00f3n personal depende de la unidad de A.A.<\/p>\n<\/div><\/div>\n\n\n\n<div class=\"wp-block-gutenverse-column guten-element guten-column guten-vEyOj4\"><div class=\"guten-column-wrapper\" data-id=\"vEyOj4\">\n<div class=\"wp-block-gutenverse-image guten-element guten-image guten-y83SC3\"><div class=\"guten-image-wrapper\"><img decoding=\"async\" class=\"gutenverse-image-box-filled\" src=\"https:\/\/aaqc.eclipse-internet.ca\/wp-content\/uploads\/2024\/03\/path02.1.webp\" height=\"94\" width=\"62\"\/><\/div><\/div>\n\n\n\n<p class=\"has-text-align-center has-startupzy-secondary-color has-text-color has-link-color has-fira-sans-font-family has-normal-font-size wp-elements-8b2adba9a36312f9264a7a2e3bfedbcf\" style=\"margin-top:0;margin-right:var(--wp--preset--spacing--30);margin-bottom:0;margin-left:var(--wp--preset--spacing--30);padding-top:var(--wp--preset--spacing--40);padding-right:var(--wp--preset--spacing--20);padding-bottom:var(--wp--preset--spacing--40);padding-left:var(--wp--preset--spacing--20)\">Para el prop\u00f3sito de nuestro grupo solo existe una autoridad fundamental: un Dios amoroso tal como se exprese en la conciencia de nuestro grupo.  Nuestros l\u00edderes no son sino servidores de confianza; no gobiernan.<\/p>\n<\/div><\/div>\n\n\n\n<div class=\"wp-block-gutenverse-column guten-element guten-column guten-FSMzwn\"><div class=\"guten-column-wrapper\" data-id=\"FSMzwn\">\n<div class=\"wp-block-gutenverse-image guten-element guten-image guten-7x66Ih\"><div class=\"guten-image-wrapper\"><img decoding=\"async\" class=\"gutenverse-image-box-filled\" src=\"https:\/\/aaqc.eclipse-internet.ca\/wp-content\/uploads\/2024\/03\/path03.1.webp\" height=\"96\" width=\"53\"\/><\/div><\/div>\n\n\n\n<p class=\"has-text-align-center has-startupzy-secondary-color has-text-color has-link-color has-fira-sans-font-family has-normal-font-size wp-elements-f6300f5f5a08c606748f222b0bb81898\" style=\"margin-top:0;margin-right:var(--wp--preset--spacing--30);margin-bottom:0;margin-left:var(--wp--preset--spacing--30);padding-top:var(--wp--preset--spacing--40);padding-right:var(--wp--preset--spacing--20);padding-bottom:var(--wp--preset--spacing--40);padding-left:var(--wp--preset--spacing--20)\">El \u00fanico requisito para ser miembro de A.A. es querer dejar de beber.<\/p>\n<\/div><\/div>\n\n\n\n<div class=\"wp-block-gutenverse-column guten-element guten-column guten-0L7pAy\"><div class=\"guten-column-wrapper\" data-id=\"0L7pAy\">\n<div class=\"wp-block-gutenverse-image guten-element guten-image guten-lhH9eW\"><div class=\"guten-image-wrapper\"><img decoding=\"async\" class=\"gutenverse-image-box-filled\" src=\"https:\/\/aaqc.eclipse-internet.ca\/wp-content\/uploads\/2024\/03\/path04.1.webp\" height=\"94\" width=\"75\"\/><\/div><\/div>\n\n\n\n<p class=\"has-text-align-center has-startupzy-secondary-color has-text-color has-link-color has-fira-sans-font-family has-normal-font-size wp-elements-88c769a13ba5cc118931069d06220c8c\" style=\"margin-top:0;margin-right:var(--wp--preset--spacing--30);margin-bottom:0;margin-left:var(--wp--preset--spacing--30);padding-top:var(--wp--preset--spacing--40);padding-right:var(--wp--preset--spacing--20);padding-bottom:var(--wp--preset--spacing--40);padding-left:var(--wp--preset--spacing--20)\">Cada grupo debe ser aut\u00f3nomo, excepto en asuntos que afecten a otros grupos o a Alcoh\u00f3licos An\u00f3nimos considerado como un todo.<\/p>\n<\/div><\/div>\n<\/div><\/section><\/div>\n\n\n\n<div class=\"section-wrapper\" data-id=\"e3hqii\"><section class=\"wp-block-gutenverse-section guten-element guten-section guten-e3hqii layout-boxed align-stretch\"><div class=\"guten-container guten-column-gap-default\">\n<div class=\"wp-block-gutenverse-column guten-element guten-column guten-bpxR3S\"><div class=\"guten-column-wrapper\" data-id=\"bpxR3S\">\n<div class=\"wp-block-gutenverse-image guten-element guten-image guten-7ak596\"><div class=\"guten-image-wrapper\"><img decoding=\"async\" class=\"gutenverse-image-box-filled\" src=\"https:\/\/aaqc.eclipse-internet.ca\/wp-content\/uploads\/2024\/03\/path05.1.webp\" height=\"94\" width=\"67\"\/><\/div><\/div>\n\n\n\n<p class=\"has-text-align-center has-startupzy-secondary-color has-text-color has-link-color has-fira-sans-font-family has-normal-font-size wp-elements-ffdac9def54f75f4f789e63c73b4e3c7\" style=\"margin-top:0;margin-right:var(--wp--preset--spacing--30);margin-bottom:0;margin-left:var(--wp--preset--spacing--30);padding-top:var(--wp--preset--spacing--40);padding-right:var(--wp--preset--spacing--20);padding-bottom:var(--wp--preset--spacing--40);padding-left:var(--wp--preset--spacing--20)\">Cada grupo tiene un solo objetivo primordial: llevar el mensaje al alcoh\u00f3lico que a\u00fan est\u00e1 sufriendo.<\/p>\n<\/div><\/div>\n\n\n\n<div class=\"wp-block-gutenverse-column guten-element guten-column guten-6tlfXO\"><div class=\"guten-column-wrapper\" data-id=\"6tlfXO\">\n<div class=\"wp-block-gutenverse-image guten-element guten-image guten-i5okOC\"><div class=\"guten-image-wrapper\"><img decoding=\"async\" class=\"gutenverse-image-box-filled\" src=\"https:\/\/aaqc.eclipse-internet.ca\/wp-content\/uploads\/2024\/03\/path06.1.webp\" height=\"94\" width=\"61\"\/><\/div><\/div>\n\n\n\n<p class=\"has-text-align-center has-startupzy-secondary-color has-text-color has-link-color has-fira-sans-font-family has-normal-font-size wp-elements-8a62a185767a6d5e895654a487ffc263\" style=\"margin-top:0;margin-right:var(--wp--preset--spacing--30);margin-bottom:0;margin-left:var(--wp--preset--spacing--30);padding-top:var(--wp--preset--spacing--40);padding-right:var(--wp--preset--spacing--20);padding-bottom:var(--wp--preset--spacing--40);padding-left:var(--wp--preset--spacing--20)\">Un grupo de A.A. nunca debe respaldar, financiar o prestar el nombre de A.A. a ninguna entidad allegada o empresa ajena, para evitar que los problemas de dinero, propiedad y prestigio nos desv\u00eden de nuestro objetivo primordial.<\/p>\n<\/div><\/div>\n\n\n\n<div class=\"wp-block-gutenverse-column guten-element guten-column guten-lfcDsR\"><div class=\"guten-column-wrapper\" data-id=\"lfcDsR\">\n<div class=\"wp-block-gutenverse-image guten-element guten-image guten-Y7KwSY\"><div class=\"guten-image-wrapper\"><img decoding=\"async\" class=\"gutenverse-image-box-filled\" src=\"https:\/\/aaqc.eclipse-internet.ca\/wp-content\/uploads\/2024\/03\/path07.1.webp\" height=\"98\" width=\"59\"\/><\/div><\/div>\n\n\n\n<p class=\"has-text-align-center has-startupzy-secondary-color has-text-color has-link-color has-fira-sans-font-family has-normal-font-size wp-elements-f935017d2beff80341da92bb6df93bdb\" style=\"margin-top:0;margin-right:var(--wp--preset--spacing--30);margin-bottom:0;margin-left:var(--wp--preset--spacing--30);padding-top:var(--wp--preset--spacing--40);padding-right:var(--wp--preset--spacing--20);padding-bottom:var(--wp--preset--spacing--40);padding-left:var(--wp--preset--spacing--20)\">Cada grupo de A.A. debe mantenerse completamente a s\u00ed mismo, neg\u00e1ndose a recibir contribuciones de afuera.<\/p>\n<\/div><\/div>\n\n\n\n<div class=\"wp-block-gutenverse-column guten-element guten-column guten-J5XX8E\"><div class=\"guten-column-wrapper\" data-id=\"J5XX8E\">\n<div class=\"wp-block-gutenverse-image guten-element guten-image guten-L5YXmT\"><div class=\"guten-image-wrapper\"><img decoding=\"async\" class=\"gutenverse-image-box-filled\" src=\"https:\/\/aaqc.eclipse-internet.ca\/wp-content\/uploads\/2024\/03\/path08.1.webp\" height=\"92\" width=\"60\"\/><\/div><\/div>\n\n\n\n<p class=\"has-text-align-center has-startupzy-secondary-color has-text-color has-link-color has-fira-sans-font-family has-normal-font-size wp-elements-32a791cca32f2542218d92dc569c1a93\" style=\"margin-top:0;margin-right:var(--wp--preset--spacing--30);margin-bottom:0;margin-left:var(--wp--preset--spacing--30);padding-top:var(--wp--preset--spacing--40);padding-right:var(--wp--preset--spacing--20);padding-bottom:var(--wp--preset--spacing--40);padding-left:var(--wp--preset--spacing--20)\">Alcoh\u00f3licos An\u00f3nimos nunca tendr\u00e1 car\u00e1cter profesional, pero nuestros centros de servicio pueden emplear trabajadores especiales.<\/p>\n<\/div><\/div>\n<\/div><\/section><\/div>\n\n\n\n<div class=\"section-wrapper\" data-id=\"bHeRRj\"><section class=\"wp-block-gutenverse-section guten-element guten-section guten-bHeRRj layout-boxed align-stretch\"><div class=\"guten-container guten-column-gap-default\">\n<div class=\"wp-block-gutenverse-column guten-element guten-column guten-nywt4p\"><div class=\"guten-column-wrapper\" data-id=\"nywt4p\">\n<div class=\"wp-block-gutenverse-image guten-element guten-image guten-Ct55z5\"><div class=\"guten-image-wrapper\"><img decoding=\"async\" class=\"gutenverse-image-box-filled\" src=\"https:\/\/aaqc.eclipse-internet.ca\/wp-content\/uploads\/2024\/03\/path09.1.webp\" height=\"94\" width=\"61\"\/><\/div><\/div>\n\n\n\n<p class=\"has-text-align-center has-startupzy-secondary-color has-text-color has-link-color has-fira-sans-font-family has-normal-font-size wp-elements-93286e3749fd1c1f8801dec3bcdfa788\" style=\"margin-top:0;margin-right:var(--wp--preset--spacing--30);margin-bottom:0;margin-left:var(--wp--preset--spacing--30);padding-top:var(--wp--preset--spacing--40);padding-right:var(--wp--preset--spacing--20);padding-bottom:var(--wp--preset--spacing--40);padding-left:var(--wp--preset--spacing--20)\">A.A. como tal nunca debe ser organizada; pero podemos crear juntas o comit\u00e9s de servicio que sean directamente responsables ante aquellos a quienes sirven.<\/p>\n<\/div><\/div>\n\n\n\n<div class=\"wp-block-gutenverse-column guten-element guten-column guten-GKewZI\"><div class=\"guten-column-wrapper\" data-id=\"GKewZI\">\n<div class=\"wp-block-gutenverse-image guten-element guten-image guten-TayPdm\"><div class=\"guten-image-wrapper\"><img decoding=\"async\" class=\"gutenverse-image-box-filled\" src=\"https:\/\/aaqc.eclipse-internet.ca\/wp-content\/uploads\/2024\/03\/path10.1.webp\" height=\"99\" width=\"122\"\/><\/div><\/div>\n\n\n\n<p class=\"has-text-align-center has-startupzy-secondary-color has-text-color has-link-color has-fira-sans-font-family has-normal-font-size wp-elements-d7dc5e381d8d2427dead03f06cb03aad\" style=\"margin-top:0;margin-right:var(--wp--preset--spacing--30);margin-bottom:0;margin-left:var(--wp--preset--spacing--30);padding-top:var(--wp--preset--spacing--40);padding-right:var(--wp--preset--spacing--20);padding-bottom:var(--wp--preset--spacing--40);padding-left:var(--wp--preset--spacing--20)\">Alcoh\u00f3licos An\u00f3nimos no tiene opini\u00f3n acerca de asuntos ajenos a sus actividades; por consiguiente su nombre nunca debe mezclarse en pol\u00e9micas p\u00fablicas.<\/p>\n<\/div><\/div>\n\n\n\n<div class=\"wp-block-gutenverse-column guten-element guten-column guten-SDHzXV\"><div class=\"guten-column-wrapper\" data-id=\"SDHzXV\">\n<div class=\"wp-block-gutenverse-image guten-element guten-image guten-BdoeHK\"><div class=\"guten-image-wrapper\"><img decoding=\"async\" class=\"gutenverse-image-box-filled\" src=\"https:\/\/aaqc.eclipse-internet.ca\/wp-content\/uploads\/2024\/03\/path11.1.webp\" height=\"94\" width=\"92\"\/><\/div><\/div>\n\n\n\n<p class=\"has-text-align-center has-startupzy-secondary-color has-text-color has-link-color has-fira-sans-font-family has-normal-font-size wp-elements-e5c6141bc4e1d4f0ed06d28b7527e5aa\" style=\"margin-top:0;margin-right:var(--wp--preset--spacing--30);margin-bottom:0;margin-left:var(--wp--preset--spacing--30);padding-top:var(--wp--preset--spacing--40);padding-right:var(--wp--preset--spacing--20);padding-bottom:var(--wp--preset--spacing--40);padding-left:var(--wp--preset--spacing--20)\">Nuestra pol\u00edtica de relaciones p\u00fablicas se basa m\u00e1s bien en la atracci\u00f3n que en la promoci\u00f3n; necesitamos mantener siempre el anonimato personal ante la prensa, la radio y el cine.<\/p>\n<\/div><\/div>\n\n\n\n<div class=\"wp-block-gutenverse-column guten-element guten-column guten-mCGPtf\"><div class=\"guten-column-wrapper\" data-id=\"mCGPtf\">\n<div class=\"wp-block-gutenverse-image guten-element guten-image guten-UsWjqS\"><div class=\"guten-image-wrapper\"><img decoding=\"async\" class=\"gutenverse-image-box-filled\" src=\"https:\/\/aaqc.eclipse-internet.ca\/wp-content\/uploads\/2024\/03\/path12.1.webp\" height=\"95\" width=\"115\"\/><\/div><\/div>\n\n\n\n<p class=\"has-text-align-center has-startupzy-secondary-color has-text-color has-link-color has-fira-sans-font-family has-normal-font-size wp-elements-bcb31c2866416688fb966ecf8372eb3e\" style=\"margin-top:0;margin-right:var(--wp--preset--spacing--30);margin-bottom:0;margin-left:var(--wp--preset--spacing--30);padding-top:var(--wp--preset--spacing--40);padding-right:var(--wp--preset--spacing--20);padding-bottom:var(--wp--preset--spacing--40);padding-left:var(--wp--preset--spacing--20)\">El anonimato es la base espiritual de todas nuestras Tradiciones, record\u00e1ndonos siempre anteponer los principios a las personalidades.<\/p>\n<\/div><\/div>\n<\/div><\/section><\/div>\n\n\n\n<div class=\"section-wrapper\" data-id=\"YbyBSp\"><section class=\"wp-block-gutenverse-section guten-element guten-section guten-YbyBSp layout-boxed align-stretch\"><div class=\"guten-container guten-column-gap-default\">\n<div class=\"wp-block-gutenverse-column guten-element guten-column guten-g0u9Ef\"><div class=\"guten-column-wrapper\" data-id=\"g0u9Ef\">\n<p class=\"has-text-align-right has-startupzy-bodytext-color has-text-color has-link-color wp-elements-0d2477d6a765e29b3febe57559d86b15\" style=\"padding-right:var(--wp--preset--spacing--40);padding-left:var(--wp--preset--spacing--40);font-size:14px;font-style:italic;font-weight:300\">Extractos de: El Manual de Servicio de AA, Edici\u00f3n 2021-2023, p\u00e1gina 101<\/p>\n<\/div><\/div>\n<\/div><\/section><\/div>\n<\/div><\/div>\n<\/div><\/section><\/div>","protected":false},"excerpt":{"rendered":"<p>Las 12 tradiciones<\/p>","protected":false},"author":4,"featured_media":0,"parent":0,"menu_order":0,"comment_status":"closed","ping_status":"closed","template":"","meta":{"footnotes":""},"class_list":["post-6569","page","type-page","status-publish","hentry"],"_links":{"self":[{"href":"https:\/\/aa-quebec.org\/es\/wp-json\/wp\/v2\/pages\/6569","targetHints":{"allow":["GET"]}}],"collection":[{"href":"https:\/\/aa-quebec.org\/es\/wp-json\/wp\/v2\/pages"}],"about":[{"href":"https:\/\/aa-quebec.org\/es\/wp-json\/wp\/v2\/types\/page"}],"author":[{"embeddable":true,"href":"https:\/\/aa-quebec.org\/es\/wp-json\/wp\/v2\/users\/4"}],"replies":[{"embeddable":true,"href":"https:\/\/aa-quebec.org\/es\/wp-json\/wp\/v2\/comments?post=6569"}],"version-history":[{"count":13,"href":"https:\/\/aa-quebec.org\/es\/wp-json\/wp\/v2\/pages\/6569\/revisions"}],"predecessor-version":[{"id":28978,"href":"https:\/\/aa-quebec.org\/es\/wp-json\/wp\/v2\/pages\/6569\/revisions\/28978"}],"wp:attachment":[{"href":"https:\/\/aa-quebec.org\/es\/wp-json\/wp\/v2\/media?parent=6569"}],"curies":[{"name":"wp","href":"https:\/\/api.w.org\/{rel}","templated":true}]}}