{"id":47,"date":"2024-02-20T08:44:04","date_gmt":"2024-02-20T13:44:04","guid":{"rendered":"https:\/\/aaqc.eclipse-internet.ca\/?page_id=47"},"modified":"2025-11-05T15:02:10","modified_gmt":"2025-11-05T20:02:10","slug":"las-12-etapas","status":"publish","type":"page","link":"https:\/\/aa-quebec.org\/es\/les-12-etapes\/","title":{"rendered":"Los 12 pasos"},"content":{"rendered":"<h1 class=\"wp-block-heading has-text-align-center has-black-color has-text-color has-link-color has-fira-sans-font-family wp-elements-8cf39972493d18408d347a8a20fedb52\" style=\"font-size:45px;text-transform:uppercase\"><em>Los 12 pasos<\/em><\/h1>\n\n\n\n<div class=\"section-wrapper\" data-id=\"N7kmYT\"><section class=\"wp-block-gutenverse-section guten-element guten-section guten-N7kmYT layout-boxed align-stretch\"><div class=\"guten-container guten-column-gap-default\">\n<div class=\"wp-block-gutenverse-column guten-element guten-column guten-vMswJG\"><div class=\"guten-column-wrapper\" data-id=\"vMswJG\">\n<div class=\"section-wrapper\" data-id=\"aPtcCB\"><section class=\"wp-block-gutenverse-section guten-element guten-section guten-aPtcCB layout-boxed align-stretch\"><div class=\"guten-container guten-column-gap-default\">\n<div class=\"wp-block-gutenverse-column guten-element guten-column guten-T1FD6x\"><div class=\"guten-column-wrapper\" data-id=\"T1FD6x\">\n<div class=\"guten-element gutenverse-text-editor guten-rcgqln\"><div class=\"text-content-inner\">\n<p class=\"has-startupzy-secondary-color has-text-color has-link-color has-fira-sans-font-family has-large-font-size wp-elements-bd227b816133080361e5132fbcbe9d6a\" style=\"padding-top:var(--wp--preset--spacing--40);padding-right:var(--wp--preset--spacing--40);padding-bottom:0;padding-left:var(--wp--preset--spacing--40);line-height:1.2\">Los Doce Pasos de AA son un conjunto de principios de naturaleza espiritual que, cuando se practican como un estilo de vida, pueden erradicar la obsesi\u00f3n por la bebida y permitir que la persona que sufre lleve una vida feliz, plena y \u00fatil. <\/p>\n\n\n\n<p class=\"has-startupzy-secondary-color has-text-color has-link-color has-fira-sans-font-family has-large-font-size wp-elements-698f318a7641144635acf93c9e342843\" style=\"padding-top:var(--wp--preset--spacing--40);padding-right:var(--wp--preset--spacing--40);padding-bottom:0;padding-left:var(--wp--preset--spacing--40);line-height:1.2\">Varias personas que no son alcoh\u00f3licas nos han comentado que, al practicar los Doce Pasos de Alcoh\u00f3licos An\u00f3nimos, han podido superar otras dificultades en la vida. Creen que, para quienes tienen problemas con la bebida, los Doce Pasos pueden representar mucho m\u00e1s que la simple sobriedad.<\/p>\n\n\n\n<p class=\"has-text-align-right has-startupzy-secondary-color has-text-color has-link-color has-fira-sans-font-family has-small-font-size wp-elements-99a40f195e19e99f4fa101c264409c25\" style=\"padding-top:var(--wp--preset--spacing--40);padding-right:var(--wp--preset--spacing--40);padding-bottom:0;padding-left:var(--wp--preset--spacing--40);line-height:1.2\">Extraits de: Les Douze \u00c9tapes et les Douze Traditions, pp. 15-16<\/p>\n<\/div><\/div>\n<\/div><\/div>\n<\/div><\/section><\/div>\n\n\n\n<div class=\"section-wrapper\" data-id=\"aKc7Mn\"><section class=\"wp-block-gutenverse-section guten-element guten-section guten-aKc7Mn layout-boxed align-stretch\"><div class=\"guten-container guten-column-gap-default\">\n<div class=\"wp-block-gutenverse-column guten-element guten-column guten-oien6b\"><div class=\"guten-column-wrapper\" data-id=\"oien6b\">\n<div class=\"wp-block-gutenverse-image guten-element guten-image guten-JS4dFS\"><div class=\"guten-image-wrapper\"><img decoding=\"async\" class=\"gutenverse-image-box-filled\" src=\"https:\/\/aaqc.eclipse-internet.ca\/wp-content\/uploads\/2024\/03\/path01.2.webp\" height=\"94\" width=\"43\"\/><\/div><\/div>\n\n\n\n<p class=\"has-text-align-center has-startupzy-secondary-color has-text-color has-link-color has-fira-sans-font-family has-normal-font-size wp-elements-d324193742f0f541133d4c06cbf5797f translation-block\" style=\"margin-top:0;margin-right:var(--wp--preset--spacing--30);margin-bottom:0;margin-left:var(--wp--preset--spacing--30);padding-top:var(--wp--preset--spacing--40);padding-right:var(--wp--preset--spacing--20);padding-bottom:var(--wp--preset--spacing--40);padding-left:var(--wp--preset--spacing--20)\">Admitimos que \u00e9ramos impotentes ante el alcohol, que nuestras vidas se\nhab\u00edan vuelto ingobernables.<\/p>\n<\/div><\/div>\n\n\n\n<div class=\"wp-block-gutenverse-column guten-element guten-column guten-vEyOj4\"><div class=\"guten-column-wrapper\" data-id=\"vEyOj4\">\n<div class=\"wp-block-gutenverse-image guten-element guten-image guten-y83SC3\"><div class=\"guten-image-wrapper\"><img decoding=\"async\" class=\"gutenverse-image-box-filled\" src=\"https:\/\/aaqc.eclipse-internet.ca\/wp-content\/uploads\/2024\/03\/path02.2.webp\" height=\"94\" width=\"62\"\/><\/div><\/div>\n\n\n\n<p class=\"has-text-align-center has-startupzy-secondary-color has-text-color has-link-color has-fira-sans-font-family has-normal-font-size wp-elements-1d8c2c109ba3964287c7f328dafc9a16 translation-block\" style=\"margin-top:0;margin-right:var(--wp--preset--spacing--30);margin-bottom:0;margin-left:var(--wp--preset--spacing--30);padding-top:var(--wp--preset--spacing--40);padding-right:var(--wp--preset--spacing--20);padding-bottom:var(--wp--preset--spacing--40);padding-left:var(--wp--preset--spacing--20)\">Llegamos a creer que un Poder superior a nosotros mismos podr\u00eda\ndevolvernos el sano juicio.<\/p>\n<\/div><\/div>\n\n\n\n<div class=\"wp-block-gutenverse-column guten-element guten-column guten-FSMzwn\"><div class=\"guten-column-wrapper\" data-id=\"FSMzwn\">\n<div class=\"wp-block-gutenverse-image guten-element guten-image guten-7x66Ih\"><div class=\"guten-image-wrapper\"><img decoding=\"async\" class=\"gutenverse-image-box-filled\" src=\"https:\/\/aaqc.eclipse-internet.ca\/wp-content\/uploads\/2024\/03\/path03.2.webp\" height=\"96\" width=\"53\"\/><\/div><\/div>\n\n\n\n<p class=\"has-text-align-center has-startupzy-secondary-color has-text-color has-link-color has-fira-sans-font-family has-normal-font-size wp-elements-5c29a17692371c751ae328a9c43aa996\" style=\"margin-top:0;margin-right:var(--wp--preset--spacing--30);margin-bottom:0;margin-left:var(--wp--preset--spacing--30);padding-top:var(--wp--preset--spacing--40);padding-right:var(--wp--preset--spacing--20);padding-bottom:var(--wp--preset--spacing--40);padding-left:var(--wp--preset--spacing--20)\">Decidimos poner nuestras voluntades y nuestras vidas al cuidado de Dios,\ncomo nosotros lo concebimos<\/p>\n<\/div><\/div>\n\n\n\n<div class=\"wp-block-gutenverse-column guten-element guten-column guten-0L7pAy\"><div class=\"guten-column-wrapper\" data-id=\"0L7pAy\">\n<div class=\"wp-block-gutenverse-image guten-element guten-image guten-lhH9eW\"><div class=\"guten-image-wrapper\"><img decoding=\"async\" class=\"gutenverse-image-box-filled\" src=\"https:\/\/aaqc.eclipse-internet.ca\/wp-content\/uploads\/2024\/03\/path04.2.webp\" height=\"94\" width=\"75\"\/><\/div><\/div>\n\n\n\n<p class=\"has-text-align-center has-startupzy-secondary-color has-text-color has-link-color has-fira-sans-font-family has-normal-font-size wp-elements-d626fd056b7492b3aaf183ad84d3bc10\" style=\"margin-top:0;margin-right:var(--wp--preset--spacing--30);margin-bottom:0;margin-left:var(--wp--preset--spacing--30);padding-top:var(--wp--preset--spacing--40);padding-right:var(--wp--preset--spacing--20);padding-bottom:var(--wp--preset--spacing--40);padding-left:var(--wp--preset--spacing--20)\">Sin temor hicimos un minucioso inventario moral de nosotros mismos.<\/p>\n<\/div><\/div>\n<\/div><\/section><\/div>\n\n\n\n<div class=\"section-wrapper\" data-id=\"e3hqii\"><section class=\"wp-block-gutenverse-section guten-element guten-section guten-e3hqii layout-boxed align-stretch\"><div class=\"guten-container guten-column-gap-default\">\n<div class=\"wp-block-gutenverse-column guten-element guten-column guten-bpxR3S\"><div class=\"guten-column-wrapper\" data-id=\"bpxR3S\">\n<div class=\"wp-block-gutenverse-image guten-element guten-image guten-7ak596\"><div class=\"guten-image-wrapper\"><img decoding=\"async\" class=\"gutenverse-image-box-filled\" src=\"https:\/\/aaqc.eclipse-internet.ca\/wp-content\/uploads\/2024\/03\/path05.2.webp\" height=\"94\" width=\"67\"\/><\/div><\/div>\n\n\n\n<p class=\"has-text-align-center has-startupzy-secondary-color has-text-color has-link-color has-fira-sans-font-family has-normal-font-size wp-elements-82e4a870825b109cea30c8237b34f2dd\" style=\"margin-top:0;margin-right:var(--wp--preset--spacing--30);margin-bottom:0;margin-left:var(--wp--preset--spacing--30);padding-top:var(--wp--preset--spacing--40);padding-right:var(--wp--preset--spacing--20);padding-bottom:var(--wp--preset--spacing--40);padding-left:var(--wp--preset--spacing--20)\">Admitimos ante Dios, ante nosotros mismos, y ante otro ser humano, la\nnaturaleza exacta de nuestros defectos.<\/p>\n<\/div><\/div>\n\n\n\n<div class=\"wp-block-gutenverse-column guten-element guten-column guten-6tlfXO\"><div class=\"guten-column-wrapper\" data-id=\"6tlfXO\">\n<div class=\"wp-block-gutenverse-image guten-element guten-image guten-i5okOC\"><div class=\"guten-image-wrapper\"><img decoding=\"async\" class=\"gutenverse-image-box-filled\" src=\"https:\/\/aaqc.eclipse-internet.ca\/wp-content\/uploads\/2024\/03\/path06.2.webp\" height=\"94\" width=\"61\"\/><\/div><\/div>\n\n\n\n<p class=\"has-text-align-center has-startupzy-secondary-color has-text-color has-link-color has-fira-sans-font-family has-normal-font-size wp-elements-63c1e4cf0c555c211c49397d38ae04f8\" style=\"margin-top:0;margin-right:var(--wp--preset--spacing--30);margin-bottom:0;margin-left:var(--wp--preset--spacing--30);padding-top:var(--wp--preset--spacing--40);padding-right:var(--wp--preset--spacing--20);padding-bottom:var(--wp--preset--spacing--40);padding-left:var(--wp--preset--spacing--20)\">Estuvimos enteramente dispuestos a dejar que Dios nos liberase de nuestros\ndefectos.<\/p>\n<\/div><\/div>\n\n\n\n<div class=\"wp-block-gutenverse-column guten-element guten-column guten-lfcDsR\"><div class=\"guten-column-wrapper\" data-id=\"lfcDsR\">\n<div class=\"wp-block-gutenverse-image guten-element guten-image guten-Y7KwSY\"><div class=\"guten-image-wrapper\"><img decoding=\"async\" class=\"gutenverse-image-box-filled\" src=\"https:\/\/aaqc.eclipse-internet.ca\/wp-content\/uploads\/2024\/03\/path07.2.webp\" height=\"98\" width=\"59\"\/><\/div><\/div>\n\n\n\n<p class=\"has-text-align-center has-startupzy-secondary-color has-text-color has-link-color has-fira-sans-font-family has-normal-font-size wp-elements-753f34bed80b1cab2f64687b362465f9\" style=\"margin-top:0;margin-right:var(--wp--preset--spacing--30);margin-bottom:0;margin-left:var(--wp--preset--spacing--30);padding-top:var(--wp--preset--spacing--40);padding-right:var(--wp--preset--spacing--20);padding-bottom:var(--wp--preset--spacing--40);padding-left:var(--wp--preset--spacing--20)\">Humildemente le pedimos que nos liberase de nuestros defectos.<\/p>\n<\/div><\/div>\n\n\n\n<div class=\"wp-block-gutenverse-column guten-element guten-column guten-J5XX8E\"><div class=\"guten-column-wrapper\" data-id=\"J5XX8E\">\n<div class=\"wp-block-gutenverse-image guten-element guten-image guten-L5YXmT\"><div class=\"guten-image-wrapper\"><img decoding=\"async\" class=\"gutenverse-image-box-filled\" src=\"https:\/\/aaqc.eclipse-internet.ca\/wp-content\/uploads\/2024\/03\/path08.2.webp\" height=\"92\" width=\"60\"\/><\/div><\/div>\n\n\n\n<p class=\"has-text-align-center has-startupzy-secondary-color has-text-color has-link-color has-fira-sans-font-family has-normal-font-size wp-elements-191e257fe10e8ad18c6ddae8c76ceb83\" style=\"margin-top:0;margin-right:var(--wp--preset--spacing--30);margin-bottom:0;margin-left:var(--wp--preset--spacing--30);padding-top:var(--wp--preset--spacing--40);padding-right:var(--wp--preset--spacing--20);padding-bottom:var(--wp--preset--spacing--40);padding-left:var(--wp--preset--spacing--20)\">Hicimos una lista de todas aquellas personas a quienes hab\u00edamos ofendido y\nestuvimos dispuestos a reparar el da\u00f1o que les causamos.<\/p>\n<\/div><\/div>\n<\/div><\/section><\/div>\n\n\n\n<div class=\"section-wrapper\" data-id=\"bHeRRj\"><section class=\"wp-block-gutenverse-section guten-element guten-section guten-bHeRRj layout-boxed align-stretch\"><div class=\"guten-container guten-column-gap-default\">\n<div class=\"wp-block-gutenverse-column guten-element guten-column guten-nywt4p\"><div class=\"guten-column-wrapper\" data-id=\"nywt4p\">\n<div class=\"wp-block-gutenverse-image guten-element guten-image guten-Ct55z5\"><div class=\"guten-image-wrapper\"><img decoding=\"async\" class=\"gutenverse-image-box-filled\" src=\"https:\/\/aaqc.eclipse-internet.ca\/wp-content\/uploads\/2024\/03\/path09.2.webp\" height=\"94\" width=\"61\"\/><\/div><\/div>\n\n\n\n<p class=\"has-text-align-center has-startupzy-secondary-color has-text-color has-link-color has-fira-sans-font-family has-normal-font-size wp-elements-ab3261aea5a5f3dec052ac14fc3cf602\" style=\"margin-top:0;margin-right:var(--wp--preset--spacing--30);margin-bottom:0;margin-left:var(--wp--preset--spacing--30);padding-top:var(--wp--preset--spacing--40);padding-right:var(--wp--preset--spacing--20);padding-bottom:var(--wp--preset--spacing--40);padding-left:var(--wp--preset--spacing--20)\">Reparamos directamente a cuantos nos fue posible el da\u00f1o causado, excepto\ncuando el hacerlo implicaba perjuicio para ellos o para otros.<\/p>\n<\/div><\/div>\n\n\n\n<div class=\"wp-block-gutenverse-column guten-element guten-column guten-GKewZI\"><div class=\"guten-column-wrapper\" data-id=\"GKewZI\">\n<div class=\"wp-block-gutenverse-image guten-element guten-image guten-TayPdm\"><div class=\"guten-image-wrapper\"><img decoding=\"async\" class=\"gutenverse-image-box-filled\" src=\"https:\/\/aaqc.eclipse-internet.ca\/wp-content\/uploads\/2024\/03\/path10.2.webp\" height=\"99\" width=\"122\"\/><\/div><\/div>\n\n\n\n<p class=\"has-text-align-center has-startupzy-secondary-color has-text-color has-link-color has-fira-sans-font-family has-normal-font-size wp-elements-cfe27edbaf7da363196fc6c758f0b3f6\" style=\"margin-top:0;margin-right:var(--wp--preset--spacing--30);margin-bottom:0;margin-left:var(--wp--preset--spacing--30);padding-top:var(--wp--preset--spacing--40);padding-right:var(--wp--preset--spacing--20);padding-bottom:var(--wp--preset--spacing--40);padding-left:var(--wp--preset--spacing--20)\">Continuamos haciendo nuestro inventario personal y cuando nos\nequivoc\u00e1bamos lo admit\u00edamos inmediatamente.<\/p>\n<\/div><\/div>\n\n\n\n<div class=\"wp-block-gutenverse-column guten-element guten-column guten-SDHzXV\"><div class=\"guten-column-wrapper\" data-id=\"SDHzXV\">\n<div class=\"wp-block-gutenverse-image guten-element guten-image guten-BdoeHK\"><div class=\"guten-image-wrapper\"><img decoding=\"async\" class=\"gutenverse-image-box-filled\" src=\"https:\/\/aaqc.eclipse-internet.ca\/wp-content\/uploads\/2024\/03\/path11.2.webp\" height=\"94\" width=\"92\"\/><\/div><\/div>\n\n\n\n<p class=\"has-text-align-center has-startupzy-secondary-color has-text-color has-link-color has-fira-sans-font-family has-normal-font-size wp-elements-431f421733f2c0d744e84826f2ba6329\" style=\"margin-top:0;margin-right:var(--wp--preset--spacing--30);margin-bottom:0;margin-left:var(--wp--preset--spacing--30);padding-top:var(--wp--preset--spacing--40);padding-right:var(--wp--preset--spacing--20);padding-bottom:var(--wp--preset--spacing--40);padding-left:var(--wp--preset--spacing--20)\">Buscamos a trav\u00e9s de la oraci\u00f3n y la meditaci\u00f3n mejorar nuestro contacto\nconsciente con Dios como nosotros lo concebimos, pidi\u00e9ndole solamente que\nnos dejase conocer su voluntad para con nosotros y nos diese la fortaleza\npara cumplirla.<\/p>\n<\/div><\/div>\n\n\n\n<div class=\"wp-block-gutenverse-column guten-element guten-column guten-mCGPtf\"><div class=\"guten-column-wrapper\" data-id=\"mCGPtf\">\n<div class=\"wp-block-gutenverse-image guten-element guten-image guten-UsWjqS\"><div class=\"guten-image-wrapper\"><img decoding=\"async\" class=\"gutenverse-image-box-filled\" src=\"https:\/\/aaqc.eclipse-internet.ca\/wp-content\/uploads\/2024\/03\/path12.2.webp\" height=\"95\" width=\"115\"\/><\/div><\/div>\n\n\n\n<p class=\"has-text-align-center has-startupzy-secondary-color has-text-color has-link-color has-fira-sans-font-family has-normal-font-size wp-elements-47041fdfb9514e35463ae52e842b6199\" style=\"margin-top:0;margin-right:var(--wp--preset--spacing--30);margin-bottom:0;margin-left:var(--wp--preset--spacing--30);padding-top:var(--wp--preset--spacing--40);padding-right:var(--wp--preset--spacing--20);padding-bottom:var(--wp--preset--spacing--40);padding-left:var(--wp--preset--spacing--20)\">Habiendo obtenido un despertar espiritual como resultado de estos pasos,\ntratamos de llevar el mensaje a los alcoh\u00f3licos y de practicar estos principios\nen todos nuestros asuntos.<\/p>\n<\/div><\/div>\n<\/div><\/section><\/div>\n\n\n\n<div class=\"section-wrapper\" data-id=\"YbyBSp\"><section class=\"wp-block-gutenverse-section guten-element guten-section guten-YbyBSp layout-boxed align-stretch\"><div class=\"guten-container guten-column-gap-default\">\n<div class=\"wp-block-gutenverse-column guten-element guten-column guten-g0u9Ef\"><div class=\"guten-column-wrapper\" data-id=\"g0u9Ef\">\n<p class=\"has-text-align-right has-startupzy-secondary-color has-text-color has-link-color has-fira-sans-font-family wp-elements-c7d969f8fe8bd017a5ea44e2090e786e\" style=\"margin-top:0;margin-right:var(--wp--preset--spacing--30);margin-bottom:0;margin-left:var(--wp--preset--spacing--30);padding-top:var(--wp--preset--spacing--40);padding-right:var(--wp--preset--spacing--20);padding-bottom:var(--wp--preset--spacing--40);padding-left:var(--wp--preset--spacing--20)\">Fragmentos de: Alcoh\u00f3licos An\u00f3nimos, Cuarta Edici\u00f3n, p\u00e1gs. 66-67<\/p>\n<\/div><\/div>\n<\/div><\/section><\/div>\n<\/div><\/div>\n<\/div><\/section><\/div>","protected":false},"excerpt":{"rendered":"<p>Los 12 pasos<\/p>","protected":false},"author":4,"featured_media":0,"parent":0,"menu_order":0,"comment_status":"closed","ping_status":"closed","template":"","meta":{"footnotes":""},"class_list":["post-47","page","type-page","status-publish","hentry"],"_links":{"self":[{"href":"https:\/\/aa-quebec.org\/es\/wp-json\/wp\/v2\/pages\/47","targetHints":{"allow":["GET"]}}],"collection":[{"href":"https:\/\/aa-quebec.org\/es\/wp-json\/wp\/v2\/pages"}],"about":[{"href":"https:\/\/aa-quebec.org\/es\/wp-json\/wp\/v2\/types\/page"}],"author":[{"embeddable":true,"href":"https:\/\/aa-quebec.org\/es\/wp-json\/wp\/v2\/users\/4"}],"replies":[{"embeddable":true,"href":"https:\/\/aa-quebec.org\/es\/wp-json\/wp\/v2\/comments?post=47"}],"version-history":[{"count":55,"href":"https:\/\/aa-quebec.org\/es\/wp-json\/wp\/v2\/pages\/47\/revisions"}],"predecessor-version":[{"id":29368,"href":"https:\/\/aa-quebec.org\/es\/wp-json\/wp\/v2\/pages\/47\/revisions\/29368"}],"wp:attachment":[{"href":"https:\/\/aa-quebec.org\/es\/wp-json\/wp\/v2\/media?parent=47"}],"curies":[{"name":"wp","href":"https:\/\/api.w.org\/{rel}","templated":true}]}}