{"id":29337,"date":"2025-10-31T10:33:20","date_gmt":"2025-10-31T14:33:20","guid":{"rendered":"https:\/\/futur.aa-quebec.org\/?page_id=29337"},"modified":"2025-10-31T10:35:00","modified_gmt":"2025-10-31T14:35:00","slug":"pajaros-nocturnos","status":"publish","type":"page","link":"https:\/\/aa-quebec.org\/es\/oiseaux-de-nuit\/","title":{"rendered":"Oiseaux de nuit"},"content":{"rendered":"<div class=\"section-wrapper\" data-id=\"4NNmJM\"><section class=\"wp-block-gutenverse-section guten-element guten-section guten-4NNmJM layout-boxed align-stretch\"><div class=\"guten-container guten-column-gap-default\">\n<div class=\"wp-block-gutenverse-column guten-element guten-column guten-0pchFR\"><div class=\"guten-column-wrapper\" data-id=\"0pchFR\">\n<div class=\"wpcf7 no-js\" id=\"wpcf7-f29336-o1\" lang=\"fr-CA\" dir=\"ltr\" data-wpcf7-id=\"29336\">\n<div class=\"screen-reader-response\"><p role=\"status\" aria-live=\"polite\" aria-atomic=\"true\"><\/p> <ul><\/ul><\/div>\n<form action=\"\/es\/wp-json\/wp\/v2\/pages\/29337#wpcf7-f29336-o1\" method=\"post\" class=\"wpcf7-form init\" aria-label=\"Contact form\" novalidate=\"novalidate\" data-status=\"init\" data-trp-original-action=\"\/es\/wp-json\/wp\/v2\/pages\/29337#wpcf7-f29336-o1\">\n<fieldset class=\"hidden-fields-container\"><input type=\"hidden\" name=\"_wpcf7\" value=\"29336\" \/><input type=\"hidden\" name=\"_wpcf7_version\" value=\"6.1.5\" \/><input type=\"hidden\" name=\"_wpcf7_locale\" value=\"fr_CA\" \/><input type=\"hidden\" name=\"_wpcf7_unit_tag\" value=\"wpcf7-f29336-o1\" \/><input type=\"hidden\" name=\"_wpcf7_container_post\" value=\"0\" \/><input type=\"hidden\" name=\"_wpcf7_posted_data_hash\" value=\"\" \/>\n<\/fieldset>\n<h2>Candidato\n<\/h2>\n<p><label>Nombre *<br \/>\n<span class=\"wpcf7-form-control-wrap\" data-name=\"nomCandidat\"><input size=\"40\" maxlength=\"400\" class=\"wpcf7-form-control wpcf7-text wpcf7-validates-as-required\" aria-required=\"true\" aria-invalid=\"false\" value=\"\" type=\"text\" name=\"nomCandidat\" \/><\/span><br \/>\n<\/label>\n<\/p>\n<p><label>Tel\u00e9fono *<br \/>\n<span class=\"wpcf7-form-control-wrap\" data-name=\"telCandidat\"><input size=\"40\" maxlength=\"400\" class=\"wpcf7-form-control wpcf7-tel wpcf7-validates-as-required wpcf7-text wpcf7-validates-as-tel\" aria-required=\"true\" aria-invalid=\"false\" value=\"\" type=\"tel\" name=\"telCandidat\" \/><\/span><br \/>\n<\/label>\n<\/p>\n<p><label>Correo electr\u00f3nico<br \/>\n<span class=\"wpcf7-form-control-wrap\" data-name=\"courCandidat\"><input size=\"40\" maxlength=\"400\" class=\"wpcf7-form-control wpcf7-email wpcf7-text wpcf7-validates-as-email\" aria-invalid=\"false\" value=\"\" type=\"email\" name=\"courCandidat\" \/><\/span><br \/>\n<\/label>\n<\/p>\n<fieldset>\n\t<legend>\n\t\t<h2>Informaci\u00f3n\n\t\t<\/h2>\n\t<\/legend>\n\t<p><label>Avez-vous d\u00e9j\u00e0 fait de l'\u00e9coute t\u00e9l\u00e9phonique ?<br \/>\n<span class=\"wpcf7-form-control-wrap\" data-name=\"experienceTel\"><input size=\"40\" maxlength=\"400\" class=\"wpcf7-form-control wpcf7-text\" aria-invalid=\"false\" value=\"\" type=\"text\" name=\"experienceTel\" \/><\/span><br \/>\n<\/label>\n\t<\/p>\n\t<p><label>Seriez-vous int\u00e9ress\u00e9 par une formation sur l'\u00e9coute t\u00e9l\u00e9phonique ?<br \/>\n<span class=\"wpcf7-form-control-wrap\" data-name=\"interetFormation\"><input size=\"40\" maxlength=\"400\" class=\"wpcf7-form-control wpcf7-text\" aria-invalid=\"false\" value=\"\" type=\"text\" name=\"interetFormation\" \/><\/span><br \/>\n<\/label>\n\t<\/p>\n\t<p><label>Ciudad, distrito y regi\u00f3n que desea atender.<br \/>\n<span class=\"wpcf7-form-control-wrap\" data-name=\"districtVille\"><input size=\"40\" maxlength=\"400\" class=\"wpcf7-form-control wpcf7-text\" aria-invalid=\"false\" value=\"\" type=\"text\" name=\"districtVille\" \/><\/span><br \/>\n<\/label>\n\t<\/p>\n\t<h3>Quieres ?\n\t<\/h3>\n\t<p>\u00a1Marca tantos d\u00edas como quieras!<br \/>\n<span class=\"wpcf7-form-control-wrap\" data-name=\"typeecoute\"><span class=\"wpcf7-form-control wpcf7-checkbox\"><span class=\"wpcf7-list-item first\"><input type=\"checkbox\" name=\"typeecoute[]\" value=\"Faire l&#039;\u00e9coute de nuit\" \/><span class=\"wpcf7-list-item-label\">Escuchando de noche<\/span><\/span><span class=\"wpcf7-list-item last\"><input type=\"checkbox\" name=\"typeecoute[]\" value=\"R\u00e9pondre aux textos\" \/><span class=\"wpcf7-list-item-label\">Responder a mensajes de texto<\/span><\/span><\/span><\/span>\n\t<\/p>\n\t<h3>Disponibilidad\n\t<\/h3>\n\t<p>\u00a1Marca tantos d\u00edas como quieras!<br \/>\n<span class=\"wpcf7-form-control-wrap\" data-name=\"disponibilite\"><span class=\"wpcf7-form-control wpcf7-checkbox\"><span class=\"wpcf7-list-item first\"><input type=\"checkbox\" name=\"disponibilite[]\" value=\"Dimanche\" \/><span class=\"wpcf7-list-item-label\">Domingo<\/span><\/span><span class=\"wpcf7-list-item\"><input type=\"checkbox\" name=\"disponibilite[]\" value=\"Lundi\" \/><span class=\"wpcf7-list-item-label\">Lunes<\/span><\/span><span class=\"wpcf7-list-item\"><input type=\"checkbox\" name=\"disponibilite[]\" value=\"Mardi\" \/><span class=\"wpcf7-list-item-label\">Martes<\/span><\/span><span class=\"wpcf7-list-item\"><input type=\"checkbox\" name=\"disponibilite[]\" value=\"Mercredi\" \/><span class=\"wpcf7-list-item-label\">Mi\u00e9rcoles<\/span><\/span><span class=\"wpcf7-list-item\"><input type=\"checkbox\" name=\"disponibilite[]\" value=\"Jeudi\" \/><span class=\"wpcf7-list-item-label\">JUEVES<\/span><\/span><span class=\"wpcf7-list-item\"><input type=\"checkbox\" name=\"disponibilite[]\" value=\"Vendredi\" \/><span class=\"wpcf7-list-item-label\">Viernes<\/span><\/span><span class=\"wpcf7-list-item last\"><input type=\"checkbox\" name=\"disponibilite[]\" value=\"Samedi\" \/><span class=\"wpcf7-list-item-label\">S\u00c1BADO<\/span><\/span><\/span><\/span>\n\t<\/p>\n\t<p><label>\u00bfCu\u00e1l es el mejor momento para contactarme?<br \/>\n<span class=\"wpcf7-form-control-wrap\" data-name=\"meilleurMoment\"><input size=\"40\" maxlength=\"400\" class=\"wpcf7-form-control wpcf7-text\" aria-invalid=\"false\" value=\"\" type=\"text\" name=\"meilleurMoment\" \/><\/span><br \/>\n<\/label>\n\t<\/p>\n\t<p><label>\u00bfCu\u00e1les son mis horarios disponibles (entre las 22:00 y las 8:00)? \u00bfAlg\u00fan comentario?<br \/>\n<span class=\"wpcf7-form-control-wrap\" data-name=\"commentaires\"><textarea cols=\"40\" rows=\"10\" maxlength=\"2000\" class=\"wpcf7-form-control wpcf7-textarea\" aria-invalid=\"false\" name=\"commentaires\"><\/textarea><\/span><br \/>\n<\/label>\n\t<\/p>\n<\/fieldset>\n<p><input class=\"wpcf7-form-control wpcf7-submit has-spinner\" type=\"submit\" value=\"Enviar\" \/>\n<\/p><div class=\"wpcf7-response-output\" aria-hidden=\"true\"><\/div>\n<input type=\"hidden\" name=\"trp-form-language\" value=\"es\"\/><\/form>\n<\/div>\n\n<\/div><\/div>\n<\/div><\/section><\/div>","protected":false},"excerpt":{"rendered":"","protected":false},"author":4,"featured_media":0,"parent":0,"menu_order":0,"comment_status":"closed","ping_status":"closed","template":"","meta":{"footnotes":""},"class_list":["post-29337","page","type-page","status-publish","hentry"],"_links":{"self":[{"href":"https:\/\/aa-quebec.org\/es\/wp-json\/wp\/v2\/pages\/29337","targetHints":{"allow":["GET"]}}],"collection":[{"href":"https:\/\/aa-quebec.org\/es\/wp-json\/wp\/v2\/pages"}],"about":[{"href":"https:\/\/aa-quebec.org\/es\/wp-json\/wp\/v2\/types\/page"}],"author":[{"embeddable":true,"href":"https:\/\/aa-quebec.org\/es\/wp-json\/wp\/v2\/users\/4"}],"replies":[{"embeddable":true,"href":"https:\/\/aa-quebec.org\/es\/wp-json\/wp\/v2\/comments?post=29337"}],"version-history":[{"count":3,"href":"https:\/\/aa-quebec.org\/es\/wp-json\/wp\/v2\/pages\/29337\/revisions"}],"predecessor-version":[{"id":29341,"href":"https:\/\/aa-quebec.org\/es\/wp-json\/wp\/v2\/pages\/29337\/revisions\/29341"}],"wp:attachment":[{"href":"https:\/\/aa-quebec.org\/es\/wp-json\/wp\/v2\/media?parent=29337"}],"curies":[{"name":"wp","href":"https:\/\/api.w.org\/{rel}","templated":true}]}}