{"id":27887,"date":"2024-10-13T14:19:03","date_gmt":"2024-10-13T18:19:03","guid":{"rendered":"https:\/\/futur.aa-quebec.org\/?page_id=27887"},"modified":"2025-11-06T16:06:37","modified_gmt":"2025-11-06T21:06:37","slug":"introduccion-a-aa-una-descripcion-general","status":"publish","type":"page","link":"https:\/\/aa-quebec.org\/es\/introduction-aux-aa-un-apercu\/","title":{"rendered":"\u00bfQu\u00e9 es AA?"},"content":{"rendered":"<div class=\"section-wrapper\" data-id=\"xyEYle\"><section class=\"wp-block-gutenverse-section guten-element guten-section guten-xyEYle layout-boxed align-stretch\"><div class=\"guten-container guten-column-gap-default\">\n<div class=\"wp-block-gutenverse-column guten-element guten-column guten-Fxm9Ed\"><div class=\"guten-column-wrapper\" data-id=\"Fxm9Ed\">\n<div class=\"wp-block-gutenverse-image guten-element guten-image guten-rTfu1G\"><div class=\"guten-image-wrapper\"><img decoding=\"async\" class=\"gutenverse-image-box-filled\" src=\"https:\/\/aa-quebec.org\/wp-content\/uploads\/2025\/04\/QuestcequelesAA.png\" height=\"768\" width=\"768\"\/><\/div><\/div>\n<\/div><\/div>\n\n\n\n<div class=\"wp-block-gutenverse-column guten-element guten-column guten-Dd2GiT\"><div class=\"guten-column-wrapper\" data-id=\"Dd2GiT\">\n<h1 class=\"wp-block-heading\" style=\"font-size:45px\">\u00bfQu\u00e9 es AA?<\/h1>\n\n\n\n<p class=\"has-text-align-left\" style=\"font-size:30px\">Alcoh\u00f3licos An\u00f3nimos es una comunidad de personas que se re\u00fanen para resolver su problema con la bebida. Asistir a reuniones de A.A. no cuesta nada. No hay ning\u00fan requisito de edad o nivel de educaci\u00f3n para participar. Cualquiera que quiera hacer algo para resolver su problema con la bebida puede hacerse miembro.\n\nEl prop\u00f3sito primordial de A.A. es ayudar a los alcoh\u00f3licos a lograr la sobriedad.<\/p>\n\n\n\n<p class=\"has-text-align-left\" style=\"font-size:30px\">El objetivo principal de AA es ayudar a los alcoh\u00f3licos a lograr la sobriedad.<\/p>\n<\/div><\/div>\n<\/div><\/section><\/div>\n\n\n\n<div class=\"section-wrapper\" data-id=\"KKSszT\"><section class=\"wp-block-gutenverse-section guten-element guten-section guten-KKSszT layout-boxed align-stretch\"><div class=\"guten-container guten-column-gap-default\">\n<div style=\"height:60px\" aria-hidden=\"true\" class=\"wp-block-spacer\"><\/div>\n<\/div><\/section><\/div>\n\n\n\n<div class=\"section-wrapper\" data-id=\"R0uzgw\"><section class=\"wp-block-gutenverse-section guten-element guten-section guten-R0uzgw layout-boxed align-stretch\"><div class=\"guten-container guten-column-gap-default\">\n<div class=\"wp-block-gutenverse-column guten-element guten-column guten-OUJLCC\"><div class=\"guten-column-wrapper\" data-id=\"OUJLCC\">\n<h1 class=\"wp-block-heading\" style=\"font-size:45px\">Mantener la abstinencia<\/h1>\n\n\n\n<p class=\"has-text-align-left\" style=\"font-size:30px\">Alcoh\u00f3licos An\u00f3nimos ofrece un programa de abstinencia total. Los miembros se abstienen de beber una copa al d\u00eda. Mantienen su sobriedad compartiendo su experiencia, fortaleza y esperanza en las reuniones de grupo y practicando los Doce Pasos propuestos para la recuperaci\u00f3n del alcoholismo.<\/p>\n<\/div><\/div>\n\n\n\n<div class=\"wp-block-gutenverse-column guten-element guten-column guten-sPP7ZX\"><div class=\"guten-column-wrapper\" data-id=\"sPP7ZX\">\n<div class=\"wp-block-gutenverse-image guten-element guten-image guten-pIqB1a\"><div class=\"guten-image-wrapper\"><img decoding=\"async\" class=\"gutenverse-image-box-filled\" src=\"https:\/\/aa-quebec.org\/wp-content\/uploads\/2025\/05\/maintien_abstinence_v3.png\" height=\"1024\" width=\"1024\"\/><\/div><\/div>\n<\/div><\/div>\n<\/div><\/section><\/div>\n\n\n\n<div class=\"section-wrapper\" data-id=\"qy6IsH\"><section class=\"wp-block-gutenverse-section guten-element guten-section guten-qy6IsH layout-boxed align-stretch\"><div class=\"guten-container guten-column-gap-default\">\n<div style=\"height:30px\" aria-hidden=\"true\" class=\"wp-block-spacer\"><\/div>\n<\/div><\/section><\/div>\n\n\n\n<div class=\"section-wrapper\" data-id=\"m4ZCYw\"><section class=\"wp-block-gutenverse-section guten-element guten-section guten-m4ZCYw layout-boxed align-stretch\"><div class=\"guten-container guten-column-gap-default\">\n<div class=\"wp-block-gutenverse-column guten-element guten-column guten-kMoTBT\"><div class=\"guten-column-wrapper\" data-id=\"kMoTBT\">\n<h1 class=\"wp-block-heading has-text-align-center\" style=\"border-style:none;border-width:0px;border-radius:0px;font-size:45px\">Cualquier persona puede asistir a las reuniones abiertas de AA.<\/h1>\n\n\n\n<div style=\"height:70px\" aria-hidden=\"true\" class=\"wp-block-spacer\"><\/div>\n\n\n\n<p class=\"has-text-align-center\" style=\"font-size:30px\">Estas reuniones son abiertas al p\u00fablico. Generalmente se desarrollan de la siguiente manera: un moderador describe brevemente el programa de AA y luego presenta a dos o tres invitados que comparten sus experiencias como bebedores de AA y su recuperaci\u00f3n dentro del programa. Tambi\u00e9n puede haber reuniones informativas dedicadas exclusivamente a informar al p\u00fablico no alcoh\u00f3lico sobre AA. M\u00e9dicos, miembros del clero y funcionarios p\u00fablicos est\u00e1n invitados a estas reuniones. Las reuniones privadas con debates son solo para alcoh\u00f3licos.<\/p>\n<\/div><\/div>\n<\/div><\/section><\/div>\n\n\n\n<div class=\"wp-block-gutenverse-image guten-element guten-image guten-VLIB7s\"><div class=\"guten-image-wrapper\"><img decoding=\"async\" class=\"gutenverse-image-box-filled\" src=\"https:\/\/aa-quebec.org\/wp-content\/uploads\/2025\/05\/assister_aux_reunions.png\" height=\"1024\" width=\"1536\"\/><\/div><\/div>\n\n\n\n<div class=\"section-wrapper\" data-id=\"uXg4mj\"><section class=\"wp-block-gutenverse-section guten-element guten-section guten-uXg4mj layout-boxed align-stretch\"><div class=\"guten-container guten-column-gap-default\">\n<div class=\"wp-block-gutenverse-column guten-element guten-column guten-BiLB5Y\"><div class=\"guten-column-wrapper\" data-id=\"BiLB5Y\">\n<h1 class=\"wp-block-heading has-text-align-center\" style=\"border-style:none;border-width:0px;border-radius:0px;font-size:45px\">Lo que AA no hace<\/h1>\n\n\n\n<div style=\"height:70px\" aria-hidden=\"true\" class=\"wp-block-spacer\"><\/div>\n\n\n\n<p class=\"has-text-align-center\" style=\"font-size:30px\">Alcoh\u00f3licos An\u00f3nimos no proporciona la motivaci\u00f3n inicial para animar a los alcoh\u00f3licos a recuperarse\u2026 no recluta\u2026 no realiza ni patrocina investigaciones\u2026 no lleva registros de asistencia ni expedientes personales\u2026 no se asocia con \u00abconsejos\u00bb de servicios sociales\u2026 no supervisa ni controla a sus miembros\u2026 no realiza diagn\u00f3sticos ni pron\u00f3sticos m\u00e9dicos ni psicol\u00f3gicos\u2026 no proporciona servicios de desintoxicaci\u00f3n, enfermer\u00eda ni recuperaci\u00f3n, hospitalizaci\u00f3n, medicamentos ni tratamiento m\u00e9dico ni psiqui\u00e1trico\u2026 no ofrece servicios religiosos ni organiza ni promueve retiros\u2026 no proporciona educaci\u00f3n sobre el alcohol\u2026 no proporciona vivienda, comida, ropa, empleo, dinero ni ning\u00fan servicio social o de asistencia\u2026 no ofrece servicios de asesoramiento dom\u00e9stico ni profesional\u2026 no acepta dinero para<br>ni prestan sus servicios, ni aceptan contribuciones externas\u2026 no dan cartas de recomendaci\u00f3n a juntas de libertad condicional, abogados, funcionarios judiciales, agencias de servicios sociales, empleadores, etc.<\/p>\n<\/div><\/div>\n<\/div><\/section><\/div>\n\n\n\n<div class=\"section-wrapper\" data-id=\"687xMX\"><section class=\"wp-block-gutenverse-section guten-element guten-section guten-687xMX layout-boxed align-stretch\"><div class=\"guten-container guten-column-gap-default\">\n<div class=\"wp-block-gutenverse-column guten-element guten-column guten-1BSxgn\"><div class=\"guten-column-wrapper\" data-id=\"1BSxgn\">\n<div class=\"guten-element guten-spacer guten-VvwOTZ\"><\/div>\n\n\n\n<p style=\"font-style:normal;font-weight:500\">Alcoholics Anonymous World Services, Inc. no ha aprobado, respaldado, revisado ni est\u00e1 afiliada a este sitio web, y la posibilidad de enlazar con aa.org no implica que lo haya hecho. El texto anterior se ha tomado parcial o totalmente de la p\u00e1gina siguiente:  <a href=\"https:\/\/www.aa.org\/es\/what-is-aa\" data-type=\"link\" data-id=\"https:\/\/www.aa.org\/fr\/what-is-aa\">\u00bfQu\u00e9 es A.A.(p\u00e1gina web)?<\/a><\/p>\n\n\n\n<div class=\"guten-element guten-spacer guten-xdxfUh\"><\/div>\n<\/div><\/div>\n<\/div><\/section><\/div>","protected":false},"excerpt":{"rendered":"","protected":false},"author":4,"featured_media":0,"parent":0,"menu_order":0,"comment_status":"closed","ping_status":"closed","template":"","meta":{"footnotes":""},"class_list":["post-27887","page","type-page","status-publish","hentry"],"_links":{"self":[{"href":"https:\/\/aa-quebec.org\/es\/wp-json\/wp\/v2\/pages\/27887","targetHints":{"allow":["GET"]}}],"collection":[{"href":"https:\/\/aa-quebec.org\/es\/wp-json\/wp\/v2\/pages"}],"about":[{"href":"https:\/\/aa-quebec.org\/es\/wp-json\/wp\/v2\/types\/page"}],"author":[{"embeddable":true,"href":"https:\/\/aa-quebec.org\/es\/wp-json\/wp\/v2\/users\/4"}],"replies":[{"embeddable":true,"href":"https:\/\/aa-quebec.org\/es\/wp-json\/wp\/v2\/comments?post=27887"}],"version-history":[{"count":71,"href":"https:\/\/aa-quebec.org\/es\/wp-json\/wp\/v2\/pages\/27887\/revisions"}],"predecessor-version":[{"id":29377,"href":"https:\/\/aa-quebec.org\/es\/wp-json\/wp\/v2\/pages\/27887\/revisions\/29377"}],"wp:attachment":[{"href":"https:\/\/aa-quebec.org\/es\/wp-json\/wp\/v2\/media?parent=27887"}],"curies":[{"name":"wp","href":"https:\/\/api.w.org\/{rel}","templated":true}]}}