{"id":275,"date":"2024-03-06T08:38:29","date_gmt":"2024-03-06T13:38:29","guid":{"rendered":"https:\/\/aaqc.eclipse-internet.ca\/?page_id=275"},"modified":"2025-11-06T16:02:59","modified_gmt":"2025-11-06T21:02:59","slug":"necesito-ayuda","status":"publish","type":"page","link":"https:\/\/aa-quebec.org\/es\/jai-besoin-daide\/","title":{"rendered":"Nuevo en AA"},"content":{"rendered":"<div class=\"section-wrapper\" data-id=\"R0uzgw\"><section class=\"wp-block-gutenverse-section guten-element guten-section guten-R0uzgw layout-boxed align-stretch\"><div class=\"guten-container guten-column-gap-default\">\n<div class=\"wp-block-gutenverse-column guten-element guten-column guten-OUJLCC\"><div class=\"guten-column-wrapper\" data-id=\"OUJLCC\">\n<h1 class=\"wp-block-heading\" style=\"font-size:45px\">\u00bfNecesita ayuda para un problema con la bebida?<\/h1>\n\n\n\n<p class=\"has-text-align-left\" style=\"font-size:30px\">AA tiene una soluci\u00f3n. Esta no es una promesa vana. AA viene ayudando a los alcoh\u00f3licos a recuperarse desde hace m\u00e1s de 80 a\u00f1os. El programa de recuperaci\u00f3n de AA tiene un fundamento simple: un alcoh\u00f3lico que comparte con otro. Si su forma de beber est\u00e1 fuera de control, AA puede ayudar.<\/p>\n<\/div><\/div>\n\n\n\n<div class=\"wp-block-gutenverse-column guten-element guten-column guten-sPP7ZX\"><div class=\"guten-column-wrapper\" data-id=\"sPP7ZX\">\n<div class=\"wp-block-gutenverse-image guten-element guten-image guten-zqaAaw\"><div class=\"guten-image-wrapper\"><img decoding=\"async\" class=\"gutenverse-image-box-filled\" src=\"https:\/\/aa-quebec.org\/wp-content\/uploads\/2025\/11\/besoindaide01es.png\" height=\"768\" width=\"768\"\/><\/div><\/div>\n<\/div><\/div>\n<\/div><\/section><\/div>\n\n\n\n<div class=\"section-wrapper\" data-id=\"KKSszT\"><section class=\"wp-block-gutenverse-section guten-element guten-section guten-KKSszT layout-boxed align-stretch\"><div class=\"guten-container guten-column-gap-default\">\n<div style=\"height:60px\" aria-hidden=\"true\" class=\"wp-block-spacer\"><\/div>\n<\/div><\/section><\/div>\n\n\n\n<div class=\"section-wrapper\" data-id=\"CEYrp2\"><section class=\"wp-block-gutenverse-section guten-element guten-section guten-CEYrp2 layout-boxed align-stretch\"><div class=\"guten-container guten-column-gap-default\">\n<div class=\"wp-block-gutenverse-column guten-element guten-column guten-dRg7L2\"><div class=\"guten-column-wrapper\" data-id=\"dRg7L2\">\n<h1 class=\"wp-block-heading\" style=\"font-size:45px\">\u00bfEst\u00e1 listo para su primera reuni\u00f3n?<\/h1>\n\n\n\n<div class=\"guten-element guten-spacer guten-6qB7sI\"><\/div>\n\n\n\n<h1 class=\"wp-block-heading\" style=\"font-size:40px\">Sepa qu\u00e9 esperar.<\/h1>\n<\/div><\/div>\n<\/div><\/section><\/div>\n\n\n\n<div class=\"section-wrapper\" data-id=\"tQd0Zx\"><section class=\"wp-block-gutenverse-section guten-element guten-section guten-tQd0Zx layout-boxed align-stretch\"><div class=\"guten-container guten-column-gap-default\">\n<div class=\"wp-block-gutenverse-column guten-element guten-column guten-0fszVm\"><div class=\"guten-column-wrapper\" data-id=\"0fszVm\">\n<div class=\"wp-block-gutenverse-image guten-element guten-image guten-GiwuSn\"><div class=\"guten-image-wrapper\"><img decoding=\"async\" class=\"gutenverse-image-box-filled\" src=\"https:\/\/aa-quebec.org\/wp-content\/uploads\/2026\/02\/jaibesoindaideespagnol2.png\" height=\"768\" width=\"768\"\/><\/div><\/div>\n<\/div><\/div>\n\n\n\n<div class=\"wp-block-gutenverse-column guten-element guten-column guten-3hrpmb\"><div class=\"guten-column-wrapper\" data-id=\"3hrpmb\">\n<p class=\"has-text-align-left\" style=\"font-size:30px\">Cualquiera que tenga el deseo de dejar de beber es bienvenido, sin importar su raza, g\u00e9nero, orientaci\u00f3n sexual, religi\u00f3n, nivel de ingresos o profesi\u00f3n. No tiene que pagar nada para asistir a reuniones.<\/p>\n\n\n\n<p class=\"has-text-align-left\" style=\"font-size:30px\">Simplemente puede sentarse y escuchar y aprender m\u00e1s acerca de la recuperaci\u00f3n, o puede compartir sobre su situaci\u00f3n. Todo depende de usted.<\/p>\n<\/div><\/div>\n<\/div><\/section><\/div>\n\n\n\n<div class=\"section-wrapper\" data-id=\"fO4HI1\"><section class=\"wp-block-gutenverse-section guten-element guten-section guten-fO4HI1 layout-boxed align-stretch\"><div class=\"guten-container guten-column-gap-default\">\n<div style=\"height:60px\" aria-hidden=\"true\" class=\"wp-block-spacer\"><\/div>\n<\/div><\/section><\/div>\n\n\n\n<div class=\"section-wrapper\" data-id=\"oA1jOs\"><section class=\"wp-block-gutenverse-section guten-element guten-section guten-oA1jOs layout-boxed align-stretch\"><div class=\"guten-container guten-column-gap-default\">\n<div class=\"wp-block-gutenverse-column guten-element guten-column guten-I2yHxd\"><div class=\"guten-column-wrapper\" data-id=\"I2yHxd\">\n<h1 class=\"wp-block-heading\" style=\"font-size:45px\">\u00danase a otras personas en el camino de la recuperaci\u00f3n<\/h1>\n<\/div><\/div>\n<\/div><\/section><\/div>\n\n\n\n<div class=\"section-wrapper\" data-id=\"OJpikL\"><section class=\"wp-block-gutenverse-section guten-element guten-section guten-OJpikL layout-boxed align-stretch\"><div class=\"guten-container guten-column-gap-default\">\n<div class=\"wp-block-gutenverse-column guten-element guten-column guten-aNb7Pg\"><div class=\"guten-column-wrapper\" data-id=\"aNb7Pg\">\n<div class=\"guten-element guten-button-wrapper guten-50cmN4\"><a class=\"guten-button slow guten-button-xl\" href=\"https:\/\/meetings.aa-quebec.org\" target=\"_blank\" rel=\"noreferrer noopener\"><span>Encuentre AA cerca de usted<\/span><\/a><\/div>\n<\/div><\/div>\n\n\n\n<div class=\"wp-block-gutenverse-column guten-element guten-column guten-T4TzgQ\"><div class=\"guten-column-wrapper\" data-id=\"T4TzgQ\">\n<div class=\"guten-element guten-button-wrapper guten-lPZkUm\"><a class=\"guten-button slow guten-button-xl\" href=\"https:\/\/www.aa.org\/es\/information-about-meetings\" target=\"_blank\" rel=\"noreferrer noopener\"><span>Sepa m\u00e1s sobre las reuniones<\/span><\/a><\/div>\n<\/div><\/div>\n<\/div><\/section><\/div>\n\n\n\n<div class=\"section-wrapper\" data-id=\"Lq0nep\"><section class=\"wp-block-gutenverse-section guten-element guten-section guten-Lq0nep layout-boxed align-stretch\"><div class=\"guten-container guten-column-gap-default\">\n<div style=\"height:60px\" aria-hidden=\"true\" class=\"wp-block-spacer\"><\/div>\n<\/div><\/section><\/div>\n\n\n\n<div class=\"section-wrapper\" data-id=\"687xMX\"><section class=\"wp-block-gutenverse-section guten-element guten-section guten-687xMX layout-boxed align-stretch\"><div class=\"guten-container guten-column-gap-default\">\n<div class=\"wp-block-gutenverse-column guten-element guten-column guten-1BSxgn\"><div class=\"guten-column-wrapper\" data-id=\"1BSxgn\">\n<div class=\"guten-element guten-spacer guten-VvwOTZ\"><\/div>\n\n\n\n<p style=\"font-style:normal;font-weight:500\">Alcoholics Anonymous World Services, Inc. no ha aprobado, respaldado, revisado ni est\u00e1 afiliada a este sitio web, y la posibilidad de enlazar con aa.org no implica que lo haya hecho. El texto anterior se ha tomado parcial o totalmente de la p\u00e1gina siguiente: <a href=\"https:\/\/www.aa.org\/es\/new-to-aa\" data-type=\"link\" data-id=\"https:\/\/www.aa.org\/fr\/new-to-aa\">ayuda para un problema con la bebida<\/a><\/p>\n\n\n\n<div class=\"guten-element guten-spacer guten-xdxfUh\"><\/div>\n<\/div><\/div>\n<\/div><\/section><\/div>","protected":false},"excerpt":{"rendered":"","protected":false},"author":4,"featured_media":0,"parent":0,"menu_order":0,"comment_status":"closed","ping_status":"closed","template":"wp-custom-template-besoin-d-aide","meta":{"footnotes":""},"class_list":["post-275","page","type-page","status-publish","hentry"],"_links":{"self":[{"href":"https:\/\/aa-quebec.org\/es\/wp-json\/wp\/v2\/pages\/275","targetHints":{"allow":["GET"]}}],"collection":[{"href":"https:\/\/aa-quebec.org\/es\/wp-json\/wp\/v2\/pages"}],"about":[{"href":"https:\/\/aa-quebec.org\/es\/wp-json\/wp\/v2\/types\/page"}],"author":[{"embeddable":true,"href":"https:\/\/aa-quebec.org\/es\/wp-json\/wp\/v2\/users\/4"}],"replies":[{"embeddable":true,"href":"https:\/\/aa-quebec.org\/es\/wp-json\/wp\/v2\/comments?post=275"}],"version-history":[{"count":115,"href":"https:\/\/aa-quebec.org\/es\/wp-json\/wp\/v2\/pages\/275\/revisions"}],"predecessor-version":[{"id":29376,"href":"https:\/\/aa-quebec.org\/es\/wp-json\/wp\/v2\/pages\/275\/revisions\/29376"}],"wp:attachment":[{"href":"https:\/\/aa-quebec.org\/es\/wp-json\/wp\/v2\/media?parent=275"}],"curies":[{"name":"wp","href":"https:\/\/api.w.org\/{rel}","templated":true}]}}