{"id":207,"date":"2024-03-03T16:21:24","date_gmt":"2024-03-03T21:21:24","guid":{"rendered":"https:\/\/aaqc.eclipse-internet.ca\/?page_id=207"},"modified":"2026-02-25T12:58:18","modified_gmt":"2026-02-25T17:58:18","slug":"accueil","status":"publish","type":"page","link":"https:\/\/aa-quebec.org\/es\/","title":{"rendered":"Bienvenido"},"content":{"rendered":"<div class=\"wp-block-columns alignfull is-layout-flex wp-container-core-columns-is-layout-28f84493 wp-block-columns-is-layout-flex\">\n<div class=\"wp-block-column is-layout-flow wp-block-column-is-layout-flow\">\n<div class=\"section-wrapper\" data-id=\"4qr4Df\"><section class=\"wp-block-gutenverse-section guten-element guten-section guten-4qr4Df layout-fullwidth align-stretch overflow-auto\"><div class=\"guten-background-overlay\"><\/div><div class=\"guten-container guten-column-gap-no\">\n<div class=\"wp-block-gutenverse-column guten-element guten-column guten-3vgI6y\"><div class=\"guten-column-wrapper\" data-id=\"3vgI6y\">\n<h1 class=\"wp-block-gutenverse-heading guten-element guten-k5NFFH\">Tienes<br>\u00bfProblemas con el alcohol? Hay soluci\u00f3n.<\/h1>\n\n\n\n<div class=\"guten-element gutenverse-text-editor guten-kxbE7L animated guten-element-hide desktop-fadeInLeft\"><div class=\"text-content-inner\">\n<p class=\"has-white-color has-text-color has-link-color has-fira-sans-font-family wp-elements-af1a8dd743be96126fecd9944e190edc\" style=\"margin-bottom:var(--wp--preset--spacing--70);font-size:28px;line-height:1.5\">Alcoh\u00f3licos An\u00f3nimos tiene un programa sencillo que funciona. Se basa en el apoyo mutuo entre alcoh\u00f3licos. <\/p>\n<\/div><\/div>\n\n\n\n<h1 class=\"wp-block-gutenverse-heading guten-element guten-Jvf0Lr\">Habla con un alcoh\u00f3lico.<\/h1>\n\n\n\n<div class=\"guten-element gutenverse-text-editor guten-VL5RHO animated guten-element-hide desktop-fadeInLeft\"><div class=\"text-content-inner\">\n<p class=\"has-white-color has-text-color has-link-color has-fira-sans-font-family wp-elements-bdffcd9fe00edf203b66cfd60359f50d\" style=\"margin-bottom:var(--wp--preset--spacing--70);font-size:28px;line-height:1.5\">La persona que te atienda es miembro de Alcoh\u00f3licos An\u00f3nimos. Podr\u00e1 responder a tus preguntas y escucharte. Esto no te obliga a nada y tu conversaci\u00f3n ser\u00e1 an\u00f3nima. <\/p>\n<\/div><\/div>\n\n\n\n<div class=\"guten-element guten-button-wrapper guten-f3cyOR\"><a class=\"guten-button guten-button-xl\" href=\"tel:1-866-544-6322\"><span>1-866-544-6322<br>1-866-LIGNEAA<\/span><\/a><\/div>\n<\/div><\/div>\n\n\n\n<div class=\"wp-block-gutenverse-column guten-element guten-column guten-ejE6jy\"><div class=\"guten-column-wrapper\" data-id=\"ejE6jy\">\n<div class=\"section-wrapper\" data-id=\"dUpXYJ\"><section class=\"wp-block-gutenverse-section guten-element guten-section guten-dUpXYJ layout-fullwidth align-stretch\"><div class=\"guten-background-overlay\"><\/div><div class=\"guten-container guten-column-gap-no\">\n<div class=\"wp-block-gutenverse-column guten-element guten-column guten-AXJb2P\"><div class=\"guten-column-wrapper\" data-id=\"AXJb2P\">\n<h2 class=\"wp-block-gutenverse-heading guten-element guten-BnGS4f\">En la mayor\u00eda de las reuniones escuchar\u00e1 a los miembros hablar sobre lo que la bebida les hizo a ellos y a las personas a su alrededor. La mayor\u00eda tambi\u00e9n comparte qu\u00e9 medidas tomaron para dejar de beber y c\u00f3mo viven la vida el d\u00eda de hoy.<\/h2>\n\n\n\n<div class=\"guten-element guten-button-wrapper guten-tF6Aqu\"><a class=\"guten-button guten-button-sm\" href=\"https:\/\/meetings.aa-quebec.org\/meetings\/\" target=\"_blank\" aria-label=\"\" rel=\"noreferrer noopener\"><span>asistir a una reuni\u00f3n<\/span><i class=\"fa-lg gtn gtn-right-arrow-13\"><\/i><\/a><\/div>\n\n\n\n<div class=\"wp-block-gutenverse-image guten-element guten-image guten-hCQMEu\"><a class=\"guten-image-wrapper\" href=\"https:\/\/meetings.aa-quebec.org\/meetings\/\"><img decoding=\"async\" class=\"gutenverse-image-box-filled\" src=\"https:\/\/aa-quebec.org\/wp-content\/uploads\/2025\/04\/meetingcriper.png\" height=\"1024\" width=\"1024\"\/><\/a><\/div>\n<\/div><\/div>\n<\/div><\/section><\/div>\n<\/div><\/div>\n<\/div><\/section><\/div>\n\n\n\n\n\n\n\n<div class=\"section-wrapper\" data-id=\"McDpTa\"><section class=\"wp-block-gutenverse-section guten-element guten-section guten-McDpTa layout-fullwidth align-stretch\"><div class=\"guten-background-overlay\"><\/div><div class=\"guten-container guten-column-gap-default\">\n<div class=\"wp-block-gutenverse-column guten-element guten-column guten-5VSHBt\"><div class=\"guten-column-wrapper\" data-id=\"5VSHBt\">\n<div class=\"wp-block-gutenverse-image guten-element guten-image guten-HbXkPt\"><a class=\"guten-image-wrapper\" href=\"https:\/\/lavigneaa.org\/\" target=\"_blank\" rel=\"noreferrer noopener\"><img decoding=\"async\" class=\"gutenverse-image-box-filled\" src=\"https:\/\/aa-quebec.org\/wp-content\/uploads\/2025\/03\/LaVigne-whitex4.png\" height=\"604\" width=\"1072\"\/><\/a><\/div>\n\n\n\n<div class=\"guten-element gutenverse-text-editor guten-YjuH4j animated guten-element-hide desktop-fadeInUp\"><div class=\"text-content-inner\">\n<p aria-label=\"P\u00e1rrafo de texto\" class=\"guten-element gutenverse-text guten-JXuU3r\">Aqu\u00ed ten\u00e9is algunos extractos de nuestra revista en franc\u00e9s.<\/p>\n\n\n\n<p aria-label=\"P\u00e1rrafo de texto\" class=\"guten-element gutenverse-text guten-u9VD6w\"><a href=\"https:\/\/lavigneaa.org\/\" target=\"_blank\" rel=\"noreferrer noopener\">Dir\u00edgete al vi\u00f1edo<\/a><\/p>\n<\/div><\/div>\n<\/div><\/div>\n<\/div><\/section><\/div>\n\n\n\n<div class=\"wp-block-columns is-layout-flex wp-container-core-columns-is-layout-20bb992b wp-block-columns-is-layout-flex\" style=\"border-style:none;border-width:0px;margin-top:0;margin-bottom:0;padding-top:0;padding-right:0;padding-bottom:0;padding-left:0\">\n<div class=\"wp-block-column has-custom-secondary-background-color has-background is-layout-flow wp-block-column-is-layout-flow\" style=\"padding-top:var(--wp--preset--spacing--50);padding-right:var(--wp--preset--spacing--70);padding-bottom:var(--wp--preset--spacing--50);padding-left:var(--wp--preset--spacing--70)\"><div class=\"\"><style id=\"sp_testimonial_dynamic_css29205\">#sp-testimonial-free-wrapper-29205 .sp-testimonial-free-section .sp-testimonial-client-image img {background: #ffffff;border: 0px solid #dddddd;padding: 0px;}#sp-testimonial-free-wrapper-29205 .sp-testimonial-free-section .sp-testimonial-client-image {text-align: center;}#sp-testimonial-free-wrapper-29205 .sp-testimonial-free-section .sp-testimonial-client-rating{ display: inline-flex; gap: 2px;}#sp-testimonial-free-wrapper-29205 .sp-testimonial-free-section .sp-testimonial-client-rating i.fa{ color: #bbc2c7; font-size: 19px;}#sp-testimonial-free-wrapper-29205 .sp-testimonial-free-section .sp-testimonial-client-rating i.fa-star{color: #ffb900;}#sp-testimonial-free-wrapper-29205 .sp-testimonial-free-section .sp-testimonial-client-designation{color: #444444;}#sp-testimonial-free-wrapper-29205 .sp-testimonial-free-section .sp-testimonial-client-name{color: #333333;}#sp-testimonial-free-wrapper-29205 .sp-testimonial-free-section .sp-testimonial-client-testimonial{color: #ffffff;}#sp-testimonial-free-wrapper-29205 .sp-testimonial-free-section .sp-testimonial-title .sp-testimonial-post-title{color: #ffffff;}#sp-testimonial-free-wrapper-29205 .sp-testimonial-free {background : #39547b;border: 0px solid #000000;border-radius: 15px;}<\/style><div id=\"sp-testimonial-free-wrapper-29205\" class=\"sp-testimonial-free-wrapper\"><div id=\"sp-testimonial-free-29205\" class=\"sp-testimonial-free-section tfree-style-theme-one-v2\" dir=\"ltr\" data-preloader=\"\" data-swiper='{&quot;dots&quot;: 0,&quot;pagination_type&quot;: &quot;dots&quot;, &quot;spaceBetween&quot;: 20, &quot;adaptiveHeight&quot;: false, &quot;pauseOnHover&quot;: false, &quot;slidesToShow&quot;: 3, &quot;speed&quot;: 600, &quot;arrows&quot;: &quot;0&quot;, &quot;autoplay&quot;: true, &quot;autoplaySpeed&quot;: 6000, &quot;swipe&quot;: true, &quot;swipeToSlide&quot;: false, &quot;draggable&quot;: true, &quot;freeMode&quot;: false, &quot;rtl&quot;: false, &quot;infinite&quot;: true,&quot;slidesPerView&quot;: {&quot;lg_desktop&quot;:3 , &quot;desktop&quot;: 3, &quot;laptop&quot;:2 , &quot;tablet&quot;: 1, &quot;mobile&quot;: 1},&quot;navigation_mobile&quot;: true, &quot;pagination_mobile&quot;:true, &quot;autoplay_mobile&quot;:true}' ><div class=\"swiper-wrapper\"><div class=\"sp-testimonial-item swiper-slide\"><div class=\"sp-testimonial-free\"><div class=\"sp-testimonial-client-image\"><img decoding=\"async\" width=\"120\" height=\"120\" src=\"https:\/\/aa-quebec.org\/wp-content\/uploads\/2024\/05\/avatar-F2.webp\" class=\"tfree-client-image wp-post-image\" alt=\"\" \/><\/div><div class=\"sp-testimonial-details\"><div class=\"sp-testimonial-title\"><h3 class=\"sp-testimonial-post-title\">Lynda B.<\/h3><\/div><div class=\"sp-testimonial-client-testimonial\"><div class=\"sp-testimonial-content\"><p>Llevo un a\u00f1o sobrio. Me siento libre, un poco m\u00e1s fuerte; tengo menos miedo y soy mucho m\u00e1s feliz. No quiero rendirme y s\u00e9 que Dios y Alcoh\u00f3licos An\u00f3nimos me apoyan.<\/p><\/div><\/div><\/div><\/div> <\/div> <div class=\"sp-testimonial-item swiper-slide\"><div class=\"sp-testimonial-free\"><div class=\"sp-testimonial-client-image\"><img decoding=\"async\" width=\"120\" height=\"120\" src=\"https:\/\/aa-quebec.org\/wp-content\/uploads\/2024\/05\/avatar-F1.webp\" class=\"tfree-client-image wp-post-image\" alt=\"\" \/><\/div><div class=\"sp-testimonial-details\"><div class=\"sp-testimonial-title\"><h3 class=\"sp-testimonial-post-title\">Claudia H.<\/h3><\/div><div class=\"sp-testimonial-client-testimonial\"><div class=\"sp-testimonial-content\"><p>Gracias por su confianza y por darme otra oportunidad de servir a nuestro maravilloso movimiento. Tras mi mandato como RSG, me gustar\u00eda involucrarme en la informaci\u00f3n p\u00fablica de mi distrito.<\/p><\/div><\/div><\/div><\/div> <\/div> <div class=\"sp-testimonial-item swiper-slide\"><div class=\"sp-testimonial-free\"><div class=\"sp-testimonial-client-image\"><img decoding=\"async\" width=\"120\" height=\"120\" src=\"https:\/\/aa-quebec.org\/wp-content\/uploads\/2024\/05\/avatar-M2.webp\" class=\"tfree-client-image wp-post-image\" alt=\"\" \/><\/div><div class=\"sp-testimonial-details\"><div class=\"sp-testimonial-title\"><h3 class=\"sp-testimonial-post-title\">Roberto G.<\/h3><\/div><div class=\"sp-testimonial-client-testimonial\"><div class=\"sp-testimonial-content\"><p>Empec\u00e9 a trabajar en juntas directivas a los 23 a\u00f1os. Pronto cumplir\u00e9 30. Tengo un nuevo trabajo que me viene como anillo al dedo, estoy viviendo experiencias incre\u00edbles y tengo gente maravillosa a mi alrededor.<\/p><\/div><\/div><\/div><\/div> <\/div> <div class=\"sp-testimonial-item swiper-slide\"><div class=\"sp-testimonial-free\"><div class=\"sp-testimonial-client-image\"><img decoding=\"async\" width=\"120\" height=\"120\" src=\"https:\/\/aa-quebec.org\/wp-content\/uploads\/2024\/05\/avatar-M1.webp\" class=\"tfree-client-image wp-post-image\" alt=\"\" \/><\/div><div class=\"sp-testimonial-details\"><div class=\"sp-testimonial-title\"><h3 class=\"sp-testimonial-post-title\">Jacques W.<\/h3><\/div><div class=\"sp-testimonial-client-testimonial\"><div class=\"sp-testimonial-content\"><p>Llevo un a\u00f1o en recuperaci\u00f3n y las promesas se est\u00e1n cumpliendo cada d\u00eda m\u00e1s. Estoy profundamente agradecido por esta vida tranquila y placentera que tengo ahora.<\/p><\/div><\/div><\/div><\/div> <\/div> <\/div><\/div><\/div><\/div><\/div>\n<\/div>\n\n\n\n<div class=\"section-wrapper\" data-id=\"687xMX\"><section class=\"wp-block-gutenverse-section guten-element guten-section guten-687xMX layout-fullwidth align-stretch\"><div class=\"guten-container guten-column-gap-default\">\n<div class=\"wp-block-gutenverse-column guten-element guten-column guten-1BSxgn\"><div class=\"guten-column-wrapper\" data-id=\"1BSxgn\">\n<div class=\"guten-element guten-spacer guten-VvwOTZ\"><\/div>\n\n\n\n<p style=\"font-style:normal;font-weight:500\">Alcoholics Anonymous World Services, Inc. no ha aprobado, respaldado, revisado ni est\u00e1 afiliada a este sitio web, y la posibilidad de enlazar con aa.org no implica que lo haya hecho. El texto anterior se ha tomado parcial o totalmente de las siguientes p\u00e1ginas: <a href=\"https:\/\/www.aa.org\/\" data-type=\"link\" data-id=\"https:\/\/www.aa.org\/\">aa.org<\/a>, <a href=\"https:\/\/www.aa.org\/es\/information-about-meetings\" data-type=\"link\" data-id=\"https:\/\/www.aa.org\/fr\/information-about-meetings\">\u00bfQu\u00e9 se puede esperar en una reuni\u00f3n de AA?<\/a><\/p>\n<\/div><\/div>\n<\/div><\/section><\/div>\n<\/div>\n<\/div>","protected":false},"excerpt":{"rendered":"","protected":false},"author":4,"featured_media":0,"parent":0,"menu_order":0,"comment_status":"closed","ping_status":"closed","template":"","meta":{"footnotes":""},"class_list":["post-207","page","type-page","status-publish","hentry"],"_links":{"self":[{"href":"https:\/\/aa-quebec.org\/es\/wp-json\/wp\/v2\/pages\/207","targetHints":{"allow":["GET"]}}],"collection":[{"href":"https:\/\/aa-quebec.org\/es\/wp-json\/wp\/v2\/pages"}],"about":[{"href":"https:\/\/aa-quebec.org\/es\/wp-json\/wp\/v2\/types\/page"}],"author":[{"embeddable":true,"href":"https:\/\/aa-quebec.org\/es\/wp-json\/wp\/v2\/users\/4"}],"replies":[{"embeddable":true,"href":"https:\/\/aa-quebec.org\/es\/wp-json\/wp\/v2\/comments?post=207"}],"version-history":[{"count":752,"href":"https:\/\/aa-quebec.org\/es\/wp-json\/wp\/v2\/pages\/207\/revisions"}],"predecessor-version":[{"id":29597,"href":"https:\/\/aa-quebec.org\/es\/wp-json\/wp\/v2\/pages\/207\/revisions\/29597"}],"wp:attachment":[{"href":"https:\/\/aa-quebec.org\/es\/wp-json\/wp\/v2\/media?parent=207"}],"curies":[{"name":"wp","href":"https:\/\/api.w.org\/{rel}","templated":true}]}}