{"id":19124,"date":"2024-05-22T16:19:31","date_gmt":"2024-05-22T20:19:31","guid":{"rendered":"https:\/\/aaqc.eclipse-internet.ca\/?page_id=19124"},"modified":"2025-04-14T18:53:19","modified_gmt":"2025-04-14T22:53:19","slug":"hay-algun-alcoholico-en-tu-vida","status":"publish","type":"page","link":"https:\/\/aa-quebec.org\/es\/y-a-t-il-un-alcoolique-dans-votre-vie\/","title":{"rendered":"\u00bfHay alg\u00fan alcoh\u00f3lico en tu vida?"},"content":{"rendered":"<div class=\"section-wrapper\" data-id=\"xyEYle\"><section class=\"wp-block-gutenverse-section guten-element guten-section guten-xyEYle layout-boxed align-stretch\"><div class=\"guten-container guten-column-gap-default\">\n<div class=\"wp-block-gutenverse-column guten-element guten-column guten-Fxm9Ed\"><div class=\"guten-column-wrapper\" data-id=\"Fxm9Ed\">\n<figure class=\"wp-block-image size-full\"><img decoding=\"async\" width=\"768\" height=\"768\" src=\"https:\/\/aa-quebec.org\/wp-content\/uploads\/2025\/04\/alanon01.png\" alt=\"\" class=\"wp-image-28613\" srcset=\"https:\/\/aa-quebec.org\/wp-content\/uploads\/2025\/04\/alanon01.png 768w, https:\/\/aa-quebec.org\/wp-content\/uploads\/2025\/04\/alanon01-300x300.png 300w, https:\/\/aa-quebec.org\/wp-content\/uploads\/2025\/04\/alanon01-150x150.png 150w, https:\/\/aa-quebec.org\/wp-content\/uploads\/2025\/04\/alanon01-12x12.png 12w\" sizes=\"(max-width: 768px) 100vw, 768px\" \/><\/figure>\n<\/div><\/div>\n\n\n\n<div class=\"wp-block-gutenverse-column guten-element guten-column guten-Dd2GiT\"><div class=\"guten-column-wrapper\" data-id=\"Dd2GiT\">\n<h1 class=\"wp-block-heading\" style=\"font-size:45px\">\u00bfHay alg\u00fan alcoh\u00f3lico en tu vida?<\/h1>\n\n\n\n<p class=\"has-text-align-left\" style=\"font-size:30px\">Si un ser querido tiene un problema con la bebida, Alcoh\u00f3licos An\u00f3nimos podr\u00eda tener una soluci\u00f3n. AA ha ayudado a m\u00e1s de dos millones de alcoh\u00f3licos a dejar de beber. Cuando un alcoh\u00f3lico comparte su experiencia con otro, comienza la recuperaci\u00f3n.<\/p>\n<\/div><\/div>\n<\/div><\/section><\/div>\n\n\n\n<div class=\"section-wrapper\" data-id=\"KKSszT\"><section class=\"wp-block-gutenverse-section guten-element guten-section guten-KKSszT layout-boxed align-stretch\"><div class=\"guten-container guten-column-gap-default\">\n<div style=\"height:60px\" aria-hidden=\"true\" class=\"wp-block-spacer\"><\/div>\n<\/div><\/section><\/div>\n\n\n\n<div class=\"section-wrapper\" data-id=\"TuXylX\"><section class=\"wp-block-gutenverse-section guten-element guten-section guten-TuXylX layout-boxed align-stretch\"><div class=\"guten-container guten-column-gap-default\">\n<div class=\"wp-block-gutenverse-column guten-element guten-column guten-0dQ2Af\"><div class=\"guten-column-wrapper\" data-id=\"0dQ2Af\">\n<h1 class=\"wp-block-heading has-text-align-center\" style=\"font-size:45px\">\u00bfHay alguna ayuda disponible para m\u00ed?<\/h1>\n\n\n\n<p style=\"font-size:37px\">Los grupos familiares de Al-Anon ofrecen ayuda y esperanza.<\/p>\n<\/div><\/div>\n<\/div><\/section><\/div>\n\n\n\n<div class=\"section-wrapper\" data-id=\"7PBXoc\"><section class=\"wp-block-gutenverse-section guten-element guten-section guten-7PBXoc layout-boxed align-stretch\"><div class=\"guten-container guten-column-gap-default\">\n<div class=\"wp-block-gutenverse-column guten-element guten-column guten-C1C5mf\"><div class=\"guten-column-wrapper\" data-id=\"C1C5mf\">\n<p class=\"has-text-align-left\" style=\"font-size:30px\">AA est\u00e1 formado por alcoh\u00f3licos que ayudan a otros alcoh\u00f3licos a recuperarse.<\/p>\n\n\n\n<p class=\"has-text-align-left\" style=\"font-size:30px\">Los Grupos Familiares de Al-Anon son otro programa de recuperaci\u00f3n de Doce Pasos. Sus miembros son personas preocupadas por el problema de la bebida de alguien. En Al-Anon, los miembros tienen la oportunidad de aprender de las experiencias de otras personas que han enfrentado problemas similares.<\/p>\n<\/div><\/div>\n\n\n\n<div class=\"wp-block-gutenverse-column guten-element guten-column guten-UBTIAE\"><div class=\"guten-column-wrapper\" data-id=\"UBTIAE\">\n<figure class=\"wp-block-image size-full is-resized\" style=\"margin-top:0;margin-right:0;margin-bottom:0;margin-left:0\"><img decoding=\"async\" width=\"768\" height=\"768\" src=\"https:\/\/aa-quebec.org\/wp-content\/uploads\/2025\/04\/alanon02.png\" alt=\"\" class=\"wp-image-28614\" style=\"width:416px;height:auto\" srcset=\"https:\/\/aa-quebec.org\/wp-content\/uploads\/2025\/04\/alanon02.png 768w, https:\/\/aa-quebec.org\/wp-content\/uploads\/2025\/04\/alanon02-300x300.png 300w, https:\/\/aa-quebec.org\/wp-content\/uploads\/2025\/04\/alanon02-150x150.png 150w, https:\/\/aa-quebec.org\/wp-content\/uploads\/2025\/04\/alanon02-12x12.png 12w\" sizes=\"(max-width: 768px) 100vw, 768px\" \/><\/figure>\n<\/div><\/div>\n<\/div><\/section><\/div>\n\n\n\n<div class=\"section-wrapper\" data-id=\"Lq0nep\"><section class=\"wp-block-gutenverse-section guten-element guten-section guten-Lq0nep layout-boxed align-stretch\"><div class=\"guten-container guten-column-gap-default\">\n<div style=\"height:20px\" aria-hidden=\"true\" class=\"wp-block-spacer\"><\/div>\n<\/div><\/section><\/div>\n\n\n\n<div class=\"guten-element guten-button-wrapper guten-50cmN4\"><a class=\"guten-button slow guten-button-xl\" href=\"https:\/\/al-anon.org\/fr\/\" target=\"_blank\" rel=\"noreferrer noopener\"><span>Descubra Al-Anon<\/span><\/a><\/div>\n\n\n\n<div class=\"section-wrapper\" data-id=\"Qowy15\"><section class=\"wp-block-gutenverse-section guten-element guten-section guten-Qowy15 layout-boxed align-stretch\"><div class=\"guten-container guten-column-gap-default\">\n<div style=\"height:60px\" aria-hidden=\"true\" class=\"wp-block-spacer\"><\/div>\n<\/div><\/section><\/div>\n\n\n\n<div class=\"section-wrapper\" data-id=\"687xMX\"><section class=\"wp-block-gutenverse-section guten-element guten-section guten-687xMX layout-boxed align-stretch\"><div class=\"guten-container guten-column-gap-default\">\n<div class=\"wp-block-gutenverse-column guten-element guten-column guten-1BSxgn\"><div class=\"guten-column-wrapper\" data-id=\"1BSxgn\">\n<div class=\"guten-element guten-spacer guten-VvwOTZ\"><\/div>\n\n\n\n<p style=\"font-style:normal;font-weight:500\">Alcoholics Anonymous World Services, Inc. no ha aprobado, respaldado, revisado ni est\u00e1 afiliada a este sitio web, y la posibilidad de enlazar con aa.org no implica que lo haya hecho. El texto anterior se ha tomado parcial o totalmente de la p\u00e1gina siguiente: <a href=\"https:\/\/www.aa.org\/fr\/aa-family-friend\">\u00bfHay alg\u00fan alcoh\u00f3lico en tu vida?<\/a><\/p>\n\n\n\n<div class=\"guten-element guten-spacer guten-xdxfUh\"><\/div>\n<\/div><\/div>\n<\/div><\/section><\/div>","protected":false},"excerpt":{"rendered":"","protected":false},"author":4,"featured_media":0,"parent":0,"menu_order":0,"comment_status":"closed","ping_status":"closed","template":"","meta":{"footnotes":""},"class_list":["post-19124","page","type-page","status-publish","hentry"],"_links":{"self":[{"href":"https:\/\/aa-quebec.org\/es\/wp-json\/wp\/v2\/pages\/19124","targetHints":{"allow":["GET"]}}],"collection":[{"href":"https:\/\/aa-quebec.org\/es\/wp-json\/wp\/v2\/pages"}],"about":[{"href":"https:\/\/aa-quebec.org\/es\/wp-json\/wp\/v2\/types\/page"}],"author":[{"embeddable":true,"href":"https:\/\/aa-quebec.org\/es\/wp-json\/wp\/v2\/users\/4"}],"replies":[{"embeddable":true,"href":"https:\/\/aa-quebec.org\/es\/wp-json\/wp\/v2\/comments?post=19124"}],"version-history":[{"count":39,"href":"https:\/\/aa-quebec.org\/es\/wp-json\/wp\/v2\/pages\/19124\/revisions"}],"predecessor-version":[{"id":28618,"href":"https:\/\/aa-quebec.org\/es\/wp-json\/wp\/v2\/pages\/19124\/revisions\/28618"}],"wp:attachment":[{"href":"https:\/\/aa-quebec.org\/es\/wp-json\/wp\/v2\/media?parent=19124"}],"curies":[{"name":"wp","href":"https:\/\/api.w.org\/{rel}","templated":true}]}}