{"id":19033,"date":"2024-05-15T13:34:59","date_gmt":"2024-05-15T17:34:59","guid":{"rendered":"https:\/\/aaqc.eclipse-internet.ca\/?page_id=19033"},"modified":"2024-05-15T14:28:17","modified_gmt":"2024-05-15T18:28:17","slug":"rp2024","status":"publish","type":"page","link":"https:\/\/aa-quebec.org\/es\/rp-2024\/","title":{"rendered":"Discussions dans les ateliers"},"content":{"rendered":"<div class=\"section-wrapper\" data-id=\"eVuA0j\"><section class=\"wp-block-gutenverse-section guten-element guten-section guten-eVuA0j layout-fullwidth align-stretch\"><div class=\"guten-background-overlay\"><\/div><div class=\"guten-shape-divider guten-shape-divider-top\"><\/div><div class=\"guten-shape-divider guten-shape-divider-bottom\"><\/div><div class=\"guten-container guten-column-gap-default\">\n<div class=\"wp-block-gutenverse-column guten-element guten-column guten-EzJ0yC\"><div class=\"guten-background-overlay\"><\/div><div class=\"sticky-wrapper\" data-id=\"EzJ0yC\"><div class=\"guten-column-wrapper\">\n<h2 class=\"wp-block-gutenverse-heading guten-element guten-OAetUd\">Temas de discusi\u00f3n durante los talleres<\/h2>\n\n\n\n<div class=\"guten-element guten-tabs guten-aBwNrb horizontal-right\"><div class=\"tab-heading\"><div class=\"tab-heading-item active\" id=\"7SGI52\" data-id=\"7SGI52\"><span>Patrocinio de servicios<\/span><\/div><div class=\"tab-heading-item\" id=\"4fFoq4\" data-id=\"4fFoq4\"><span>C\u00f3mo animar a los j\u00f3venes a tomar el control<\/span><\/div><div class=\"tab-heading-item\" id=\"ULcy43\" data-id=\"ULcy43\"><span>AA a los 80: La historia a trav\u00e9s de los archivos<\/span><\/div><div class=\"tab-heading-item\" id=\"35Ct90\" data-id=\"35Ct90\"><span>\u00bfConocemos el papel y la responsabilidad de nuestros servidores de confianza?<\/span><\/div><div class=\"tab-heading-item\" id=\"iAjyNc\" data-id=\"iAjyNc\"><span>El camino entre el grupo y la Conferencia de Servicios Generales<\/span><\/div><div class=\"tab-heading-item\" id=\"LpEnd2\" data-id=\"LpEnd2\"><span>\u00bfQu\u00e9 servicio de informaci\u00f3n p\u00fablica es responsable de esto?<\/span><\/div><div class=\"tab-heading-item\" id=\"j70dTj\" data-id=\"j70dTj\"><span>Taller de escritura para la Vid<\/span><\/div><\/div><div class=\"tab-heading-mobile\"><div class=\"tab-title\"><span>Patrocinio de servicios<\/span><i class=\"tab-dropdown-icon fas\"><\/i><\/div><div class=\"tab-option\"><div data-id=\"7SGI52\" class=\"tab-option-item active\"><span>Patrocinio de servicios<\/span><\/div><div data-id=\"4fFoq4\" class=\"tab-option-item\"><span>C\u00f3mo animar a los j\u00f3venes a tomar el control<\/span><\/div><div data-id=\"ULcy43\" class=\"tab-option-item\"><span>AA a los 80: La historia a trav\u00e9s de los archivos<\/span><\/div><div data-id=\"35Ct90\" class=\"tab-option-item\"><span>\u00bfConocemos el papel y la responsabilidad de nuestros servidores de confianza?<\/span><\/div><div data-id=\"iAjyNc\" class=\"tab-option-item\"><span>El camino entre el grupo y la Conferencia de Servicios Generales<\/span><\/div><div data-id=\"LpEnd2\" class=\"tab-option-item\"><span>\u00bfQu\u00e9 servicio de informaci\u00f3n p\u00fablica es responsable de esto?<\/span><\/div><div data-id=\"j70dTj\" class=\"tab-option-item\"><span>Taller de escritura para la Vid<\/span><\/div><\/div><\/div><div class=\"tab-body\">\n<div class=\"7SGI52 tab-body-item\" data-id=\"7SGI52\">\n<h2 class=\"wp-block-gutenverse-heading guten-element guten-9fstJe\">\u00bfQui\u00e9n deber\u00eda tener un patrocinador de servicio?<\/h2>\n\n\n\n<h2 class=\"wp-block-gutenverse-heading guten-element guten-uaY3HI\">\u00bfCu\u00e1l es el prop\u00f3sito de un patrocinador de servicio?<\/h2>\n\n\n\n<h2 class=\"wp-block-gutenverse-heading guten-element guten-RLHVwP\">\u00bfQu\u00e9 hace a un buen padrino\/madrina?<\/h2>\n<\/div>\n\n\n\n<div class=\"4fFoq4 tab-body-item\" data-id=\"4fFoq4\">\n<h2 class=\"wp-block-gutenverse-heading guten-element guten-Hcs3Eu\">\u00bfC\u00f3mo podemos mantenerlos en nuestros cines?<\/h2>\n\n\n\n<h2 class=\"wp-block-gutenverse-heading guten-element guten-OAvpgI\">\u00bfLes damos suficiente espacio para expresarse?<\/h2>\n\n\n\n<h2 class=\"wp-block-gutenverse-heading guten-element guten-4ERgEG\">\u00bfTenemos miedo al cambio?<\/h2>\n<\/div>\n\n\n\n<div class=\"ULcy43 tab-body-item\" data-id=\"ULcy43\">\n<h2 class=\"wp-block-gutenverse-heading guten-element guten-s2YvyH\">\u00bfEstamos colaborando lo suficiente con nuestros comit\u00e9s de archivos?<\/h2>\n\n\n\n<h2 class=\"wp-block-gutenverse-heading guten-element guten-BVGwCh\">\u00bfC\u00f3mo podemos preservar el conocimiento de nuestros miembros mayores?<\/h2>\n\n\n\n<h2 class=\"wp-block-gutenverse-heading guten-element guten-H9sBDB\">\u00bfNos tomamos personalmente el tiempo para transmitir nuestra memoria colectiva?<\/h2>\n<\/div>\n\n\n\n<div class=\"35Ct90 tab-body-item\" data-id=\"35Ct90\">\n<h2 class=\"wp-block-gutenverse-heading guten-element guten-BNHH6E\">\u00bfC\u00f3mo podemos elegir servidores p\u00fablicos buenos y confiables si ignoramos sus roles y responsabilidades?<\/h2>\n\n\n\n<h2 class=\"wp-block-gutenverse-heading guten-element guten-ZUCoyS\">Tom\u00e9monos el tiempo para familiarizarnos con las pautas antes de asumir un puesto de confianza.<\/h2>\n\n\n\n<h2 class=\"wp-block-gutenverse-heading guten-element guten-LrqdoB\">\u00bfNos tomamos el tiempo de hacer las siguientes tres preguntas a nuestros funcionarios de confianza antes de elegirlos para un cargo? \u00bfTengo el deseo? \u00bfTengo el tiempo? \u00bfTengo la capacidad?<\/h2>\n<\/div>\n\n\n\n<div class=\"iAjyNc tab-body-item\" data-id=\"iAjyNc\">\n<h2 class=\"wp-block-gutenverse-heading guten-element guten-ldejd1\">\u00bfQu\u00e9 es una pir\u00e1mide invertida?<\/h2>\n\n\n\n<h2 class=\"wp-block-gutenverse-heading guten-element guten-8NkwMW\">\u00bfC\u00f3mo puedo proponer un tema para debate en la Conferencia?<\/h2>\n\n\n\n<h2 class=\"wp-block-gutenverse-heading guten-element guten-cGJ1j3\">\u00bfPor qu\u00e9 tenemos que apoyar a nuestro RSG, a nuestro RDR y al delegado que son la correa de transmisi\u00f3n de la informaci\u00f3n que circula?<\/h2>\n<\/div>\n\n\n\n<div class=\"LpEnd2 tab-body-item\" data-id=\"LpEnd2\">\n<h2 class=\"wp-block-gutenverse-heading guten-element guten-r7pLH9\">\u00bfEstamos haciendo nuestra parte para ayudar a nuestros comit\u00e9s de informaci\u00f3n p\u00fablica?<\/h2>\n\n\n\n<h2 class=\"wp-block-gutenverse-heading guten-element guten-M16nXF\">\u00bfPuede nuestro llamamiento ser \u00fatil para la informaci\u00f3n p\u00fablica?<\/h2>\n\n\n\n<h2 class=\"wp-block-gutenverse-heading guten-element guten-RYEMti\">\u00bfC\u00f3mo podemos preservar nuestro anonimato en el marco de la informaci\u00f3n p\u00fablica?<\/h2>\n<\/div>\n\n\n\n<div class=\"j70dTj tab-body-item\" data-id=\"j70dTj\">\n<h2 class=\"wp-block-gutenverse-heading guten-element guten-QdGG7h\">\u00bfC\u00f3mo podemos preservar nuestro anonimato en el marco de la informaci\u00f3n p\u00fablica?<\/h2>\n<\/div>\n<\/div><\/div>\n\n\n\n<div class=\"guten-element guten-spacer guten-Hc1byi\"><\/div>\n<\/div><\/div><\/div>\n<\/div><\/section><\/div>","protected":false},"excerpt":{"rendered":"","protected":false},"author":4,"featured_media":0,"parent":0,"menu_order":0,"comment_status":"closed","ping_status":"closed","template":"","meta":{"footnotes":""},"class_list":["post-19033","page","type-page","status-publish","hentry"],"_links":{"self":[{"href":"https:\/\/aa-quebec.org\/es\/wp-json\/wp\/v2\/pages\/19033","targetHints":{"allow":["GET"]}}],"collection":[{"href":"https:\/\/aa-quebec.org\/es\/wp-json\/wp\/v2\/pages"}],"about":[{"href":"https:\/\/aa-quebec.org\/es\/wp-json\/wp\/v2\/types\/page"}],"author":[{"embeddable":true,"href":"https:\/\/aa-quebec.org\/es\/wp-json\/wp\/v2\/users\/4"}],"replies":[{"embeddable":true,"href":"https:\/\/aa-quebec.org\/es\/wp-json\/wp\/v2\/comments?post=19033"}],"version-history":[{"count":15,"href":"https:\/\/aa-quebec.org\/es\/wp-json\/wp\/v2\/pages\/19033\/revisions"}],"predecessor-version":[{"id":19058,"href":"https:\/\/aa-quebec.org\/es\/wp-json\/wp\/v2\/pages\/19033\/revisions\/19058"}],"wp:attachment":[{"href":"https:\/\/aa-quebec.org\/es\/wp-json\/wp\/v2\/media?parent=19033"}],"curies":[{"name":"wp","href":"https:\/\/api.w.org\/{rel}","templated":true}]}}