{"id":13422,"date":"2024-04-28T15:38:19","date_gmt":"2024-04-28T19:38:19","guid":{"rendered":"https:\/\/aaqc.eclipse-internet.ca\/?page_id=13422"},"modified":"2026-02-10T20:49:57","modified_gmt":"2026-02-11T01:49:57","slug":"la-linea-telefonica-provincial","status":"publish","type":"page","link":"https:\/\/aa-quebec.org\/es\/la-ligne-telephonique-provinciale\/","title":{"rendered":"L\u00ednea Provincial"},"content":{"rendered":"<div class=\"section-wrapper\" data-id=\"YrDq8Z\"><section class=\"wp-block-gutenverse-section guten-element guten-section guten-YrDq8Z layout-fullwidth align-stretch\"><div class=\"guten-container guten-column-gap-default\">\n<div class=\"wp-block-gutenverse-column guten-element guten-column guten-OmrDms\"><div class=\"guten-column-wrapper\" data-id=\"OmrDms\">\n<div class=\"wp-block-gutenverse-image guten-element guten-image guten-H4OVKV\"><div class=\"guten-image-wrapper\"><img decoding=\"async\" class=\"gutenverse-image-box-filled\" src=\"https:\/\/aa-quebec.org\/wp-content\/uploads\/2025\/10\/Carte_Rassemblement_Provincial_2025rescaled-1.png\" height=\"877\" width=\"1525\"\/><\/div><\/div>\n\n\n\n<div class=\"guten-element guten-spacer guten-HMIJ07\"><\/div>\n\n\n\n<p class=\"has-text-align-center\" style=\"font-size:30px\">\u00bfQuieres m\u00e1s informaci\u00f3n sobre la l\u00ednea provincial y SwitchBoard?<\/p>\n\n\n\n<div class=\"guten-element guten-spacer guten-gHuzEF\"><\/div>\n\n\n\n<p class=\"has-text-align-center\" style=\"font-size:24px\">Comun\u00edquese con la persona responsable en la siguiente direcci\u00f3n: <a href=\"mailto:ligneprovinciale@aa-quebec.org\">ligneprovinciale@aa-quebec.org<\/a><\/p>\n<\/div><\/div>\n<\/div><\/section><\/div>\n\n\n\n<div class=\"section-wrapper\" data-id=\"xyEYle\"><section class=\"wp-block-gutenverse-section guten-element guten-section guten-xyEYle layout-boxed align-stretch\"><div class=\"guten-container guten-column-gap-default\">\n<div class=\"wp-block-gutenverse-column guten-element guten-column guten-Fxm9Ed\"><div class=\"guten-column-wrapper\" data-id=\"Fxm9Ed\">\n<p class=\"has-text-align-center\" style=\"font-size:26px\"><strong>\u00bfQuieres responder por la noche o ser parte del proyecto de mensajes de texto?<\/strong><\/p>\n\n\n\n<p class=\"has-text-align-center has-large-font-size\">Actualmente estamos recopilando una base de datos de participantes. Se le notificar\u00e1 cuando comience el proyecto.<\/p>\n\n\n\n<div class=\"guten-element guten-button-wrapper guten-50cmN4\"><a class=\"guten-button slow guten-button-xl\" href=\"\/es\/pajaros-nocturnos\/\"><span>Reg\u00edstrate aqu\u00ed<\/span><\/a><\/div>\n\n\n\n<div class=\"guten-element guten-button-wrapper guten-8zMqdA\"><a class=\"guten-button slow guten-button-xl\" href=\"https:\/\/aa-quebec.org\/es\/material-promocional-de-la-linea-provincial\/\"><span>Carteles promocionales<\/span><\/a><\/div>\n\n\n\n<p class=\"has-text-align-center has-large-font-size\">\u00bfYa ofreces soporte telef\u00f3nico? Aqu\u00ed tienes algunos recursos que te pueden ayudar.<\/p>\n\n\n\n<div class=\"guten-element guten-button-wrapper guten-tTtz1b\"><a class=\"guten-button slow guten-button-xl\" href=\"\/es\/como-hacer-ayuda-telefonica\/\"><span>C\u00f3mo brindar soporte telef\u00f3nico<\/span><\/a><\/div>\n<\/div><\/div>\n\n\n\n<div class=\"wp-block-gutenverse-column guten-element guten-column guten-Dd2GiT\"><div class=\"guten-column-wrapper\" data-id=\"Dd2GiT\">\n<figure class=\"wp-block-video\"><video height=\"640\" style=\"aspect-ratio: 640 \/ 640;\" width=\"640\" autoplay loop muted src=\"https:\/\/aa-quebec.org\/wp-content\/uploads\/2026\/02\/hiboutexteux.mp4\"><\/video><\/figure>\n<\/div><\/div>\n<\/div><\/section><\/div>\n\n\n\n<h2 class=\"wp-block-heading has-text-align-center\">Mapa interactivo de la l\u00ednea provincial<\/h2>\n\n\n\n<div class=\"section-wrapper\" data-id=\"mIltzY\"><section class=\"wp-block-gutenverse-section guten-element guten-section guten-mIltzY layout-fullwidth align-stretch\"><div class=\"guten-container guten-column-gap-default\">\n<div class=\"wp-block-gutenverse-column guten-element guten-column guten-bKvZrr\"><div class=\"guten-column-wrapper\" data-id=\"bKvZrr\">\n<iframe src=\"https:\/\/aa-quebec.org\/wp-content\/uploads\/2025\/11\/Carte_Provinciale_avec_villes.html\" width=\"1200\" height=\"700\" allow=\"fullscreen\"><\/iframe>\n<\/div><\/div>\n<\/div><\/section><\/div>","protected":false},"excerpt":{"rendered":"<p>Mapa interactivo de la l\u00ednea provincial<\/p>","protected":false},"author":4,"featured_media":29264,"parent":0,"menu_order":0,"comment_status":"closed","ping_status":"closed","template":"","meta":{"footnotes":""},"class_list":["post-13422","page","type-page","status-publish","has-post-thumbnail","hentry"],"_links":{"self":[{"href":"https:\/\/aa-quebec.org\/es\/wp-json\/wp\/v2\/pages\/13422","targetHints":{"allow":["GET"]}}],"collection":[{"href":"https:\/\/aa-quebec.org\/es\/wp-json\/wp\/v2\/pages"}],"about":[{"href":"https:\/\/aa-quebec.org\/es\/wp-json\/wp\/v2\/types\/page"}],"author":[{"embeddable":true,"href":"https:\/\/aa-quebec.org\/es\/wp-json\/wp\/v2\/users\/4"}],"replies":[{"embeddable":true,"href":"https:\/\/aa-quebec.org\/es\/wp-json\/wp\/v2\/comments?post=13422"}],"version-history":[{"count":56,"href":"https:\/\/aa-quebec.org\/es\/wp-json\/wp\/v2\/pages\/13422\/revisions"}],"predecessor-version":[{"id":29488,"href":"https:\/\/aa-quebec.org\/es\/wp-json\/wp\/v2\/pages\/13422\/revisions\/29488"}],"wp:featuredmedia":[{"embeddable":true,"href":"https:\/\/aa-quebec.org\/es\/wp-json\/wp\/v2\/media\/29264"}],"wp:attachment":[{"href":"https:\/\/aa-quebec.org\/es\/wp-json\/wp\/v2\/media?parent=13422"}],"curies":[{"name":"wp","href":"https:\/\/api.w.org\/{rel}","templated":true}]}}