{"id":3,"date":"2024-02-15T21:57:38","date_gmt":"2024-02-16T02:57:38","guid":{"rendered":"http:\/\/aaqc.eclipse-internet.ca\/?page_id=3"},"modified":"2024-08-17T15:27:44","modified_gmt":"2024-08-17T19:27:44","slug":"politique-de-confidentialite","status":"publish","type":"page","link":"https:\/\/aa-quebec.org\/en\/politique-de-confidentialite\/","title":{"rendered":"Privacy Policy"},"content":{"rendered":"<div class=\"section-wrapper\" data-id=\"1sYbR8\"><section class=\"wp-block-gutenverse-section guten-element guten-section guten-1sYbR8 layout-boxed align-stretch\"><div class=\"guten-container guten-column-gap-default\">\n<div class=\"wp-block-gutenverse-column guten-element guten-column guten-PdPGSq\"><div class=\"guten-column-wrapper\" data-id=\"PdPGSq\">\n<div class=\"guten-element gutenverse-text-editor guten-kKlB1v\"><div class=\"text-content-inner\">\n<p class=\"has-startupzy-primary-color has-text-color has-link-color has-fira-sans-font-family has-normal-font-size wp-elements-8b2b59796e600e2b5dc4e0e294c42dec\" style=\"margin-top:var(--wp--preset--spacing--30);margin-bottom:0\"><strong>Privacy Policy<\/strong><\/p>\n\n\n\n<p class=\"has-link-color has-fira-sans-font-family has-small-font-size wp-elements-84bc8b0afc377b554ea9646faf313602\" style=\"margin-top:0;margin-bottom:0\">La politique de confidentialit\u00e9 pr\u00e9sente les pratiques du Comit\u00e9 provincial du site Web des AA afin de prot\u00e9ger la confidentialit\u00e9 des renseignements personnels r\u00e9colt\u00e9s par un moyen technologique, notamment un site web, une application ou un objet connect\u00e9. En naviguant sur notre site, vous reconnaissez et acceptez ces conditions d\u2019utilisation.<\/p>\n\n\n\n<p class=\"has-link-color has-fira-sans-font-family has-small-font-size wp-elements-47d17d12835a879ca0eeb5fd7d4e12ca\" style=\"margin-top:var(--wp--preset--spacing--30);margin-bottom:0\">Le Comit\u00e9 provincial du site Web des AA reconna\u00eet l\u2019importance de respecter la vie priv\u00e9e et de prot\u00e9ger les renseignements personnels qu\u2019il d\u00e9tient. Il prend les mesures n\u00e9cessaires pour se conformer \u00e0 toutes les exigences de la Loi 25.<\/p>\n\n\n\n<p class=\"has-link-color has-fira-sans-font-family has-small-font-size wp-elements-605a324486ccae180589fc06e8b1c714\" style=\"margin-top:var(--wp--preset--spacing--30);margin-bottom:0\">Cette politique de confidentialit\u00e9 pr\u00e9sente les pratiques afin de prot\u00e9ger la confidentialit\u00e9 des renseignements personnels r\u00e9colt\u00e9s par un moyen technologique, notamment un site web, une application ou un objet connect\u00e9.<\/p>\n\n\n\n<p class=\"has-link-color has-fira-sans-font-family has-small-font-size wp-elements-d860c9ba00faab58219efbeb93d89541\" style=\"margin-top:var(--wp--preset--spacing--30);margin-bottom:0\">Le Comit\u00e9 provincial du site Web des AA s\u2019engage \u00e0 informer toute personne concern\u00e9e d\u2019un incident de confidentialit\u00e9 impliquant un renseignement personnel qu\u2019il d\u00e9tient et pr\u00e9sentant un risque de pr\u00e9judice s\u00e9rieux.<\/p>\n\n\n\n<p class=\"has-startupzy-primary-color has-text-color has-link-color has-fira-sans-font-family has-normal-font-size wp-elements-8bd936ed9239c9ae1e4a15c0ecc95f07\" style=\"margin-top:var(--wp--preset--spacing--30);margin-right:0;margin-bottom:0;margin-left:0\"><strong>Renseignements personnels<\/strong><\/p>\n\n\n\n<p class=\"has-link-color has-fira-sans-font-family has-small-font-size wp-elements-a8609512185ebb5223394a7fd093dd0f\" style=\"margin-top:0;margin-bottom:0\">Les renseignements personnels sont ceux qui portent sur une personne physique et permettent de l\u2019identifier. Ils sont confidentiels. Sauf exception, ils ne peuvent \u00eatre communiqu\u00e9s sans le consentement de la personne concern\u00e9e.<\/p>\n\n\n\n<p class=\"has-startupzy-primary-color has-text-color has-link-color has-fira-sans-font-family has-normal-font-size wp-elements-bf1642324328507e5a1df7e305b5bbd1\" style=\"margin-top:var(--wp--preset--spacing--30);margin-bottom:0\"><strong>Collecte des renseignements personnels<\/strong><\/p>\n\n\n\n<p class=\"has-link-color has-fira-sans-font-family has-small-font-size wp-elements-6a554c07a5e7185bcee4cdc7ef829471\" style=\"margin-top:0;margin-bottom:0\">Le Comit\u00e9 provincial du site Web des AA ne peut recueillir que les renseignements personnels n\u00e9cessaires \u00e0 l\u2019exercice de ses fonctions.<\/p>\n\n\n\n<p class=\"has-link-color has-fira-sans-font-family has-small-font-size wp-elements-7d42cf7ee3082304989e1019a4764394\" style=\"margin-top:var(--wp--preset--spacing--30);margin-bottom:0\">La collecte de renseignements personnels se fait aupr\u00e8s de la personne concern\u00e9e sur la base d\u2019un consentement r\u00e9el, libre, \u00e9clair\u00e9 et donn\u00e9 \u00e0 des fins sp\u00e9cifiques.<\/p>\n\n\n\n<p class=\"has-link-color has-fira-sans-font-family has-small-font-size wp-elements-e538408532a70dec1a027bd053611e2c\" style=\"margin-top:var(--wp--preset--spacing--30);margin-bottom:0\">Le personnel du Comit\u00e9 provincial du site Web des AA doit utiliser les renseignements personnels uniquement aux fins pour lesquelles ils ont \u00e9t\u00e9 collect\u00e9s et agir avec pr\u00e9caution<\/p>\n\n\n\n<p class=\"has-link-color has-fira-sans-font-family has-small-font-size wp-elements-a1e936832d54e88393f948fee80f45ba\" style=\"margin-top:var(--wp--preset--spacing--30);margin-bottom:0\">Si le Comit\u00e9 provincial du site Web des AA vous demande de fournir un renseignement personnel, vous serez pr\u00e9alablement inform\u00e9 des \u00e9l\u00e9ments suivants :<\/p>\n\n\n\n<p class=\"has-link-color has-fira-sans-font-family has-small-font-size wp-elements-bb78392fc343f5d18198e4beeb76d6ac\" style=\"margin-top:var(--wp--preset--spacing--30);margin-bottom:0\">Si vous choisissez de transmettre volontairement de l\u2019information personnelle ou confidentielle au Comit\u00e9 provincial du site Web des AA, que ce soit par courriel, formulaire \u00e9lectronique non s\u00e9curis\u00e9 ou par tout autre moyen technologique, il utilisera uniquement l\u2019information n\u00e9cessaire pour r\u00e9pondre \u00e0 votre message ou donner suite \u00e0 votre demande.<\/p>\n\n\n\n<p class=\"has-startupzy-primary-color has-text-color has-link-color has-fira-sans-font-family has-normal-font-size wp-elements-c6817302e75b8d7bb471616160baa8de\" style=\"margin-top:var(--wp--preset--spacing--30);margin-bottom:0\"><strong>L\u2019usage auquel ce renseignement est destin\u00e9<\/strong><\/p>\n<\/div><\/div>\n\n\n\n<ul class=\"wp-block-list has-fira-sans-font-family has-small-font-size\">\n<li class=\"has-small-font-size\">les cat\u00e9gories de personnes qui auront acc\u00e8s \u00e0 ce renseignement<\/li>\n\n\n\n<li>le caract\u00e8re obligatoire ou facultatif de la demande<\/li>\n\n\n\n<li>les cons\u00e9quences d\u2019un refus de r\u00e9pondre \u00e0 la demande<\/li>\n\n\n\n<li>les droits d\u2019acc\u00e8s et de rectification des renseignements pr\u00e9vus \u00e0 la Loi<\/li>\n\n\n\n<li>des mesures mises en place pour assurer la confidentialit\u00e9 des renseignements lors de leur transmission<\/li>\n\n\n\n<li>s\u2019il y a lieu, le nom du tiers pour lequel la collecte est faite et le nom du tiers qui fait la collecte<\/li>\n<\/ul>\n\n\n\n<div class=\"guten-element gutenverse-text-editor guten-TQyWW9\"><div class=\"text-content-inner\">\n<p class=\"has-startupzy-primary-color has-text-color has-link-color has-fira-sans-font-family has-normal-font-size wp-elements-9c0cccfe08b36050463734bfd5b8ad79\" style=\"margin-top:var(--wp--preset--spacing--30);margin-bottom:0\"><strong>Non-divulgation \u00e0 des tiers<\/strong><\/p>\n\n\n\n<p class=\"has-link-color has-fira-sans-font-family has-small-font-size wp-elements-1508079fac3a2a7c9a65a83aa988a170\" style=\"margin-top:0;margin-bottom:0\">Le Comit\u00e9 provincial du site Web des AA ne loue, ni ne vend, ni n\u2019\u00e9change des informations personnelles nominatives (par exemple le nom, l\u2019adresse, le num\u00e9ro de t\u00e9l\u00e9phone, l\u2019adresse courriel) ou financi\u00e8res (num\u00e9ros de carte de cr\u00e9dit) qui permettraient de vous identifier.<\/p>\n\n\n\n<p class=\"has-link-color has-fira-sans-font-family has-small-font-size wp-elements-1b5d864587cd046670d951b5ee606d0c\" style=\"margin-top:var(--wp--preset--spacing--30);margin-bottom:0\">Le Comit\u00e9 provincial du site Web des AA s\u2019engage \u00e0 ne pas communiquer ces renseignements personnels \u00e0 moins que cela ne soit demand\u00e9 en vertu d\u2019une obligation juridique ou d\u2019une ordonnance d\u2019un tribunal, ou dans le cadre de l\u2019ex\u00e9cution d\u2019un contrat confi\u00e9 \u00e0 un tiers. Lorsqu\u2019il retient les services d\u2019un fournisseur externe, il emploie tous les moyens appropri\u00e9s pour que vos renseignements personnels soient prot\u00e9g\u00e9s conform\u00e9ment \u00e0 la Loi et collect\u00e9s, utilis\u00e9s, conserv\u00e9s et d\u00e9truits d\u2019une mani\u00e8re respectant cette politique.<\/p>\n\n\n\n<p class=\"has-startupzy-primary-color has-text-color has-link-color has-fira-sans-font-family has-normal-font-size wp-elements-b2e6b229d182ff2671efac7c28b6816c\" style=\"margin-top:var(--wp--preset--spacing--30);margin-bottom:0\"><strong>S\u00e9curit\u00e9 des donn\u00e9es<\/strong><\/p>\n\n\n\n<p class=\"has-link-color has-fira-sans-font-family has-small-font-size wp-elements-af57ba53a59371fe87f93e9203811c05\" style=\"margin-top:0;margin-bottom:0\">Vos donn\u00e9es peuvent \u00eatre stock\u00e9es hors du pays. Dans ce cas, le Comit\u00e9 provincial du site Web des AA mettra tout en \u0153uvre pour garantir un niveau de protection \u00e9quivalent \u00e0 celui offert pour les donn\u00e9es stock\u00e9es sur le territoire canadien et veillera notamment \u00e0 ce que toutes les exigences l\u00e9gales applicables soient respect\u00e9es, y compris celles relatives \u00e0 la protection des donn\u00e9es.<\/p>\n\n\n\n<p class=\"has-link-color has-fira-sans-font-family has-small-font-size wp-elements-0c986df4c58bacf9481a250ea33a8f6a\" style=\"margin-top:var(--wp--preset--spacing--30);margin-bottom:0\">Le Comit\u00e9 provincial du site Web des AA applique des normes \u00e9lev\u00e9es et utilise des syst\u00e8mes de s\u00e9curit\u00e9 performants en mati\u00e8re de conception, de mise en \u0153uvre et de fonctionnement quotidien des Plateformes (sites web et applications mobiles) et de ses serveurs et r\u00e9seaux sous-jacents. Il poursuit aussi ses efforts pour trouver et bloquer les intrusions sur ou vers ses Plateformes. Il a mis en place diff\u00e9rents moyens pour s\u2019assurer que vos renseignements personnels soient prot\u00e9g\u00e9s contre les risques de perte et de vol, de m\u00eame que contre les risques d\u2019acc\u00e8s, de communication, de reproduction, d\u2019utilisation, de modification ou de destruction non autoris\u00e9s. Ces moyens comprennent des mesures de s\u00e9curit\u00e9 physiques, administratives et technologiques qu\u2019il juge raisonnables compte tenu du degr\u00e9 de sensibilit\u00e9, de la quantit\u00e9 et du format des renseignements personnels collect\u00e9s ainsi que des m\u00e9thodes de conservation.<\/p>\n\n\n\n<p class=\"has-link-color has-fira-sans-font-family has-small-font-size wp-elements-2ebb2fec253925a27dfbcefbe7b8ca59\" style=\"margin-top:var(--wp--preset--spacing--30);margin-bottom:0\">Toutefois, aucune mesure de s\u00e9curit\u00e9 n\u2019est absolue ou enti\u00e8rement garantie. Si vous avez des raisons de croire que votre interaction avec le Comit\u00e9 provincial du site Web des AA n\u2019est plus s\u00e9curis\u00e9e (par exemple, si vous pensez que la s\u00e9curit\u00e9 des renseignements que vous avez fournis a \u00e9t\u00e9 compromise), contactez-nous imm\u00e9diatement.<\/p>\n\n\n\n<p class=\"has-startupzy-primary-color has-text-color has-link-color has-fira-sans-font-family has-normal-font-size wp-elements-d4e692bd34a9bf7f8c19fc51a32851a3\" style=\"margin-top:var(--wp--preset--spacing--30);margin-bottom:0\"><strong>Conservation<\/strong><\/p>\n\n\n\n<p class=\"has-link-color has-fira-sans-font-family has-small-font-size wp-elements-896b99625205ea533aaa8aa96923d1d0\" style=\"margin-top:0;margin-bottom:0\">Lorsque sont atteintes les finalit\u00e9s pour lesquelles les renseignements personnels ont \u00e9t\u00e9 collect\u00e9s, ces renseignements sont d\u00e9truits ou anonymis\u00e9s, sous r\u00e9serve des r\u00e8gles de conservation du Comit\u00e9 provincial du site Web des AA et de la Loi 25. Toutefois, le Comit\u00e9 provincial du site Web des AA se r\u00e9serve le droit de d\u00e9tenir, pour une dur\u00e9e raisonnable, certains renseignements personnels pour \u00eatre en r\u00e8gle avec la Loi, pr\u00e9venir la fraude, collecter des frais dus, r\u00e9soudre une r\u00e9clamation ou d\u2019autres probl\u00e8mes s\u2019y rattachant, coop\u00e9rer \u00e0 une enqu\u00eate.<\/p>\n\n\n\n<p class=\"has-startupzy-primary-color has-text-color has-link-color has-fira-sans-font-family has-normal-font-size wp-elements-54429cca8499c7653209f16d82796397\" style=\"margin-top:var(--wp--preset--spacing--30);margin-bottom:0\"><strong>Acc\u00e8s \u00e0 vos renseignements personnels et droit de rectification<\/strong><\/p>\n\n\n\n<p class=\"has-link-color has-fira-sans-font-family has-small-font-size wp-elements-df1c67bed58925929f113fd514f16ca0\" style=\"margin-top:0;margin-bottom:0\">En vertu de la Loi, une personne peut demander d\u2019avoir acc\u00e8s aux renseignements qui la concernent et de les faire rectifier.<\/p>\n\n\n\n<p class=\"has-startupzy-primary-color has-text-color has-link-color has-fira-sans-font-family has-normal-font-size wp-elements-9bb1fc1517ec87f7cce5bc85510e6941\" style=\"margin-top:var(--wp--preset--spacing--30);margin-bottom:0\"><strong>Une personne dispose en plus des droits suivants :<\/strong><\/p>\n<\/div><\/div>\n\n\n\n<ul class=\"wp-block-list has-fira-sans-font-family has-small-font-size\">\n<li style=\"margin-top:0;margin-bottom:0;line-height:1.2\">retirer son consentement \u00e0 la communication ou \u00e0 l\u2019utilisation des renseignements personnels recueillis en tout temps<\/li>\n\n\n\n<li style=\"margin-top:var(--wp--preset--spacing--20);margin-bottom:var(--wp--preset--spacing--20);line-height:1.2\">demander d\u2019effacer, de d\u00e9truire ou de retirer des renseignements personnels dans certaines circonstances. Il existe certaines exceptions aux termes desquelles le Comit\u00e9 provincial du site Web des AA pourrait refuser une demande d\u2019effacement ou de destruction, notamment lorsque les renseignements personnels sont requis \u00e0 des fins de conformit\u00e9 avec la loi ou avec une entente contractuelle entre les parties, ou relativement \u00e0 des r\u00e9clamations<\/li>\n\n\n\n<li style=\"margin-top:var(--wp--preset--spacing--20);margin-bottom:var(--wp--preset--spacing--20);line-height:1.2\">demander de suspendre le traitement de certains renseignements personnels, notamment afin d\u2019\u00e9tablir leur exactitude ou la raison de leur traitement<\/li>\n\n\n\n<li style=\"margin-top:var(--wp--preset--spacing--20);margin-bottom:var(--wp--preset--spacing--20);line-height:1.2\">demander le transfert de certains renseignements personnels \u00e0 une autre partie<\/li>\n<\/ul>\n\n\n\n<div class=\"guten-element gutenverse-text-editor guten-4dox1G\"><div class=\"text-content-inner\">\n<p class=\"has-fira-sans-font-family has-small-font-size\">Les demandes d\u2019acc\u00e8s, de rectification ou toute question relative \u00e0 cette politique doivent \u00eatre adress\u00e9es, par \u00e9crit, par la poste ou par courriel.<\/p>\n\n\n\n<p class=\"has-startupzy-primary-color has-text-color has-link-color has-fira-sans-font-family has-normal-font-size wp-elements-bdcb05029c1a6d8b8889cd7883a74cb4\" style=\"margin-top:var(--wp--preset--spacing--30);margin-bottom:0\"><strong>G\u00e9olocalisation<\/strong><\/p>\n\n\n\n<p class=\"has-fira-sans-font-family has-small-font-size\">En cas d\u2019activation de la fonction de g\u00e9olocalisation sur votre navigateur lors de l\u2019utilisation des Plateformes, le Comit\u00e9 provincial du site Web des AA utilise votre position uniquement dans le but d\u2019am\u00e9liorer l\u2019ergonomie.<\/p>\n\n\n\n<p class=\"has-fira-sans-font-family has-small-font-size\">Il ne garde pas de trace de vos d\u00e9placements lorsque vous utilisez les Plateformes. Vous pouvez \u00e0 tout moment d\u00e9sactiver la g\u00e9olocalisation sur votre appareil en consultant les directives du fabricant. Cela pourrait toutefois vous emp\u00eacher d\u2019avoir acc\u00e8s \u00e0 certaines fonctionnalit\u00e9s.<\/p>\n\n\n\n<p class=\"has-startupzy-primary-color has-text-color has-link-color has-fira-sans-font-family has-normal-font-size wp-elements-7ee02d402c449b33377b716c2bca2924\" style=\"margin-top:var(--wp--preset--spacing--30);margin-bottom:0\"><strong>Fichiers t\u00e9moins (cookies)<\/strong><\/p>\n\n\n\n<p class=\"has-fira-sans-font-family has-small-font-size\">Des fichiers t\u00e9moins sont utilis\u00e9s pour faciliter et optimiser votre navigation sur les Plateformes. Ils sont t\u00e9l\u00e9charg\u00e9s et enregistr\u00e9s dans la m\u00e9moire de l\u2019appareil que vous utilisez pour consulter des pages web. Ceux utilis\u00e9s par le Comit\u00e9 provincial du site Web des AA ne permettent pas de collecter vos renseignements personnels.<\/p>\n\n\n\n<p class=\"has-fira-sans-font-family has-small-font-size\">La plupart des navigateurs utilis\u00e9s pour acc\u00e9der au web acceptent par d\u00e9faut les t\u00e9moins. Vous pouvez \u00e0 tout moment modifier les param\u00e8tres de confidentialit\u00e9 de votre navigateur afin qu\u2019il bloque les t\u00e9moins ou efface ceux qui sont d\u00e9j\u00e0 enregistr\u00e9s. Cette action ne vous emp\u00eachera pas d\u2019acc\u00e9der aux Plateformes, mais pourrait avoir une incidence sur leur performance.<\/p>\n\n\n\n<p class=\"has-startupzy-primary-color has-text-color has-link-color has-fira-sans-font-family has-normal-font-size wp-elements-5e3885f044ca0d691be56bae01c62a68\" style=\"margin-top:var(--wp--preset--spacing--30);margin-bottom:0\"><strong>Statistics<\/strong><\/p>\n\n\n\n<p class=\"has-fira-sans-font-family has-small-font-size\">Sur ses Plateformes, le Comit\u00e9 provincial du site Web des AA a recours \u00e0 des outils d\u2019analyse (Google Analytics). Ces derniers permettent la collecte, l\u2019analyse, la mesure et la pr\u00e9sentation de donn\u00e9es sur les visites effectu\u00e9es, dans le but de comprendre et d\u2019optimiser l\u2019utilisation du web.<\/p>\n\n\n\n<p class=\"has-fira-sans-font-family has-small-font-size\">Le Comit\u00e9 provincial du site Web des AA conserve ce type d\u2019information entre autres pour comptabiliser :<\/p>\n<\/div><\/div>\n\n\n\n<ul class=\"wp-block-list has-fira-sans-font-family has-small-font-size\">\n<li>le nombre de visiteurs<\/li>\n\n\n\n<li>les pages les plus fr\u00e9quent\u00e9es<\/li>\n\n\n\n<li>la technologie utilis\u00e9e par la client\u00e8le de ses Plateformes<\/li>\n\n\n\n<li>les sites r\u00e9f\u00e9rents<\/li>\n\n\n\n<li>le pays d\u2019origine des utilisateurs<\/li>\n<\/ul>\n\n\n\n<div class=\"guten-element gutenverse-text-editor guten-eVmNbi\"><div class=\"text-content-inner\">\n<p class=\"has-fira-sans-font-family has-small-font-size\">Les donn\u00e9es recueillies par Google Analytics sont transmises \u00e0 l\u2019ext\u00e9rieur du Canada vers des serveurs de Google et peuvent \u00eatre trait\u00e9es dans n\u2019importe quel pays o\u00f9 le moteur de recherche est actif. Elles peuvent \u00eatre assujetties \u00e0 la l\u00e9gislation de ce pays. Pour un compl\u00e9ment d\u2019information, consultez les Conditions de service de Google Analytics (anglais uniquement).<\/p>\n\n\n\n<p class=\"has-startupzy-primary-color has-text-color has-link-color has-fira-sans-font-family has-normal-font-size wp-elements-73d04c58fe210fb06bc0e2497e851f99\" style=\"margin-top:var(--wp--preset--spacing--30);margin-bottom:0\"><strong>Liens vers d\u2019autres sites<\/strong><\/p>\n\n\n\n<p class=\"has-fira-sans-font-family has-small-font-size\">Les plateformes contiennent des hyperliens qui donnent rapidement acc\u00e8s \u00e0 des sites web appartenant \u00e0 des tiers et g\u00e9r\u00e9s par ces derniers. Le Comit\u00e9 provincial du site Web des AA met ces hyperliens \u00e0 la disposition des usagers de ses Plateformes \u00e0 des fins de commodit\u00e9 et n\u2019exerce aucune forme de contr\u00f4le sur le contenu de ces sites.<\/p>\n\n\n\n<p class=\"has-fira-sans-font-family has-small-font-size\">Lorsque vous suivez ces hyperliens, vous quittez le site du Comit\u00e9 provincial du site Web des AA et les renseignements \u00e9chang\u00e9s ne sont plus assujettis \u00e0 la politique de confidentialit\u00e9 du Comit\u00e9 provincial du site Web des AA, mais \u00e0 celle du site visit\u00e9. Le Comit\u00e9 provincial du site Web des AA ne fait aucune d\u00e9claration, n\u2019\u00e9met aucune approbation et n\u2019accepte aucune responsabilit\u00e9 \u00e0 l\u2019\u00e9gard du contenu ou de l\u2019utilisation de tels sites. L\u2019information pr\u00e9sent\u00e9e dans ces sites peut ne pas \u00eatre disponible en fran\u00e7ais ou en anglais.<\/p>\n\n\n\n<p class=\"has-startupzy-primary-color has-text-color has-link-color has-fira-sans-font-family has-normal-font-size wp-elements-3f3fe17e202fd6944c8dcf191c6b6096\" style=\"margin-top:var(--wp--preset--spacing--30);margin-bottom:0\"><strong>Outil de r\u00e9troaction<\/strong><\/p>\n\n\n\n<p class=\"has-fira-sans-font-family has-small-font-size\">Le Comit\u00e9 provincial du site Web des AA utilise une application externe pour obtenir vos commentaires sur Montr\u00e9al.ca dans le but d\u2019am\u00e9liorer son contenu et ses fonctionnalit\u00e9s.<\/p>\n\n\n\n<p class=\"has-fira-sans-font-family has-small-font-size\">Cette application collecte uniquement des donn\u00e9es \u00e0 propos de votre appareil : mod\u00e8le, adresse IP, type et version de navigateur et langue utilis\u00e9e.<\/p>\n\n\n\n<p class=\"has-startupzy-primary-color has-text-color has-link-color has-fira-sans-font-family has-normal-font-size wp-elements-255d7dc6d981d176789871999400f30e\" style=\"margin-top:var(--wp--preset--spacing--30);margin-bottom:0\"><strong>Personne mineure<\/strong><\/p>\n\n\n\n<p class=\"has-fira-sans-font-family has-small-font-size\">Aucune d\u00e9marche sur les plateformes ne sollicite sp\u00e9cifiquement des informations aupr\u00e8s de personnes mineures ni ne cherche \u00e0 d\u00e9terminer si le visiteur est mineur. Les informations personnelles soumises sur les Plateformes par des mineurs sont trait\u00e9es de la m\u00eame mani\u00e8re que celles soumises par des adultes.<\/p>\n\n\n\n<p class=\"has-fira-sans-font-family has-small-font-size\">Le Comit\u00e9 provincial du site Web des AA croit fermement que la surveillance parentale est un facteur important dans l\u2019utilisation du web par les mineurs. Par cons\u00e9quent, il demande aux parents de guider leurs enfants lorsque ceux-ci sont invit\u00e9s \u00e0 fournir des informations personnelles en ligne. Il demande en plus aux mineurs d\u2019obtenir l\u2019autorisation de leurs parents avant de fournir des informations en ligne.<\/p>\n\n\n\n<p class=\"has-startupzy-primary-color has-text-color has-link-color has-fira-sans-font-family has-normal-font-size wp-elements-f40723d2f6be64551f1a0019fb41d76e\" style=\"margin-top:var(--wp--preset--spacing--30);margin-bottom:0\"><strong>Navigation sur le web, HTTPS et protocoles de chiffrement<\/strong><\/p>\n\n\n\n<p class=\"has-fira-sans-font-family has-small-font-size\">Lorsque vous naviguez sur le web, le navigateur d\u00e9tecte si la communication est ad\u00e9quatement prot\u00e9g\u00e9e. Le symbole du cadenas dans la page confirme que la session de communication est s\u00e9curitaire. Attention : cela ne s\u2019applique pas \u00e0 l\u2019application mobile.<\/p>\n\n\n\n<p class=\"has-fira-sans-font-family has-small-font-size\">Le Comit\u00e9 provincial du site Web des AA utilise sur ses plateformes les protocoles de chiffrement les plus s\u00e9curitaires du march\u00e9. Toutes les donn\u00e9es confidentielles qui transitent entre votre appareil de communication et les Plateformes sont donc prot\u00e9g\u00e9es par des moyens cryptographiques efficaces, assurant la confidentialit\u00e9 de vos informations.<\/p>\n\n\n\n<p class=\"has-startupzy-primary-color has-text-color has-link-color has-fira-sans-font-family has-normal-font-size wp-elements-ec51952f76c40cfe50778b77c53795a8\" style=\"margin-top:var(--wp--preset--spacing--30);margin-bottom:0\"><strong>Traitement des plaintes relatives \u00e0 la protection des renseignements personnels<\/strong><\/p>\n\n\n\n<p class=\"has-fira-sans-font-family has-small-font-size\">Une personne qui consid\u00e8re que ses renseignements personnels ont \u00e9t\u00e9 trait\u00e9s de fa\u00e7on inappropri\u00e9e, ou qui est d\u2019avis que la Loi n\u2019a pas \u00e9t\u00e9 respect\u00e9e \u00e0 son \u00e9gard, peut d\u00e9poser une plainte.<\/p>\n\n\n\n<p class=\"has-fira-sans-font-family has-small-font-size\">Elle peut porter sur la cueillette, la conservation, l\u2019utilisation, la communication ou la destruction des renseignements personnels.<\/p>\n\n\n\n<p class=\"has-fira-sans-font-family has-small-font-size\">Elle est trait\u00e9e en toute confidentialit\u00e9. Les\u202frenseignements personnels sont prot\u00e9g\u00e9s : ils\u202fsont accessibles uniquement aux personnes autoris\u00e9es \u00e0 les consulter dans l\u2019exercice de leurs fonctions.<\/p>\n\n\n\n<p class=\"has-fira-sans-font-family has-small-font-size\">La plainte doit \u00eatre d\u00e9pos\u00e9e par courriel \u00e0 l&rsquo;Administrateur du Comit\u00e9 provincial du site Web des AA \u00e0 l&rsquo;adresse suivante:<\/p>\n\n\n\n<p class=\"has-fira-sans-font-family has-small-font-size\" style=\"margin-bottom:var(--wp--preset--spacing--60)\"><a href=\"mailto:webadmin@aa-quebec.org\">webadmin@aa-quebec.org<\/a><\/p>\n<\/div><\/div>\n<\/div><\/div>\n<\/div><\/section><\/div>","protected":false},"excerpt":{"rendered":"","protected":false},"author":4,"featured_media":0,"parent":0,"menu_order":0,"comment_status":"closed","ping_status":"open","template":"","meta":{"footnotes":""},"class_list":["post-3","page","type-page","status-publish","hentry"],"_links":{"self":[{"href":"https:\/\/aa-quebec.org\/en\/wp-json\/wp\/v2\/pages\/3","targetHints":{"allow":["GET"]}}],"collection":[{"href":"https:\/\/aa-quebec.org\/en\/wp-json\/wp\/v2\/pages"}],"about":[{"href":"https:\/\/aa-quebec.org\/en\/wp-json\/wp\/v2\/types\/page"}],"author":[{"embeddable":true,"href":"https:\/\/aa-quebec.org\/en\/wp-json\/wp\/v2\/users\/4"}],"replies":[{"embeddable":true,"href":"https:\/\/aa-quebec.org\/en\/wp-json\/wp\/v2\/comments?post=3"}],"version-history":[{"count":13,"href":"https:\/\/aa-quebec.org\/en\/wp-json\/wp\/v2\/pages\/3\/revisions"}],"predecessor-version":[{"id":27271,"href":"https:\/\/aa-quebec.org\/en\/wp-json\/wp\/v2\/pages\/3\/revisions\/27271"}],"wp:attachment":[{"href":"https:\/\/aa-quebec.org\/en\/wp-json\/wp\/v2\/media?parent=3"}],"curies":[{"name":"wp","href":"https:\/\/api.w.org\/{rel}","templated":true}]}}